{"id":5453,"date":"2026-02-02T15:30:16","date_gmt":"2026-02-02T07:30:16","guid":{"rendered":"https:\/\/minghanggroup.com\/?post_type=product&#038;p=5453"},"modified":"2026-02-02T15:30:18","modified_gmt":"2026-02-02T07:30:18","slug":"personalized-wine-bottles-for-packaging-bulk","status":"publish","type":"product","link":"https:\/\/minghanggroup.com\/es\/producto\/personalized-wine-bottles-for-packaging-bulk\/","title":{"rendered":"Botellas de vino personalizadas de 750 ml para embalaje a granel"},"content":{"rendered":"<p>Elaboras vino con alma; ahora dale un recipiente que honra cada gota. Nuestra botella de vino de 750 ml combina la elegancia cl\u00e1sica de una botella de vino de Burdeos con la protecci\u00f3n de un vidrio oliva intenso. Combinada con botellas de vino premium y opciones de corcho, est\u00e1 lista para tu viaje con vinos tintos, claretes o vinos caseros. Sin conjeturas. Solo confianza de la bodega a la estanter\u00eda.<\/p>\n<h2>Caracter\u00edsticas del producto<\/h2>\n<ul>\n<li><strong>Aut\u00e9ntico caldo de Burdeos:<\/strong> \u00bfEsa ligera inclinaci\u00f3n del hombro? Puro cl\u00e1sico. Tiene espacio para una marca de corcho de vino est\u00e1ndar e incluso antes del primer vertido, dice suavemente &#034;hecho con cari\u00f1o&#034;.<\/li>\n<li><strong>Base estable, sin tambaleo:<\/strong> La base pesada mantiene la botella estable sin importar si est\u00e1 en estantes, en cajas o en cajas de regalo.<\/li>\n<li><strong>Libertad de cierre, a tu manera:<\/strong> Una funda de corcho para mayor elegancia o una tapa de aluminio para un toque contempor\u00e1neo.<\/li>\n<\/ul>\n<h2>Especificaciones clave<\/h2>\n<table style=\"border-collapse: collapse; width: 80%; margin-left: auto; margin-right: auto;\" border=\"0\" width=\"144\" cellspacing=\"0\" cellpadding=\"0\">\n<tbody>\n<tr style=\"height: 13.50pt;\">\n<td style=\"height: 13.5pt; width: 54pt; text-align: center;\" width=\"72\" height=\"18\">Caracter\u00edstica<\/td>\n<td style=\"width: 54pt; text-align: center;\" width=\"72\">Detalle<\/td>\n<\/tr>\n<tr style=\"height: 13.50pt;\">\n<td style=\"height: 13.5pt; text-align: center;\" height=\"18\">Capacidad (ml)<\/td>\n<td style=\"text-align: center;\" align=\"right\">750<\/td>\n<\/tr>\n<tr style=\"height: 13.50pt;\">\n<td style=\"height: 13.5pt; text-align: center;\" height=\"18\">Dimensiones (ml)<\/td>\n<td style=\"text-align: center;\">8,5 \u00d7 31,0<\/td>\n<\/tr>\n<tr style=\"height: 13.50pt;\">\n<td style=\"height: 13.5pt; text-align: center;\" height=\"18\">Abertura del cuello (cm)<\/td>\n<td style=\"text-align: center;\" align=\"right\">1.8<\/td>\n<\/tr>\n<tr style=\"height: 13.50pt;\">\n<td style=\"height: 13.5pt; text-align: center;\" height=\"18\">Color<\/td>\n<td style=\"text-align: center;\">\u00c1mbar profundo<\/td>\n<\/tr>\n<tr style=\"height: 13.50pt;\">\n<td style=\"height: 13.5pt; text-align: center;\" height=\"18\">Mejor para<\/td>\n<td style=\"text-align: center;\">Vinos Tintos, Claretes, Lotes Caseros, Botellas de Licor<\/td>\n<\/tr>\n<\/tbody>\n<\/table>\n<h2>Caso de \u00e9xito<\/h2>\n<p>Una bodega boutique europea decidi\u00f3 que nuestras botellas de vino personalizadas de 750 ml ser\u00edan la principal soluci\u00f3n de envasado para su nueva l\u00ednea de productos. Dado que era fundamental el posicionamiento de su marca, el cliente y nosotros personalizamos botellas de vidrio oscuro, resistente a los rayos UV, con el logotipo exclusivo de la bodega y el c\u00f3digo de la cosecha impresos en la base. Las botellas se complementaron con tapones de corcho natural personalizados y tapas plateadas mate, creando una est\u00e9tica unificada y coleccionable.<\/p>\n<p>En tan solo tres meses desde el lanzamiento del nuevo producto, las ventas de la serie aumentaron aproximadamente un 32 % en los canales existentes. Gracias a la excelente respuesta del mercado, el cliente realiz\u00f3 un segundo pedido cuatro meses despu\u00e9s de la entrega inicial, con un volumen de recompra un 45 % superior al del primer pedido.<\/p>\n<h2>Tus consejos de personalizaci\u00f3n<\/h2>\n<ol>\n<li><strong>Detalles del dise\u00f1o de la botella:<\/strong> Permite que logotipos de bodegas, a\u00f1adas o elementos regionales sean literalmente vidrio, decorados mediante relieve, grabado o acabado esmerilado en el cuerpo de la botella.<\/li>\n<li><strong>Opciones del sistema de cierre:<\/strong> Ofrece la posibilidad de sustituir corchos naturales, tapones sint\u00e9ticos o tapones de rosca seg\u00fan el posicionamiento del mercado, junto con la personalizaci\u00f3n de colores de tapones, materiales y texturas superficiales.<\/li>\n<li><strong>Personalizaci\u00f3n completa del embalaje:<\/strong> Sugiere tama\u00f1os de etiquetas y proporciona soluciones para embalajes exteriores que armonizan con el estilo de la botella, garantizando as\u00ed la coherencia visual desde la botella hasta la caja de regalo.<\/li>\n<\/ol>","protected":false},"excerpt":{"rendered":"<p>Estas botellas de vino personalizadas son ideales para pedidos al por mayor de bodegas. Las botellas de 750 ml se suministran directamente de f\u00e1brica, lo que facilita la personalizaci\u00f3n al por mayor.<\/p>","protected":false},"featured_media":5461,"template":"","meta":{"postBodyCss":"","postBodyMargin":[],"postBodyPadding":[],"postBodyBackground":{"backgroundType":"classic","gradient":""}},"product_brand":[],"product_cat":[15,16,84],"product_tag":[],"class_list":{"0":"post-5453","1":"product","2":"type-product","3":"status-publish","4":"has-post-thumbnail","6":"product_cat-glass-containers","7":"product_cat-glass-bottles","8":"product_cat-wine-bottles","10":"first","11":"instock","12":"shipping-taxable","13":"product-type-simple"},"jetpack_sharing_enabled":true,"_links":{"self":[{"href":"https:\/\/minghanggroup.com\/es\/wp-json\/wp\/v2\/product\/5453","targetHints":{"allow":["GET"]}}],"collection":[{"href":"https:\/\/minghanggroup.com\/es\/wp-json\/wp\/v2\/product"}],"about":[{"href":"https:\/\/minghanggroup.com\/es\/wp-json\/wp\/v2\/types\/product"}],"wp:featuredmedia":[{"embeddable":true,"href":"https:\/\/minghanggroup.com\/es\/wp-json\/wp\/v2\/media\/5461"}],"wp:attachment":[{"href":"https:\/\/minghanggroup.com\/es\/wp-json\/wp\/v2\/media?parent=5453"}],"wp:term":[{"taxonomy":"product_brand","embeddable":true,"href":"https:\/\/minghanggroup.com\/es\/wp-json\/wp\/v2\/product_brand?post=5453"},{"taxonomy":"product_cat","embeddable":true,"href":"https:\/\/minghanggroup.com\/es\/wp-json\/wp\/v2\/product_cat?post=5453"},{"taxonomy":"product_tag","embeddable":true,"href":"https:\/\/minghanggroup.com\/es\/wp-json\/wp\/v2\/product_tag?post=5453"}],"curies":[{"name":"wp","href":"https:\/\/api.w.org\/{rel}","templated":true}]}}