{"id":5452,"date":"2026-02-02T13:41:49","date_gmt":"2026-02-02T05:41:49","guid":{"rendered":"https:\/\/minghanggroup.com\/?post_type=product&#038;p=5452"},"modified":"2026-03-02T13:52:10","modified_gmt":"2026-03-02T05:52:10","slug":"cactus-shaped-glass-juice-bottles-with-lids-wholesale","status":"publish","type":"product","link":"https:\/\/minghanggroup.com\/es\/producto\/cactus-shaped-glass-juice-bottles-with-lids-wholesale\/","title":{"rendered":"Botellas de jugo de vidrio con forma de cactus de 450 ml con tapa al por mayor"},"content":{"rendered":"<p>Estas lindas botellas de jugo de vidrio con forma de cactus tienen un cuerpo transparente con nervaduras verticales y una textura de puntos finos y los lados tienen protuberancias en forma de paleta que ofrecen un agarre equilibrado.<\/p>\n<h2>Caracter\u00edsticas del producto<\/h2>\n<ul>\n<li><strong>Dise\u00f1o inspirado en cactus:<\/strong> El asa en forma de palma y la textura punteada de la botella imitan debidamente la forma de un cactus, lo que los hace muy reconocibles y agrega un aspecto divertido al consumo.<\/li>\n<li><strong>Dise\u00f1o a prueba de fugas:<\/strong> La tapa de metal roscada le da al producto un sellado herm\u00e9tico y el dise\u00f1o del orificio para la pajita no gotea, pero a\u00fan as\u00ed permite insertar la pajita f\u00e1cilmente.<\/li>\n<li><strong>Dise\u00f1o multiusos y pr\u00e1ctico:<\/strong> Estas botellas tambi\u00e9n pueden funcionar como botellas decorativas de mesa, que se pueden usar en picnics, fiestas, uso dom\u00e9stico, etc.<\/li>\n<\/ul>\n<h2 style=\"text-align: left;\">Especificaciones clave<\/h2>\n<table class=\"aligncenter\" style=\"border-collapse: collapse; width: 430.52pt;\" border=\"0\" width=\"574\" cellspacing=\"0\" cellpadding=\"0\">\n<tbody>\n<tr style=\"height: 13.50pt;\">\n<td style=\"height: 13.50pt; width: 131.25pt;\" width=\"175\" height=\"18\">Especificaci\u00f3n<\/td>\n<td style=\"width: 299.25pt;\" width=\"399\">Detalles<\/td>\n<\/tr>\n<tr style=\"height: 13.50pt;\">\n<td style=\"height: 13.50pt;\" height=\"18\">Capacidad<\/td>\n<td>450 ml<\/td>\n<\/tr>\n<tr style=\"height: 13.50pt;\">\n<td style=\"height: 13.50pt;\" height=\"18\">Dimensiones del embalaje<\/td>\n<td>100\u00d7100\u00d7150 mm<\/td>\n<\/tr>\n<tr style=\"height: 13.50pt;\">\n<td style=\"height: 13.50pt;\" height=\"18\">Material<\/td>\n<td>Vidrio transparente<\/td>\n<\/tr>\n<tr style=\"height: 13.50pt;\">\n<td style=\"height: 13.50pt;\" height=\"18\">Forma de la botella<\/td>\n<td>Inspirado en cactus<\/td>\n<\/tr>\n<tr style=\"height: 13.50pt;\">\n<td style=\"height: 13.50pt;\" height=\"18\">Alcance de personalizaci\u00f3n<\/td>\n<td>Color, textura, patr\u00f3n, forma, tapas, paja<\/td>\n<\/tr>\n<tr style=\"height: 13.50pt;\">\n<td style=\"height: 13.50pt;\" height=\"18\">Prop\u00f3sito del producto<\/td>\n<td>Botellas de vidrio para jugo con tapa, botellas de vidrio para refrescos<\/td>\n<\/tr>\n<tr style=\"height: 13.50pt;\">\n<td style=\"height: 13.50pt;\" height=\"18\">Industrias adecuadas<\/td>\n<td>Marcas de jugos, caf\u00e9s, marcas de bebidas<\/td>\n<\/tr>\n<\/tbody>\n<\/table>\n<h2>Caso de \u00e9xito: Promoci\u00f3n de verano de una cadena de jugos en la Costa Oeste<\/h2>\n<p>Una de las cadenas de jugos de la costa oeste decidi\u00f3 usar nuestras botellas de vidrio con tapa en forma de cactus y dise\u00f1\u00f3 un cuerpo verde claro, con el logotipo de la marca impreso uniformemente en los brazos del cactus. Este dise\u00f1o distintivo fue todo un \u00e9xito; los clientes pueden llevarla f\u00e1cilmente gracias a su asa incorporada y las quejas por derrames se redujeron en un 90%. El dise\u00f1o fue tan inusual que gener\u00f3 un gran revuelo en redes sociales, con m\u00e1s de 10,000 mensajes publicados al respecto. El \u00e9xito masivo de esta cadena le permiti\u00f3 obtener otro pedido de 500,000 botellas para su men\u00fa permanente y nuevas promociones de temporada.<\/p>\n<h2>Personalizaci\u00f3n de botellas de jugo de vidrio<\/h2>\n<ul>\n<li>Colores y tonalidades del vidrio: Viene en transparente, verde u otros colores dependiendo de la tem\u00e1tica de las bebidas.<\/li>\n<li>Texturas y patrones individuales: modifique la textura o inserte patrones alternativos, por ejemplo, flores o patrones geom\u00e9tricos.<\/li>\n<li>Variaciones en la forma del mango: Cambiar la forma del mango de la pala de cactus para que sea m\u00e1s redondeado, m\u00e1s largo o de cualquier otra forma.<\/li>\n<li>Opciones de color de tapa y pajita: Las tapas y pajitas est\u00e1n disponibles en muchos colores (por ejemplo, rosa, amarillo, plateado).<\/li>\n<\/ul>","protected":false},"excerpt":{"rendered":"<p>Botellas de vidrio transparente para jugo con divertidas asas de cactus y tapas met\u00e1licas de rosca. Las botellas de vidrio con tapa se pueden personalizar mediante OEM seg\u00fan la marca o la capacidad.<\/p>","protected":false},"featured_media":5457,"template":"","meta":{"postBodyCss":"","postBodyMargin":[],"postBodyPadding":[],"postBodyBackground":{"backgroundType":"classic","gradient":""}},"product_brand":[],"product_cat":[15,83,16],"product_tag":[95],"class_list":{"0":"post-5452","1":"product","2":"type-product","3":"status-publish","4":"has-post-thumbnail","6":"product_cat-glass-containers","7":"product_cat-glass-beverage-bottles","8":"product_cat-glass-bottles","9":"product_tag-coffee-tumblers","11":"first","12":"instock","13":"shipping-taxable","14":"product-type-simple"},"jetpack_sharing_enabled":true,"_links":{"self":[{"href":"https:\/\/minghanggroup.com\/es\/wp-json\/wp\/v2\/product\/5452","targetHints":{"allow":["GET"]}}],"collection":[{"href":"https:\/\/minghanggroup.com\/es\/wp-json\/wp\/v2\/product"}],"about":[{"href":"https:\/\/minghanggroup.com\/es\/wp-json\/wp\/v2\/types\/product"}],"wp:featuredmedia":[{"embeddable":true,"href":"https:\/\/minghanggroup.com\/es\/wp-json\/wp\/v2\/media\/5457"}],"wp:attachment":[{"href":"https:\/\/minghanggroup.com\/es\/wp-json\/wp\/v2\/media?parent=5452"}],"wp:term":[{"taxonomy":"product_brand","embeddable":true,"href":"https:\/\/minghanggroup.com\/es\/wp-json\/wp\/v2\/product_brand?post=5452"},{"taxonomy":"product_cat","embeddable":true,"href":"https:\/\/minghanggroup.com\/es\/wp-json\/wp\/v2\/product_cat?post=5452"},{"taxonomy":"product_tag","embeddable":true,"href":"https:\/\/minghanggroup.com\/es\/wp-json\/wp\/v2\/product_tag?post=5452"}],"curies":[{"name":"wp","href":"https:\/\/api.w.org\/{rel}","templated":true}]}}