{"id":5447,"date":"2026-02-02T16:48:08","date_gmt":"2026-02-02T08:48:08","guid":{"rendered":"https:\/\/minghanggroup.com\/?post_type=product&#038;p=5447"},"modified":"2026-02-02T17:00:51","modified_gmt":"2026-02-02T09:00:51","slug":"dark-glass-wine-bottles-and-corks-wholesale","status":"publish","type":"product","link":"https:\/\/minghanggroup.com\/es\/producto\/dark-glass-wine-bottles-and-corks-wholesale\/","title":{"rendered":"Botellas de vino de vidrio oscuro de 750 ml y corchos al por mayor"},"content":{"rendered":"<p>Elaboras vino con alma; ahora dale un recipiente que honra cada gota. Nuestra botella de vino de 750 ml combina la elegancia cl\u00e1sica de una botella de vino de Burdeos con la protecci\u00f3n de un vidrio oliva intenso. Combinada con botellas de vino premium y opciones de corcho, est\u00e1 lista para tu viaje con vinos tintos, claretes o vinos caseros. Sin conjeturas. Solo confianza de la bodega a la estanter\u00eda.<\/p>\n<h2>Caracter\u00edsticas del producto<\/h2>\n<ul>\n<li><strong>Aut\u00e9ntico patrimonio de Burdeos:<\/strong> \u00bfEsas suaves curvas en los hombros de la botella? Son un sello distintivo de la artesan\u00eda tradicional. La botella est\u00e1 hecha a la perfecci\u00f3n para los corchos de vino t\u00edpicos, lo que transmite un toque de &#034;vino cuidadosamente elaborado&#034; incluso antes de la primera copa.<\/li>\n<li><strong>Botella de vidrio marr\u00f3n oscuro:<\/strong> Adem\u00e1s de que el vidrio marr\u00f3n oscuro bloquea eficazmente los rayos UV, lo hace mucho mejor que el vidrio transparente en el caso de los vinos de Borgo\u00f1a o de los ricos vinos de Burdeos, ya que los taninos est\u00e1n ligeramente expuestos al ox\u00edgeno durante el envejecimiento o el transporte y, por lo tanto, necesitan m\u00e1s protecci\u00f3n.<\/li>\n<li><strong>Base estable, sin tambaleo:<\/strong> La base reforzada est\u00e1 dise\u00f1ada para que la botella se mantenga en pie sin problemas en diversas superficies, como estantes, cajas de vino o cajas de regalo. La estabilidad de su botella de vino de 750 ml est\u00e1 garantizada y se mantendr\u00e1 en posici\u00f3n vertical donde m\u00e1s se necesite.<\/li>\n<\/ul>\n<h2>Especificaciones clave<\/h2>\n<table style=\"border-collapse: collapse; width: 80%; margin-left: auto; margin-right: auto;\" border=\"0\" width=\"144\" cellspacing=\"0\" cellpadding=\"0\">\n<tbody>\n<tr style=\"height: 13.50pt;\">\n<td style=\"height: 13.5pt; width: 54pt; text-align: center;\" width=\"72\" height=\"18\">Caracter\u00edstica<\/td>\n<td style=\"width: 54pt; text-align: center;\" width=\"72\">Detalle<\/td>\n<\/tr>\n<tr style=\"height: 13.50pt;\">\n<td style=\"height: 13.5pt; text-align: center;\" height=\"18\">Capacidad (ml)<\/td>\n<td style=\"text-align: center;\" align=\"right\">750<\/td>\n<\/tr>\n<tr style=\"height: 13.50pt;\">\n<td style=\"height: 13.5pt; text-align: center;\" height=\"18\">Dimensiones (cm)<\/td>\n<td style=\"text-align: center;\">8,5 \u00d7 31<\/td>\n<\/tr>\n<tr style=\"height: 13.50pt;\">\n<td style=\"height: 13.5pt; text-align: center;\" height=\"18\">Abertura del cuello (cm)<\/td>\n<td style=\"text-align: center;\" align=\"right\">1.8<\/td>\n<\/tr>\n<tr style=\"height: 13.50pt;\">\n<td style=\"height: 13.5pt; text-align: center;\" height=\"18\">Color<\/td>\n<td style=\"text-align: center;\">B profundo<span class=\"HwtZe\" lang=\"en\"><span class=\"jCAhz ChMk0b\"><span class=\"ryNqvb\">venimos<\/span><\/span><\/span><\/td>\n<\/tr>\n<tr style=\"height: 13.50pt;\">\n<td style=\"height: 13.5pt; text-align: center;\" height=\"18\">Opciones de cierre<\/td>\n<td style=\"text-align: center;\">Corchos de vino naturales, tap\u00f3n de rosca de aluminio, tapa de madera<\/td>\n<\/tr>\n<tr style=\"height: 13.50pt;\">\n<td style=\"height: 13.5pt; text-align: center;\" height=\"18\">Mejor para<\/td>\n<td style=\"text-align: center;\">Vinos Tintos, Claretes, Lotes Caseros, Botellas de Licor<\/td>\n<\/tr>\n<\/tbody>\n<\/table>\n<h2>Caso de \u00e9xito<\/h2>\n<p>Una peque\u00f1a bodega del sur de Europa seleccion\u00f3 nuestras botellas de vino de vidrio oscuro de 750 ml como envase principal para su nueva l\u00ednea de vinos tintos de gama media. Optaron por una diferenciaci\u00f3n \u00fanica con un dise\u00f1o en relieve y detalles dorados en las botellas, en comparaci\u00f3n con las botellas comunes, para resaltar la alt\u00edsima calidad del producto. El cuello de la botella se adaptaba perfectamente al tap\u00f3n de corcho natural, lo que permit\u00eda un sellado herm\u00e9tico y un almacenamiento seguro a largo plazo.<\/p>\n<p>Tan solo tres meses despu\u00e9s del lanzamiento, las ventas de este vino, a trav\u00e9s de puntos de venta locales, hab\u00edan aumentado alrededor de un 32% a\u00f1o tras a\u00f1o, y los clientes incluso hab\u00edan logrado realizar dos compras repetidas dentro de los seis meses posteriores a su primera compra.<\/p>\n<h2>Consejos de personalizaci\u00f3n para Yours<\/h2>\n<ol>\n<li><strong>Opciones de tapas de botellas:<\/strong> La abertura de la botella y el tap\u00f3n de corcho se pueden hacer a juego y, por lo tanto, cerrar herm\u00e9ticamente con corcho natural o compuesto para reducir las fugas y lograr una mejor estabilidad de almacenamiento a largo plazo.<\/li>\n<li><strong>Decoraci\u00f3n en relieve:<\/strong> Permite realizar grabados personalizados en relieve o bajorrelieve en una zona espec\u00edfica del cuerpo de la botella, como por ejemplo el logotipo de la bodega, s\u00edmbolos del a\u00f1o de cosecha o l\u00edneas decorativas. Esta impresi\u00f3n de marca es tan llamativa que ni siquiera es necesario usar una etiqueta adicional, lo que resulta perfecto para productos de alta gama o de edici\u00f3n limitada.<\/li>\n<li><strong>Tratamiento de superficie:<\/strong> Hay una selecci\u00f3n de acabados de alto brillo, mate o ligeramente esmerilado, lo que brinda al usuario variaciones estil\u00edsticas sin cambiar el molde de la botella, por lo que los clientes pueden reconocer f\u00e1cilmente diferentes l\u00edneas de productos.<\/li>\n<\/ol>","protected":false},"excerpt":{"rendered":"<p>Botellas y corchos de vino premium, incluyendo la cl\u00e1sica botella de 750 ml. Suministro directo de f\u00e1brica, calidad estable, personalizaci\u00f3n a granel y entrega r\u00e1pida.<\/p>","protected":false},"featured_media":5451,"template":"","meta":{"postBodyCss":"","postBodyMargin":[],"postBodyPadding":[],"postBodyBackground":{"backgroundType":"classic","gradient":""}},"product_brand":[],"product_cat":[15,16,84],"product_tag":[],"class_list":{"0":"post-5447","1":"product","2":"type-product","3":"status-publish","4":"has-post-thumbnail","6":"product_cat-glass-containers","7":"product_cat-glass-bottles","8":"product_cat-wine-bottles","10":"first","11":"instock","12":"shipping-taxable","13":"product-type-simple"},"jetpack_sharing_enabled":true,"_links":{"self":[{"href":"https:\/\/minghanggroup.com\/es\/wp-json\/wp\/v2\/product\/5447","targetHints":{"allow":["GET"]}}],"collection":[{"href":"https:\/\/minghanggroup.com\/es\/wp-json\/wp\/v2\/product"}],"about":[{"href":"https:\/\/minghanggroup.com\/es\/wp-json\/wp\/v2\/types\/product"}],"wp:featuredmedia":[{"embeddable":true,"href":"https:\/\/minghanggroup.com\/es\/wp-json\/wp\/v2\/media\/5451"}],"wp:attachment":[{"href":"https:\/\/minghanggroup.com\/es\/wp-json\/wp\/v2\/media?parent=5447"}],"wp:term":[{"taxonomy":"product_brand","embeddable":true,"href":"https:\/\/minghanggroup.com\/es\/wp-json\/wp\/v2\/product_brand?post=5447"},{"taxonomy":"product_cat","embeddable":true,"href":"https:\/\/minghanggroup.com\/es\/wp-json\/wp\/v2\/product_cat?post=5447"},{"taxonomy":"product_tag","embeddable":true,"href":"https:\/\/minghanggroup.com\/es\/wp-json\/wp\/v2\/product_tag?post=5447"}],"curies":[{"name":"wp","href":"https:\/\/api.w.org\/{rel}","templated":true}]}}