{"id":5437,"date":"2026-02-02T11:03:54","date_gmt":"2026-02-02T03:03:54","guid":{"rendered":"https:\/\/minghanggroup.com\/?post_type=product&#038;p=5437"},"modified":"2026-04-27T14:51:36","modified_gmt":"2026-04-27T06:51:36","slug":"amber-glass-empty-wine-bottles-for-packaging-bulk","status":"publish","type":"product","link":"https:\/\/minghanggroup.com\/es\/producto\/amber-glass-empty-wine-bottles-for-packaging-bulk\/","title":{"rendered":"Botellas de vino vac\u00edas de vidrio \u00e1mbar de 750 ml para envasado a granel"},"content":{"rendered":"<p>Las botellas de vino vac\u00edas exhiben su dise\u00f1o tradicional de Burdeos, fabricadas con vidrio verde oliva oscuro para proteger el vino de la radiaci\u00f3n ultravioleta. El sistema de almacenamiento de vino funciona eficazmente gracias a su dise\u00f1o, que combina un cuerpo delgado y recto con un cuello estrecho y una base c\u00f3ncava profunda.<\/p>\n<h2>Caracter\u00edsticas del producto<\/h2>\n<ul>\n<li><strong>Dise\u00f1o tradicional de Burdeos:<\/strong> La caracter\u00edstica forma de la botella de Burdeos, con sus hombros altos, es reconocible al instante y sin\u00f3nimo de calidad y tradici\u00f3n.<\/li>\n<li><strong>Protecci\u00f3n UV natural:<\/strong> El vidrio verde oscuro protege el vino de los da\u00f1os causados \u200b\u200bpor la luz y conserva sus sutiles sabores.<\/li>\n<li><strong>Resistencia estructural:<\/strong> Sus gruesas paredes, hombros altos y base c\u00f3ncava profunda aumentan considerablemente su resistencia, ofreciendo una protecci\u00f3n eficaz para el transporte del vino y su almacenamiento en la bodega.<\/li>\n<\/ul>\n<h2>Especificaciones clave<\/h2>\n<table style=\"border-collapse: collapse; width: 80%; margin-left: auto; margin-right: auto;\" border=\"0\" width=\"144\" cellspacing=\"0\" cellpadding=\"0\">\n<tbody>\n<tr style=\"height: 13.50pt;\">\n<td style=\"height: 13.5pt; width: 54pt; text-align: center;\" width=\"72\" height=\"18\">Caracter\u00edstica<\/td>\n<td style=\"width: 54pt; text-align: center;\" width=\"72\">Detalle<\/td>\n<\/tr>\n<tr style=\"height: 13.50pt;\">\n<td style=\"height: 13.5pt; text-align: center;\" height=\"18\">Capacidad (ml)<\/td>\n<td style=\"text-align: center;\" align=\"right\">750<\/td>\n<\/tr>\n<tr style=\"height: 13.50pt;\">\n<td style=\"height: 13.5pt; text-align: center;\" height=\"18\">Dimensiones (cm)<\/td>\n<td style=\"text-align: center;\">7,9 \u00d7 29,8<\/td>\n<\/tr>\n<tr style=\"height: 13.50pt;\">\n<td style=\"height: 13.5pt; text-align: center;\" height=\"18\">Abertura del cuello (cm)<\/td>\n<td style=\"text-align: center;\">1.8<\/td>\n<\/tr>\n<tr style=\"height: 13.50pt;\">\n<td style=\"height: 13.5pt; text-align: center;\" height=\"18\">Bandera<\/td>\n<td style=\"text-align: center;\">\u00c1mbar, Verde Burdeos, Claro Pedernal, Verde Champ\u00e1n<\/td>\n<\/tr>\n<tr style=\"height: 13.50pt;\">\n<td style=\"height: 13.5pt; text-align: center;\" height=\"18\">Cierres<\/td>\n<td style=\"text-align: center;\">Corcho natural, tap\u00f3n de rosca de aluminio<\/td>\n<\/tr>\n<tr style=\"height: 13.50pt;\">\n<td style=\"height: 13.5pt; text-align: center;\" height=\"18\">Mejor para<\/td>\n<td style=\"text-align: center;\">Vinos tintos, claretes, lotes caseros, sets de regalo<\/td>\n<\/tr>\n<\/tbody>\n<\/table>\n<h2>Caso de \u00e9xito: Pedidos personalizados de una bodega boutique de California.<\/h2>\n<p>Un joven productor californiano de Pinot Noir eligi\u00f3 Bottle for Wine para crear botellas con una base m\u00e1s profunda y un hombro serigrafiado. Estas botellas personalizadas se convirtieron en parte de su identidad de marca; el vidrio oscuro ayud\u00f3 a evitar da\u00f1os por la luz (en un 15%) y la forma tradicional de la botella hizo que su vino pareciera m\u00e1s valioso, aumentando as\u00ed su precio promedio en un 20%. Tras el gran \u00e9xito obtenido con el Pinot Noir, realizaron otro pedido de 300.000 botellas para sus nuevos vinos de a\u00f1ada.<\/p>\n<h2>Sugerencias para botellas de vino vac\u00edas personalizadas<\/h2>\n<ul>\n<li>Grabado personalizado: Ofrecemos la opci\u00f3n de grabar en relieve el hombro o la base del vaso, con un logotipo, un dise\u00f1o vintage o decorativo para crear una marca t\u00e1ctil de lujo.<\/li>\n<li>Profundidad y dise\u00f1o del fondo: Ofrezca diferentes tama\u00f1os de fondo (est\u00e1ndar, m\u00e1s profundo) u otras formas de fondo (estrella, her\u00e1ldica) como elemento de marca.<\/li>\n<li>Tratamiento personalizado del cuello: Ofrecemos tratamientos para el cuello distintos a los tratamientos est\u00e1ndar para corchos, como roscas para tapones de rosca o tama\u00f1os espec\u00edficos para corchos en forma de T.<\/li>\n<\/ul>","protected":false},"excerpt":{"rendered":"<p>Botellas de vino vac\u00edas de alta calidad con silueta cl\u00e1sica y base gruesa. Suministro directo de f\u00e1brica, muestras gratuitas, botella confiable para marcas de vino.<\/p>","protected":false},"featured_media":5441,"template":"","meta":{"postBodyCss":"","postBodyMargin":[],"postBodyPadding":[],"postBodyBackground":{"backgroundType":"classic","gradient":""}},"product_brand":[],"product_cat":[15,16,84],"product_tag":[],"class_list":{"0":"post-5437","1":"product","2":"type-product","3":"status-publish","4":"has-post-thumbnail","6":"product_cat-glass-containers","7":"product_cat-glass-bottles","8":"product_cat-wine-bottles","10":"first","11":"instock","12":"shipping-taxable","13":"product-type-simple"},"jetpack_sharing_enabled":true,"_links":{"self":[{"href":"https:\/\/minghanggroup.com\/es\/wp-json\/wp\/v2\/product\/5437","targetHints":{"allow":["GET"]}}],"collection":[{"href":"https:\/\/minghanggroup.com\/es\/wp-json\/wp\/v2\/product"}],"about":[{"href":"https:\/\/minghanggroup.com\/es\/wp-json\/wp\/v2\/types\/product"}],"wp:featuredmedia":[{"embeddable":true,"href":"https:\/\/minghanggroup.com\/es\/wp-json\/wp\/v2\/media\/5441"}],"wp:attachment":[{"href":"https:\/\/minghanggroup.com\/es\/wp-json\/wp\/v2\/media?parent=5437"}],"wp:term":[{"taxonomy":"product_brand","embeddable":true,"href":"https:\/\/minghanggroup.com\/es\/wp-json\/wp\/v2\/product_brand?post=5437"},{"taxonomy":"product_cat","embeddable":true,"href":"https:\/\/minghanggroup.com\/es\/wp-json\/wp\/v2\/product_cat?post=5437"},{"taxonomy":"product_tag","embeddable":true,"href":"https:\/\/minghanggroup.com\/es\/wp-json\/wp\/v2\/product_tag?post=5437"}],"curies":[{"name":"wp","href":"https:\/\/api.w.org\/{rel}","templated":true}]}}