{"id":5422,"date":"2026-01-29T14:56:19","date_gmt":"2026-01-29T06:56:19","guid":{"rendered":"https:\/\/minghanggroup.com\/?post_type=product&#038;p=5422"},"modified":"2026-01-29T15:13:08","modified_gmt":"2026-01-29T07:13:08","slug":"small-star-shaped-luxury-candle-vessels-wholesale","status":"publish","type":"product","link":"https:\/\/minghanggroup.com\/es\/producto\/small-star-shaped-luxury-candle-vessels-wholesale\/","title":{"rendered":"Velas de lujo peque\u00f1as en forma de estrella de 80 ml al por mayor"},"content":{"rendered":"<p>Estos lujosos portavelas tambi\u00e9n tienen la forma tridimensional de una estrella de cinco puntas, con bordes angulares y una forma extremadamente clara. Toda la superficie presenta una fina textura vertical que brilla con la luz.<\/p>\n<h2>Caracter\u00edsticas del producto<\/h2>\n<ul>\n<li><strong>Dise\u00f1o de estrella tridimensional de cinco puntas:<\/strong> La forma de estrella bien delineada es muy memorable y se utiliza como acento decorativo en un evento festivo o tem\u00e1tico.<\/li>\n<li><strong>Textura vertical delicada:<\/strong> La hermosa textura de la superficie resalta los magn\u00edficos efectos de luz y sombra y un brillo brillante en la superficie que le da un aspecto lujoso.<\/li>\n<li><strong>Impacto decorativo multifuncional:<\/strong> La forma especial de estrella se puede utilizar en cualquier decoraci\u00f3n: festiva, jocosa y de lujo discreto.<\/li>\n<\/ul>\n<h2 style=\"text-align: left;\">Especificaciones clave<\/h2>\n<table class=\"aligncenter\" style=\"border-collapse: collapse; width: 432.77pt;\" border=\"0\" width=\"577\" cellspacing=\"0\" cellpadding=\"0\">\n<tbody>\n<tr style=\"height: 13.50pt;\">\n<td style=\"height: 13.50pt; width: 120.75pt;\" width=\"161\" height=\"18\">Especificaci\u00f3n<\/td>\n<td style=\"width: 312.00pt;\" width=\"416\">Detalles<\/td>\n<\/tr>\n<tr style=\"height: 13.50pt;\">\n<td style=\"height: 13.50pt;\" height=\"18\">Capacidad<\/td>\n<td>80 ml<\/td>\n<\/tr>\n<tr style=\"height: 13.50pt;\">\n<td style=\"height: 13.50pt;\" height=\"18\">Dimensiones<\/td>\n<td>85\u00d780\u00d740 mm<\/td>\n<\/tr>\n<tr style=\"height: 13.50pt;\">\n<td style=\"height: 13.50pt;\" height=\"18\">Material<\/td>\n<td>Vidrio transparente<\/td>\n<\/tr>\n<tr style=\"height: 13.50pt;\">\n<td style=\"height: 13.50pt;\" height=\"18\">Forma de tarro<\/td>\n<td>Estrella de cinco puntas en 3D<\/td>\n<\/tr>\n<tr style=\"height: 13.50pt;\">\n<td style=\"height: 13.50pt;\" height=\"18\">Alcance de personalizaci\u00f3n<\/td>\n<td>Color, forma, tama\u00f1o, acabado<\/td>\n<\/tr>\n<tr style=\"height: 13.50pt;\">\n<td style=\"height: 13.50pt;\" height=\"18\">Artesan\u00eda<\/td>\n<td>Moldeo de vidrio prensado de precisi\u00f3n para formas 3D complejas<\/td>\n<\/tr>\n<tr style=\"height: 13.50pt;\">\n<td style=\"height: 13.50pt;\" height=\"18\">Prop\u00f3sito del producto<\/td>\n<td>Frascos a granel para velas, art\u00edculos premium para el hogar<\/td>\n<\/tr>\n<tr style=\"height: 13.50pt;\">\n<td style=\"height: 13.50pt;\" height=\"18\">Industrias adecuadas<\/td>\n<td>Marcas de velas de lujo, decoraci\u00f3n de alta gama<\/td>\n<\/tr>\n<\/tbody>\n<\/table>\n<h2>Historia de \u00e9xito: Colecci\u00f3n Holiday en un grupo hotelero de lujo<\/h2>\n<p>Un grupo hotelero internacional europeo encarg\u00f3 nuestros lujosos candelabros en forma de estrella para las habitaciones y el vest\u00edbulo. Inicialmente, se encargaron 25.000 unidades, con un ba\u00f1o de oro de 24 quilates personalizado en las esquinas. Su singularidad fue un elemento central del dise\u00f1o del hotel, como se puede apreciar en m\u00e1s de 15.000 publicaciones de los hu\u00e9spedes en redes sociales. Estos hermosos candelabros duplicaron las ventas de sets de regalo para spa. El grupo qued\u00f3 muy satisfecho y posteriormente realiz\u00f3 otro pedido de 500.000 frascos para velas para abastecer durante cinco a\u00f1os, con la intenci\u00f3n de lanzar una serie de productos para minoristas.<\/p>\n<h2>Tarros a granel para personalizaci\u00f3n de velas<\/h2>\n<ul>\n<li>Recubrimiento Arco\u00edris o Aurora: La pel\u00edcula est\u00e1 pintada sobre el vidrio y cambia de color mostrando el m\u00e1gico efecto arco\u00edris.<\/li>\n<li>Ba\u00f1o de oro moteado \/ glaseado: las puntas de la estrella son las \u00fanicas \u00e1reas que est\u00e1n cubiertas con oro o glaseado para dar el efecto de luz de estrella.<\/li>\n<li>Patr\u00f3n de constelaci\u00f3n en relieve: la estrella tiene peque\u00f1os patrones de constelaci\u00f3n en relieve en un lado de la estrella.<\/li>\n<\/ul>","protected":false},"excerpt":{"rendered":"<p>Frascos a granel en forma de estrella para velas con una refinada textura de nervaduras verticales. Los recipientes de lujo para velas permiten la personalizaci\u00f3n OEM en cuanto a tama\u00f1o, empaque y marcas blancas.<\/p>","protected":false},"featured_media":5423,"template":"","meta":{"postBodyCss":"","postBodyMargin":[],"postBodyPadding":[],"postBodyBackground":{"backgroundType":"classic","gradient":""}},"product_brand":[],"product_cat":[15,82,17],"product_tag":[],"class_list":{"0":"post-5422","1":"product","2":"type-product","3":"status-publish","4":"has-post-thumbnail","6":"product_cat-glass-containers","7":"product_cat-candle-jars","8":"product_cat-glass-jars","10":"first","11":"instock","12":"shipping-taxable","13":"product-type-simple"},"jetpack_sharing_enabled":true,"_links":{"self":[{"href":"https:\/\/minghanggroup.com\/es\/wp-json\/wp\/v2\/product\/5422","targetHints":{"allow":["GET"]}}],"collection":[{"href":"https:\/\/minghanggroup.com\/es\/wp-json\/wp\/v2\/product"}],"about":[{"href":"https:\/\/minghanggroup.com\/es\/wp-json\/wp\/v2\/types\/product"}],"wp:featuredmedia":[{"embeddable":true,"href":"https:\/\/minghanggroup.com\/es\/wp-json\/wp\/v2\/media\/5423"}],"wp:attachment":[{"href":"https:\/\/minghanggroup.com\/es\/wp-json\/wp\/v2\/media?parent=5422"}],"wp:term":[{"taxonomy":"product_brand","embeddable":true,"href":"https:\/\/minghanggroup.com\/es\/wp-json\/wp\/v2\/product_brand?post=5422"},{"taxonomy":"product_cat","embeddable":true,"href":"https:\/\/minghanggroup.com\/es\/wp-json\/wp\/v2\/product_cat?post=5422"},{"taxonomy":"product_tag","embeddable":true,"href":"https:\/\/minghanggroup.com\/es\/wp-json\/wp\/v2\/product_tag?post=5422"}],"curies":[{"name":"wp","href":"https:\/\/api.w.org\/{rel}","templated":true}]}}