{"id":5411,"date":"2026-01-29T13:10:17","date_gmt":"2026-01-29T05:10:17","guid":{"rendered":"https:\/\/minghanggroup.com\/?post_type=product&#038;p=5411"},"modified":"2026-03-02T13:57:46","modified_gmt":"2026-03-02T05:57:46","slug":"glass-candle-vessels-for-tealights-wholesale","status":"publish","type":"product","link":"https:\/\/minghanggroup.com\/es\/producto\/glass-candle-vessels-for-tealights-wholesale\/","title":{"rendered":"Recipientes de vidrio para velas de t\u00e9 de 50 ml, 210 ml y 220 ml al por mayor"},"content":{"rendered":"<p>Un recipiente para velas de vidrio liso, bajo y ancho con forma cil\u00edndrica, bordes redondeados y un fondo estable brinda un lugar espacioso y adecuado donde se pueden colocar velas peque\u00f1as o velas de t\u00e9.<\/p>\n<h2>Caracter\u00edsticas del producto<\/h2>\n<ul>\n<li><strong>Base:<\/strong> La base es \u00fanica y reforzada para ofrecer una excelente estabilidad y una sensaci\u00f3n de alta calidad y premium.<\/li>\n<li><strong>Forma cil\u00edndrica baja y ancha:<\/strong> La forma cil\u00edndrica baja y ancha no solo proporciona un alto nivel de estabilidad sino que tambi\u00e9n ahorra espacio y tiene una gran capacidad para contener una gran cantidad de cera.<\/li>\n<li><strong>Tres tama\u00f1os pr\u00e1cticos:<\/strong> Tama\u00f1os que se adaptan a muchas necesidades diferentes, incluidas peque\u00f1as velas de t\u00e9\/regalos hasta grandes velas para la sala de estar.<\/li>\n<\/ul>\n<h2 style=\"text-align: left;\">Especificaciones clave<\/h2>\n<table class=\"aligncenter\" style=\"border-collapse: collapse; width: 419.27pt;\" border=\"0\" width=\"559\" cellspacing=\"0\" cellpadding=\"0\">\n<tbody>\n<tr style=\"height: 13.50pt;\">\n<td style=\"height: 13.50pt; width: 120.75pt;\" width=\"161\" height=\"18\">Especificaci\u00f3n<\/td>\n<td style=\"width: 298.50pt;\" width=\"398\">Detalles<\/td>\n<\/tr>\n<tr style=\"height: 13.50pt;\">\n<td style=\"height: 13.50pt;\" height=\"18\">Capacidad<\/td>\n<td>50 ml \/ 210 ml \/ 220 ml<\/td>\n<\/tr>\n<tr style=\"height: 13.50pt;\">\n<td style=\"height: 13.50pt;\" height=\"18\">Dimensiones<\/td>\n<td>54\u00d750\u00d752 mm \/ 73\u00d767\u00d780 mm \/ 70\u00d765\u00d780 mm<\/td>\n<\/tr>\n<tr style=\"height: 13.50pt;\">\n<td style=\"height: 13.50pt;\" height=\"18\">Material<\/td>\n<td>Vidrio transparente<\/td>\n<\/tr>\n<tr style=\"height: 13.50pt;\">\n<td style=\"height: 13.50pt;\" height=\"18\">Forma de tarro<\/td>\n<td>Cilindro corto y ancho<\/td>\n<\/tr>\n<tr style=\"height: 13.50pt;\">\n<td style=\"height: 13.50pt;\" height=\"18\">Alcance de personalizaci\u00f3n<\/td>\n<td>Color, tama\u00f1o, tapas, alto<\/td>\n<\/tr>\n<tr style=\"height: 13.50pt;\">\n<td style=\"height: 13.50pt;\" height=\"18\">Artesan\u00eda<\/td>\n<td>Conformado de vidrio de precisi\u00f3n<\/td>\n<\/tr>\n<tr style=\"height: 13.50pt;\">\n<td style=\"height: 13.50pt;\" height=\"18\">Prop\u00f3sito del producto<\/td>\n<td>Velas en recipientes duraderos, venta al por mayor de recipientes para velas<\/td>\n<\/tr>\n<tr style=\"height: 13.50pt;\">\n<td style=\"height: 13.50pt;\" height=\"18\">Industrias adecuadas<\/td>\n<td>Fabricantes de velas, grandes minoristas<\/td>\n<\/tr>\n<\/tbody>\n<\/table>\n<h2>Historia de \u00e9xito<\/h2>\n<p>Una de las tiendas rusas de art\u00edculos para el hogar encarg\u00f3 nuestro recipiente para velas de base espesa de 220 ml, con un revestimiento gris ahumado y una etiqueta serigrafiada de estilo retro personalizada. Esto se debi\u00f3 principalmente a la excelente estabilidad del recipiente, su principal atractivo, mencionado en el 40 % de las rese\u00f1as positivas. La capacidad de 220 ml ofrece un m\u00e1ximo de 80 horas de combusti\u00f3n, lo que contribuye a una alta tasa de recompra. Este minorista qued\u00f3 sumamente satisfecho y encarg\u00f3 otras 800\u00a0000 unidades para llevar a cabo su campa\u00f1a de promoci\u00f3n en todo el pa\u00eds.<\/p>\n<h2>Personalizaci\u00f3n de los recipientes para velas al por mayor<\/h2>\n<ul>\n<li>Vidrio opaco o coloreado: Puede fabricarse en vidrio opaco blanco\/negro puro o en colores transparentes, por ejemplo \u00e1mbar y gris ahumado.<\/li>\n<li>Serigraf\u00eda de cobertura total: impresi\u00f3n integral de 360 \u200b\u200bgrados de patrones o dise\u00f1os utilizando bordes rectos.<\/li>\n<li>Anillos antideslizantes: se agregan anillos de silicona o caucho fundido al dise\u00f1o inferior para proporcionar la m\u00e1xima funcionalidad antideslizante.<\/li>\n<\/ul>","protected":false},"excerpt":{"rendered":"<p>Recipientes cortos transparentes para velas, de vidrio liso y base gruesa. Suministro de f\u00e1brica de recipientes para velas al por mayor para aromaterapia y decoraci\u00f3n de mesa. Env\u00edo r\u00e1pido.<\/p>","protected":false},"featured_media":5416,"template":"","meta":{"postBodyCss":"","postBodyMargin":[],"postBodyPadding":[],"postBodyBackground":{"backgroundType":"classic","gradient":""}},"product_brand":[],"product_cat":[15,82,17],"product_tag":[97,96],"class_list":{"0":"post-5411","1":"product","2":"type-product","3":"status-publish","4":"has-post-thumbnail","6":"product_cat-glass-containers","7":"product_cat-candle-jars","8":"product_cat-glass-jars","9":"product_tag-rocks-glass","10":"product_tag-whiskey-tumblers","12":"first","13":"instock","14":"shipping-taxable","15":"product-type-simple"},"jetpack_sharing_enabled":true,"_links":{"self":[{"href":"https:\/\/minghanggroup.com\/es\/wp-json\/wp\/v2\/product\/5411","targetHints":{"allow":["GET"]}}],"collection":[{"href":"https:\/\/minghanggroup.com\/es\/wp-json\/wp\/v2\/product"}],"about":[{"href":"https:\/\/minghanggroup.com\/es\/wp-json\/wp\/v2\/types\/product"}],"wp:featuredmedia":[{"embeddable":true,"href":"https:\/\/minghanggroup.com\/es\/wp-json\/wp\/v2\/media\/5416"}],"wp:attachment":[{"href":"https:\/\/minghanggroup.com\/es\/wp-json\/wp\/v2\/media?parent=5411"}],"wp:term":[{"taxonomy":"product_brand","embeddable":true,"href":"https:\/\/minghanggroup.com\/es\/wp-json\/wp\/v2\/product_brand?post=5411"},{"taxonomy":"product_cat","embeddable":true,"href":"https:\/\/minghanggroup.com\/es\/wp-json\/wp\/v2\/product_cat?post=5411"},{"taxonomy":"product_tag","embeddable":true,"href":"https:\/\/minghanggroup.com\/es\/wp-json\/wp\/v2\/product_tag?post=5411"}],"curies":[{"name":"wp","href":"https:\/\/api.w.org\/{rel}","templated":true}]}}