{"id":5401,"date":"2026-01-29T11:02:19","date_gmt":"2026-01-29T03:02:19","guid":{"rendered":"https:\/\/minghanggroup.com\/?post_type=product&#038;p=5401"},"modified":"2026-03-02T13:55:41","modified_gmt":"2026-03-02T05:55:41","slug":"glass-large-candle-vessels-with-thick-base-wholesale","status":"publish","type":"product","link":"https:\/\/minghanggroup.com\/es\/producto\/glass-large-candle-vessels-with-thick-base-wholesale\/","title":{"rendered":"Recipientes grandes para velas de vidrio de 200 ml a 620 ml con base gruesa, venta al por mayor"},"content":{"rendered":"<p>Estos grandes recipientes para velas tienen un cuerpo cil\u00edndrico con un dise\u00f1o redondeado y un fondo grueso que garantiza estabilidad y durabilidad. Est\u00e1n disponibles en seis tama\u00f1os.<\/p>\n<h2>Caracter\u00edsticas del producto<\/h2>\n<ul>\n<li><strong>Dise\u00f1o cil\u00edndrico refinado y suave:<\/strong> La curva interior es suave y delicada e incluye un cierto elemento de elegancia y sofisticaci\u00f3n a la forma cil\u00edndrica tradicional.<\/li>\n<li><strong>6 tama\u00f1os para elegir:<\/strong> Una variedad de tama\u00f1os permite encontrar la vela perfecta en un tama\u00f1o peque\u00f1o y elegante, o en uno llamativo.<\/li>\n<li><strong>Base redonda resistente y estable:<\/strong> El dise\u00f1o de la base es redondo y grueso para permitir una gran estabilidad a todas las velas de todos los tama\u00f1os y evitar que se vuelquen.<\/li>\n<\/ul>\n<h2 style=\"text-align: left;\">Especificaciones clave<\/h2>\n<table class=\"aligncenter\" style=\"border-collapse: collapse; width: 659.27pt;\" border=\"0\" width=\"879\" cellspacing=\"0\" cellpadding=\"0\">\n<tbody>\n<tr style=\"height: 13.50pt;\">\n<td style=\"height: 13.50pt; width: 120.75pt;\" width=\"161\" height=\"18\">Especificaci\u00f3n<\/td>\n<td style=\"width: 538.50pt;\" width=\"718\">Detalles<\/td>\n<\/tr>\n<tr style=\"height: 13.50pt;\">\n<td style=\"height: 13.50pt;\" height=\"18\">Capacidad<\/td>\n<td>200 ml \/ 245 ml \/ 295 ml \/ 390 ml \/ 500 ml \/ 620 ml<\/td>\n<\/tr>\n<tr style=\"height: 13.50pt;\">\n<td style=\"height: 13.50pt;\" height=\"18\">Dimensiones<\/td>\n<td>71\u00d747\u00d782 mm \/ 75\u00d775\u00d785 mm \/ 80\u00d775\u00d790 mm \/ 88\u00d783\u00d7100 mm \/ 100\u00d795\u00d7100 mm \/ 100\u00d792\u00d7125 mm<\/td>\n<\/tr>\n<tr style=\"height: 13.50pt;\">\n<td style=\"height: 13.50pt;\" height=\"18\">Material<\/td>\n<td>Vidrio transparente<\/td>\n<\/tr>\n<tr style=\"height: 13.50pt;\">\n<td style=\"height: 13.50pt;\" height=\"18\">Forma de tarro<\/td>\n<td>Cilindro recto<\/td>\n<\/tr>\n<tr style=\"height: 13.50pt;\">\n<td style=\"height: 13.50pt;\" height=\"18\">Alcance de personalizaci\u00f3n<\/td>\n<td>Color, acabado, tama\u00f1o, forma<\/td>\n<\/tr>\n<tr style=\"height: 13.50pt;\">\n<td style=\"height: 13.50pt;\" height=\"18\">Artesan\u00eda<\/td>\n<td>Conformado de vidrio de precisi\u00f3n<\/td>\n<\/tr>\n<tr style=\"height: 13.50pt;\">\n<td style=\"height: 13.50pt;\" height=\"18\">Prop\u00f3sito del producto<\/td>\n<td>Frascos de vidrio para velas, frascos para velas perfumadas al por mayor<\/td>\n<\/tr>\n<tr style=\"height: 13.50pt;\">\n<td style=\"height: 13.50pt;\" height=\"18\">Industrias adecuadas<\/td>\n<td>Fabricantes de velas, proveedores de decoraci\u00f3n del hogar<\/td>\n<\/tr>\n<\/tbody>\n<\/table>\n<h2>Historia de \u00e9xito<\/h2>\n<p>Un importante fabricante de velas del Medio Oeste encarg\u00f3 nuestros frascos de gran tama\u00f1o con un acabado esmerilado ligero especial. Su aspecto uniforme cre\u00f3 una imagen de producto atractiva y cohesiva en el anaquel, lo que impuls\u00f3 un crecimiento de las ventas del 35 % en el primer trimestre. El frasco de vidrio con fondo engrosado minimiz\u00f3 las p\u00e9rdidas durante el env\u00edo en un 60 %. El fabricante qued\u00f3 muy satisfecho y realiz\u00f3 otro pedido de 1,2 millones de frascos de vidrio, que se firm\u00f3 como contrato de suministro de dos a\u00f1os con un importante minorista local.<\/p>\n<h2>Tarros de cristal al por mayor para personalizar velas<\/h2>\n<ul>\n<li>Degradado: Los frascos m\u00e1s peque\u00f1os tienen un color claro y cuanto m\u00e1s grande sea el frasco m\u00e1s oscuro ser\u00e1 el color utilizado.<\/li>\n<li>Etiquetas de capacidad realizadas en serigraf\u00eda: La capacidad se imprimir\u00e1 en las etiquetas de cada frasco con una fuente elegante para que los clientes puedan leer e identificar f\u00e1cilmente su capacidad.<\/li>\n<li>Mate y brillante: Los frascos pueden ser mate por fuera y brillantes por dentro, o brillantes por dentro.<\/li>\n<li>Anillo inferior met\u00e1lico: se trata simplemente de un adorno que se realiza colocando un anillo inferior de metal en el frasco.<\/li>\n<\/ul>","protected":false},"excerpt":{"rendered":"<p>Frascos de vidrio rectos y duraderos con base gruesa para la fabricaci\u00f3n de velas. Servicio OEM disponible para recipientes grandes para velas y frascos de vidrio para velas al por mayor.<\/p>","protected":false},"featured_media":5408,"template":"","meta":{"postBodyCss":"","postBodyMargin":[],"postBodyPadding":[],"postBodyBackground":{"backgroundType":"classic","gradient":""}},"product_brand":[],"product_cat":[15,82,17],"product_tag":[96],"class_list":{"0":"post-5401","1":"product","2":"type-product","3":"status-publish","4":"has-post-thumbnail","6":"product_cat-glass-containers","7":"product_cat-candle-jars","8":"product_cat-glass-jars","9":"product_tag-whiskey-tumblers","11":"first","12":"instock","13":"shipping-taxable","14":"product-type-simple"},"jetpack_sharing_enabled":true,"_links":{"self":[{"href":"https:\/\/minghanggroup.com\/es\/wp-json\/wp\/v2\/product\/5401","targetHints":{"allow":["GET"]}}],"collection":[{"href":"https:\/\/minghanggroup.com\/es\/wp-json\/wp\/v2\/product"}],"about":[{"href":"https:\/\/minghanggroup.com\/es\/wp-json\/wp\/v2\/types\/product"}],"wp:featuredmedia":[{"embeddable":true,"href":"https:\/\/minghanggroup.com\/es\/wp-json\/wp\/v2\/media\/5408"}],"wp:attachment":[{"href":"https:\/\/minghanggroup.com\/es\/wp-json\/wp\/v2\/media?parent=5401"}],"wp:term":[{"taxonomy":"product_brand","embeddable":true,"href":"https:\/\/minghanggroup.com\/es\/wp-json\/wp\/v2\/product_brand?post=5401"},{"taxonomy":"product_cat","embeddable":true,"href":"https:\/\/minghanggroup.com\/es\/wp-json\/wp\/v2\/product_cat?post=5401"},{"taxonomy":"product_tag","embeddable":true,"href":"https:\/\/minghanggroup.com\/es\/wp-json\/wp\/v2\/product_tag?post=5401"}],"curies":[{"name":"wp","href":"https:\/\/api.w.org\/{rel}","templated":true}]}}