{"id":5392,"date":"2026-01-29T16:14:27","date_gmt":"2026-01-29T08:14:27","guid":{"rendered":"https:\/\/minghanggroup.com\/?post_type=product&#038;p=5392"},"modified":"2026-03-02T13:57:59","modified_gmt":"2026-03-02T05:57:59","slug":"clear-glass-candle-vessels-with-lids-for-packaging-bulk","status":"publish","type":"product","link":"https:\/\/minghanggroup.com\/es\/producto\/clear-glass-candle-vessels-with-lids-for-packaging-bulk\/","title":{"rendered":"Recipientes de vidrio transparente para velas de 140 ml a 255 ml con tapa para envasado a granel"},"content":{"rendered":"<p>Necesita recipientes de vidrio para velas con tapas que protejan su producto y hagan que abrirlo parezca un regalo. Por eso, creamos esta serie de 4 tama\u00f1os: cada recipiente con tapa (pl\u00e1stico, metal o madera) est\u00e1 dise\u00f1ado para brindar estabilidad, estilo y un gran atractivo en el estante. Como su fabricante directo de envases de vidrio, simplificamos el \u00e9xito de sus velas al por mayor.<\/p>\n<h2>Caracter\u00edsticas del producto<\/h2>\n<ul>\n<li><strong>Claridad cristalina:<\/strong> Exhiba su vela perfumada con la transparencia del vidrio premium. La combinaci\u00f3n de un borde liso y una base gruesa permite verterla con seguridad y una presentaci\u00f3n elegante.<\/li>\n<li><strong>Flexibilidad de la tapa:<\/strong> Puedes optar por el pl\u00e1stico si buscas la opci\u00f3n m\u00e1s econ\u00f3mica, por el metal cepillado para recipientes de lujo con un aspecto moderno, o por la madera reciclada si deseas transmitir un toque r\u00fastico. Tus frascos para velas con tapa se est\u00e1n convirtiendo en se\u00f1as de identidad de marca.<\/li>\n<li><strong>A granel, listo Estabilidad:<\/strong> Cuenta con una base reforzada para evitar que el producto se vuelque. Ideal para env\u00edos de velas a granel y para un uso c\u00f3modo junto a la cama. La seguridad nunca ha sido tan atractiva.<\/li>\n<\/ul>\n<h2>Especificaciones clave<\/h2>\n<table style=\"border-collapse: collapse; width: 80%; margin-left: auto; margin-right: auto;\" border=\"0\" width=\"288\" cellspacing=\"0\" cellpadding=\"0\">\n<tbody>\n<tr style=\"height: 13.50pt;\">\n<td style=\"height: 13.5pt; width: 54pt; text-align: center;\" width=\"72\" height=\"18\">Capacidad (ml)<\/td>\n<td style=\"width: 54pt; text-align: center;\" width=\"72\">Dimensiones (mm)<\/td>\n<td style=\"width: 54pt; text-align: center;\" width=\"72\">Opciones de tapa<\/td>\n<td style=\"width: 54pt; text-align: center;\" width=\"72\">Color<\/td>\n<\/tr>\n<tr style=\"height: 13.50pt;\">\n<td style=\"height: 13.5pt; text-align: center;\" align=\"right\" height=\"18\">140<\/td>\n<td style=\"text-align: center;\">61 \u00d7 57 \u00d7 74<\/td>\n<td class=\"et2\" style=\"text-align: center;\" rowspan=\"4\">Pl\u00e1stico \/ Metal \/ Madera<\/td>\n<td class=\"et2\" style=\"text-align: center;\" rowspan=\"4\">Claro \/ Personalizado<\/td>\n<\/tr>\n<tr style=\"height: 13.50pt;\">\n<td style=\"height: 13.5pt; text-align: center;\" align=\"right\" height=\"18\">210<\/td>\n<td style=\"text-align: center;\">70 \u00d7 65 \u00d7 80<\/td>\n<\/tr>\n<tr style=\"height: 13.50pt;\">\n<td style=\"height: 13.5pt; text-align: center;\" align=\"right\" height=\"18\">220<\/td>\n<td style=\"text-align: center;\">73 \u00d7 67 \u00d7 80<\/td>\n<\/tr>\n<tr style=\"height: 13.50pt;\">\n<td style=\"height: 13.5pt; text-align: center;\" align=\"right\" height=\"18\">255<\/td>\n<td style=\"text-align: center;\">79 \u00d7 73 \u00d7 93<\/td>\n<\/tr>\n<\/tbody>\n<\/table>\n<h2>Caso de \u00e9xito<\/h2>\n<p>Una marca boutique de fragancias para el hogar necesitaba un frasco para velas que no solo realzara su imagen minimalista, sino que tambi\u00e9n permitiera distinguir claramente su l\u00ednea de fragancias distintivas en los estantes de las tiendas. Para el lanzamiento del nuevo producto, eligieron los portavelas de vidrio transparente, y la empresa los personaliz\u00f3 con un elegante relieve del logotipo en la parte inferior, un suave acabado esmerilado y una decoraci\u00f3n con finos patrones de l\u00edneas serigrafiadas en seda, inspirados en plantas bot\u00e1nicas.<\/p>\n<p>Despu\u00e9s de solo dos meses del lanzamiento, la empresa comparti\u00f3 que los pedidos a trav\u00e9s de minoristas aumentaron un 35% y que hubo un aumento visible en los clientes que identificaron el empaque, lo que al final, llev\u00f3 a la marca a hacer de este vaso de vela de vidrio personalizado su est\u00e1ndar de colecci\u00f3n principal y a seguir realizando pedidos de seguimiento para diferentes temporadas.<\/p>\n<h2>Tus consejos de personalizaci\u00f3n<\/h2>\n<ol>\n<li><strong>Marca en relieve o bajo relieve:<\/strong> Agregue directamente un logotipo en relieve o empotrado en el vidrio para crear una firma de marca permanente que sus clientes podr\u00e1n ver incluso despu\u00e9s de que se agote la vela.<\/li>\n<li><strong>Colores y tintes de vidrio personalizados:<\/strong> Opte por gris humo, \u00e1mbar, verde oliva o incluso mezclas de colores personalizadas que se puedan utilizar para colecciones de temporada o historias de aromas espec\u00edficos.<\/li>\n<li><strong>Patrones serigrafiados y de seda:<\/strong> Utilice la soluci\u00f3n m\u00e1s limpia, sin etiquetas, para un dise\u00f1o vanguardista a\u00f1adiendo textos minimalistas, l\u00edneas geom\u00e9tricas o motivos bot\u00e1nicos.<\/li>\n<\/ol>","protected":false},"excerpt":{"rendered":"<p>Recipientes premium para velas con tapa de vidrio transparente para marcas modernas. Estos frascos de vidrio para velas con tapa ofrecen personalizaci\u00f3n al por mayor y muestras gratis.<\/p>","protected":false},"featured_media":5399,"template":"","meta":{"postBodyCss":"","postBodyMargin":[],"postBodyPadding":[],"postBodyBackground":{"backgroundType":"classic","gradient":""}},"product_brand":[],"product_cat":[15,82,17],"product_tag":[97,96],"class_list":{"0":"post-5392","1":"product","2":"type-product","3":"status-publish","4":"has-post-thumbnail","6":"product_cat-glass-containers","7":"product_cat-candle-jars","8":"product_cat-glass-jars","9":"product_tag-rocks-glass","10":"product_tag-whiskey-tumblers","12":"first","13":"instock","14":"shipping-taxable","15":"product-type-simple"},"jetpack_sharing_enabled":true,"_links":{"self":[{"href":"https:\/\/minghanggroup.com\/es\/wp-json\/wp\/v2\/product\/5392","targetHints":{"allow":["GET"]}}],"collection":[{"href":"https:\/\/minghanggroup.com\/es\/wp-json\/wp\/v2\/product"}],"about":[{"href":"https:\/\/minghanggroup.com\/es\/wp-json\/wp\/v2\/types\/product"}],"wp:featuredmedia":[{"embeddable":true,"href":"https:\/\/minghanggroup.com\/es\/wp-json\/wp\/v2\/media\/5399"}],"wp:attachment":[{"href":"https:\/\/minghanggroup.com\/es\/wp-json\/wp\/v2\/media?parent=5392"}],"wp:term":[{"taxonomy":"product_brand","embeddable":true,"href":"https:\/\/minghanggroup.com\/es\/wp-json\/wp\/v2\/product_brand?post=5392"},{"taxonomy":"product_cat","embeddable":true,"href":"https:\/\/minghanggroup.com\/es\/wp-json\/wp\/v2\/product_cat?post=5392"},{"taxonomy":"product_tag","embeddable":true,"href":"https:\/\/minghanggroup.com\/es\/wp-json\/wp\/v2\/product_tag?post=5392"}],"curies":[{"name":"wp","href":"https:\/\/api.w.org\/{rel}","templated":true}]}}