{"id":5390,"date":"2026-01-29T09:52:19","date_gmt":"2026-01-29T01:52:19","guid":{"rendered":"https:\/\/minghanggroup.com\/?post_type=product&#038;p=5390"},"modified":"2026-04-27T16:54:48","modified_gmt":"2026-04-27T08:54:48","slug":"tulip-shaped-colored-glass-candle-holders-bulk","status":"publish","type":"product","link":"https:\/\/minghanggroup.com\/es\/producto\/tulip-shaped-colored-glass-candle-holders-bulk\/","title":{"rendered":"Candelabros de vidrio coloreado con forma de tulip\u00e1n de 110 ml a granel"},"content":{"rendered":"<p>Estos candelabros de vidrio de colores tienen una hermosa semejanza de un capullo de tulip\u00e1n y est\u00e1n compuestos de vidrio texturizado y est\u00e1n disponibles en los acabados de ensue\u00f1o de blanco esmerilado, rosa degradado y oro brillante.<\/p>\n<h2>Caracter\u00edsticas del producto<\/h2>\n<ul>\n<li style=\"text-align: left;\"><strong>Forma del capullo de tulip\u00e1n:<\/strong> Las formas de los p\u00e9talos biomim\u00e9ticos son tridimensionales y se caracterizan por su suavidad y singularidad, lo que los hace extremadamente llamativos a la vista en el estante.<\/li>\n<li style=\"text-align: left;\"><strong>Varias opciones de color:<\/strong> Viene en un tono blanco mate, un tono rosa degradado y un tono dorado transparente, y se adaptar\u00e1 a la est\u00e9tica de cualquier marca o a un tema particular de la temporada.<\/li>\n<li style=\"text-align: left;\"><strong>Dise\u00f1o ornamental detallado:<\/strong> La forma de las flores en la escultura las convierte en un hermoso dise\u00f1o ornamental a pesar de la ausencia de velas.<\/li>\n<\/ul>\n<h2 style=\"text-align: left;\">Especificaciones clave<\/h2>\n<table class=\"aligncenter\" style=\"border-collapse: collapse; width: 471.02pt;\" border=\"0\" width=\"628\" cellspacing=\"0\" cellpadding=\"0\">\n<tbody>\n<tr style=\"height: 13.50pt;\">\n<td style=\"height: 13.50pt; width: 120.75pt;\" width=\"161\" height=\"18\">Especificaci\u00f3n<\/td>\n<td style=\"width: 350.25pt;\" width=\"467\">Detalles<\/td>\n<\/tr>\n<tr style=\"height: 13.50pt;\">\n<td style=\"height: 13.50pt;\" height=\"18\">Capacidad<\/td>\n<td>110 ml<\/td>\n<\/tr>\n<tr style=\"height: 13.50pt;\">\n<td style=\"height: 13.50pt;\" height=\"18\">Dimensiones<\/td>\n<td>67\u00d755\u00d772 mm<\/td>\n<\/tr>\n<tr style=\"height: 13.50pt;\">\n<td style=\"height: 13.50pt;\" height=\"18\">Material<\/td>\n<td>Vaso<\/td>\n<\/tr>\n<tr style=\"height: 13.50pt;\">\n<td style=\"height: 13.50pt;\" height=\"18\">Forma de tarro<\/td>\n<td>Capullo de tulip\u00e1n con lados curvos<\/td>\n<\/tr>\n<tr style=\"height: 13.50pt;\">\n<td style=\"height: 13.50pt;\" height=\"18\">Alcance de personalizaci\u00f3n<\/td>\n<td>Color, acabado (brillante\/mate), forma, tama\u00f1o<\/td>\n<\/tr>\n<tr style=\"height: 13.50pt;\">\n<td style=\"height: 13.50pt;\" height=\"18\">Artesan\u00eda<\/td>\n<td>Moldeo de vidrio soplado o prensado para formas org\u00e1nicas y curvas<\/td>\n<\/tr>\n<tr style=\"height: 13.50pt;\">\n<td style=\"height: 13.50pt;\" height=\"18\">Prop\u00f3sito del producto<\/td>\n<td>Portavelas decorativo, portavelas de vidrio coloreado<\/td>\n<\/tr>\n<tr style=\"height: 13.50pt;\">\n<td style=\"height: 13.50pt;\" height=\"18\">Industrias adecuadas<\/td>\n<td>Marcas de velas boutique, floristas, organizadores de bodas y eventos<\/td>\n<\/tr>\n<\/tbody>\n<\/table>\n<h2>Historia de \u00e9xito: Pedido personalizado de una marca n\u00f3rdica de decoraci\u00f3n del hogar<\/h2>\n<p>Una marca n\u00f3rdica de decoraci\u00f3n del hogar seleccion\u00f3 nuestros tarros de velas blancos, que personalizaron con un acabado blanco mate lechoso y un cord\u00f3n de lino hecho a mano. El dise\u00f1o \u00fanico hizo que sus velas fueran perfectas para la venta al por menor, lo que result\u00f3 en un aumento del 40% en las ventas en tienda. El acabado mate suave combinaba perfectamente con su filosof\u00eda est\u00e9tica, lo que result\u00f3 en un aumento del 250% en su tr\u00e1fico de Pinterest. Bas\u00e1ndose en este \u00e9xito, realizaron un pedido adicional de 750000 portavelas de vidrio de colores para su nueva l\u00ednea de productos que incluye velas con aroma a lino.<\/p>\n<h2>Candelabros de vidrio de colores ajustables<\/h2>\n<ul>\n<li>Desarrollo de Color Exclusivo: crea colores \u00fanicos para tu marca como el verde salvia o el morado lavanda.<\/li>\n<li>Acabado Brillante o Perlado: El producto ofrece dos opciones, un acabado de alto brillo o un recubrimiento nacarado, que produce una apariencia de ensue\u00f1o a trav\u00e9s de sus cambios de color bajo diferentes condiciones de luz.<\/li>\n<li>Variaci\u00f3n de Forma: La serie de dise\u00f1o floral debe incluir dos nuevas formas, una forma alta y esbelta llamada \"lily\" y una forma corta y ancha llamada \"peony\".<\/li>\n<li>Relieve: Los peque\u00f1os bulbos (gotas de roc\u00edo o formas) en la parte inferior de los p\u00e9talos se han realizado con una herramienta de rayado.<\/li>\n<\/ul>","protected":false},"excerpt":{"rendered":"<p>Candelabros de vidrio coloreado en forma de tulip\u00e1n con un suave acabado esmerilado y textura floral. Suministro de f\u00e1brica de elegantes tarros blancos para decoraci\u00f3n y marcas de velas.<\/p>","protected":false},"featured_media":5394,"template":"","meta":{"postBodyCss":"","postBodyMargin":[],"postBodyPadding":[],"postBodyBackground":{"backgroundType":"classic","gradient":""}},"product_brand":[],"product_cat":[82,15,17],"product_tag":[],"class_list":{"0":"post-5390","1":"product","2":"type-product","3":"status-publish","4":"has-post-thumbnail","6":"product_cat-candle-jars","7":"product_cat-glass-containers","8":"product_cat-glass-jars","10":"first","11":"instock","12":"shipping-taxable","13":"product-type-simple"},"jetpack_sharing_enabled":true,"_links":{"self":[{"href":"https:\/\/minghanggroup.com\/es\/wp-json\/wp\/v2\/product\/5390","targetHints":{"allow":["GET"]}}],"collection":[{"href":"https:\/\/minghanggroup.com\/es\/wp-json\/wp\/v2\/product"}],"about":[{"href":"https:\/\/minghanggroup.com\/es\/wp-json\/wp\/v2\/types\/product"}],"wp:featuredmedia":[{"embeddable":true,"href":"https:\/\/minghanggroup.com\/es\/wp-json\/wp\/v2\/media\/5394"}],"wp:attachment":[{"href":"https:\/\/minghanggroup.com\/es\/wp-json\/wp\/v2\/media?parent=5390"}],"wp:term":[{"taxonomy":"product_brand","embeddable":true,"href":"https:\/\/minghanggroup.com\/es\/wp-json\/wp\/v2\/product_brand?post=5390"},{"taxonomy":"product_cat","embeddable":true,"href":"https:\/\/minghanggroup.com\/es\/wp-json\/wp\/v2\/product_cat?post=5390"},{"taxonomy":"product_tag","embeddable":true,"href":"https:\/\/minghanggroup.com\/es\/wp-json\/wp\/v2\/product_tag?post=5390"}],"curies":[{"name":"wp","href":"https:\/\/api.w.org\/{rel}","templated":true}]}}