{"id":5385,"date":"2026-01-28T15:35:01","date_gmt":"2026-01-28T07:35:01","guid":{"rendered":"https:\/\/minghanggroup.com\/?post_type=product&#038;p=5385"},"modified":"2026-01-29T09:51:46","modified_gmt":"2026-01-29T01:51:46","slug":"small-clear-glass-tealight-candle-holders-bulk","status":"publish","type":"product","link":"https:\/\/minghanggroup.com\/es\/producto\/small-clear-glass-tealight-candle-holders-bulk\/","title":{"rendered":"Portavelas de vidrio transparente peque\u00f1o de 25 ml a granel"},"content":{"rendered":"<p>Estos portavelas de vidrio transparente, cil\u00edndricos, diminutos y de boca ancha son de vidrio liso, con forma de cuenco, anchos y poco profundos, con c\u00edrculos y puntos conc\u00e9ntricos en la base, que realzan su agarre y refinan los detalles.<\/p>\n<h2>Caracter\u00edsticas del producto<\/h2>\n<ul>\n<li><strong>Forma cil\u00edndrica con boca ancha:<\/strong> La boca ancha permite insertar y quitar las velas de forma r\u00e1pida y sencilla, manteniendo la superficie de la mesa limpia.<\/li>\n<li><strong>Fondo texturizado antideslizante:<\/strong> La parte inferior tiene c\u00edrculos conc\u00e9ntricos y puntos que hacen que la parte inferior sea m\u00e1s estable y proporcione un mayor agarre.<\/li>\n<li><strong>Tama\u00f1o peque\u00f1o:<\/strong> Su peque\u00f1o tama\u00f1o permite colocarlos c\u00f3modamente en mesas o estanter\u00edas formando un llamativo elemento decorativo.<\/li>\n<\/ul>\n<h2 style=\"text-align: left;\">Especificaciones clave<\/h2>\n<table class=\"aligncenter\" style=\"border-collapse: collapse; width: 441.02pt;\" border=\"0\" width=\"588\" cellspacing=\"0\" cellpadding=\"0\">\n<tbody>\n<tr style=\"height: 13.50pt;\">\n<td style=\"height: 13.50pt; width: 120.75pt;\" width=\"161\" height=\"18\">Especificaci\u00f3n<\/td>\n<td style=\"width: 320.25pt;\" width=\"427\">Detalles<\/td>\n<\/tr>\n<tr style=\"height: 13.50pt;\">\n<td style=\"height: 13.50pt;\" height=\"18\">Capacidad<\/td>\n<td>25 ml<\/td>\n<\/tr>\n<tr style=\"height: 13.50pt;\">\n<td style=\"height: 13.50pt;\" height=\"18\">Dimensiones<\/td>\n<td>46\u00d744\u00d726 mm<\/td>\n<\/tr>\n<tr style=\"height: 13.50pt;\">\n<td style=\"height: 13.50pt;\" height=\"18\">Material<\/td>\n<td>Vidrio transparente<\/td>\n<\/tr>\n<tr style=\"height: 13.50pt;\">\n<td style=\"height: 13.50pt;\" height=\"18\">Forma del soporte<\/td>\n<td>Cilindro ancho y poco profundo con base texturizada<\/td>\n<\/tr>\n<tr style=\"height: 13.50pt;\">\n<td style=\"height: 13.50pt;\" height=\"18\">Alcance de personalizaci\u00f3n<\/td>\n<td>Tama\u00f1o, textura base, color, tapas<\/td>\n<\/tr>\n<tr style=\"height: 13.50pt;\">\n<td style=\"height: 13.50pt;\" height=\"18\">Artesan\u00eda<\/td>\n<td>Moldeo de vidrio prensado<\/td>\n<\/tr>\n<tr style=\"height: 13.50pt;\">\n<td style=\"height: 13.50pt;\" height=\"18\">Prop\u00f3sito del producto<\/td>\n<td>Portavelas de t\u00e9 a granel, platos decorativos para velas<\/td>\n<\/tr>\n<tr style=\"height: 13.50pt;\">\n<td style=\"height: 13.50pt;\" height=\"18\">Industrias adecuadas<\/td>\n<td>Organizadores de eventos y bodas, fabricantes de velas<\/td>\n<\/tr>\n<\/tbody>\n<\/table>\n<h2>Caso de \u00e9xito: Colaboraci\u00f3n entre marcas de decoraci\u00f3n del hogar de Norteam\u00e9rica<\/h2>\n<p>Nuestros portavelas de vidrio de boca ancha fueron personalizados, en gris ahumado, y encargados por una empresa canadiense de decoraci\u00f3n del hogar. El pr\u00e1ctico dise\u00f1o de boca ancha increment\u00f3 las compras de los clientes en un 47 %. La durabilidad de los candelabros les permiti\u00f3 ahorrar un 40 % en costos de reemplazo. Quedaron satisfechos con los candelabros y realizaron un pedido de 500\u00a0000 m\u00e1s para abastecer sus existencias en todo el pa\u00eds.<\/p>\n<h2>Opciones de portavelas de t\u00e9 al por mayor<\/h2>\n<ul>\n<li>Vidrieras: Est\u00e1n disponibles en gris ahumado regular, \u00e1mbar o de temporada como rojo y verde.<\/li>\n<li>Textura base personalizada: cambia el dise\u00f1o del c\u00edrculo conc\u00e9ntrico a dise\u00f1os florales o geom\u00e9tricos.<\/li>\n<li>Grabado l\u00e1ser: grabe un peque\u00f1o logotipo, monograma o borde decorativo en la parte inferior.<\/li>\n<li>Tama\u00f1o personalizado: el m\u00ednimo de cambios es el di\u00e1metro o la altura para que el tama\u00f1o se ajuste a una exhibici\u00f3n o estilo espec\u00edfico de una vela.<\/li>\n<\/ul>","protected":false},"excerpt":{"rendered":"<p>Candeleros de vidrio transparente con base texturizada para decoraci\u00f3n de mesa. F\u00e1brica profesional que ofrece candeleros al por mayor con calidad estable.<\/p>","protected":false},"featured_media":5388,"template":"","meta":{"postBodyCss":"","postBodyMargin":[],"postBodyPadding":[],"postBodyBackground":{"backgroundType":"classic","gradient":""}},"product_brand":[],"product_cat":[15,82,17],"product_tag":[],"class_list":{"0":"post-5385","1":"product","2":"type-product","3":"status-publish","4":"has-post-thumbnail","6":"product_cat-glass-containers","7":"product_cat-candle-jars","8":"product_cat-glass-jars","10":"first","11":"instock","12":"shipping-taxable","13":"product-type-simple"},"jetpack_sharing_enabled":true,"_links":{"self":[{"href":"https:\/\/minghanggroup.com\/es\/wp-json\/wp\/v2\/product\/5385","targetHints":{"allow":["GET"]}}],"collection":[{"href":"https:\/\/minghanggroup.com\/es\/wp-json\/wp\/v2\/product"}],"about":[{"href":"https:\/\/minghanggroup.com\/es\/wp-json\/wp\/v2\/types\/product"}],"wp:featuredmedia":[{"embeddable":true,"href":"https:\/\/minghanggroup.com\/es\/wp-json\/wp\/v2\/media\/5388"}],"wp:attachment":[{"href":"https:\/\/minghanggroup.com\/es\/wp-json\/wp\/v2\/media?parent=5385"}],"wp:term":[{"taxonomy":"product_brand","embeddable":true,"href":"https:\/\/minghanggroup.com\/es\/wp-json\/wp\/v2\/product_brand?post=5385"},{"taxonomy":"product_cat","embeddable":true,"href":"https:\/\/minghanggroup.com\/es\/wp-json\/wp\/v2\/product_cat?post=5385"},{"taxonomy":"product_tag","embeddable":true,"href":"https:\/\/minghanggroup.com\/es\/wp-json\/wp\/v2\/product_tag?post=5385"}],"curies":[{"name":"wp","href":"https:\/\/api.w.org\/{rel}","templated":true}]}}