{"id":5370,"date":"2026-01-28T13:30:21","date_gmt":"2026-01-28T05:30:21","guid":{"rendered":"https:\/\/minghanggroup.com\/?post_type=product&#038;p=5370"},"modified":"2026-01-28T16:40:29","modified_gmt":"2026-01-28T08:40:29","slug":"lantern-style-unique-candle-vessels-wholesale","status":"publish","type":"product","link":"https:\/\/minghanggroup.com\/es\/producto\/lantern-style-unique-candle-vessels-wholesale\/","title":{"rendered":"Recipientes para velas \u00fanicos estilo linterna al por mayor"},"content":{"rendered":"<p>Estos singulares recipientes para velas tienen forma de lantano, con bases y tapas acanaladas y un centro en forma de calabaza con una ranura. Su particularidad es que pueden instalarse tanto en la parte superior como en la inferior, combinando funcionalidad y belleza.<\/p>\n<h2>Caracter\u00edsticas del producto<\/h2>\n<ul>\n<li><strong>Dise\u00f1o abatible:<\/strong> El dise\u00f1o bidireccional es innovador con un \u00e1rea de espacio flexible y vers\u00e1til para colocar y exhibir velas.<\/li>\n<li><strong>Espl\u00e9ndida textura multicapa: <\/strong>Las texturas verticales, las texturas en forma de calabaza y las nervaduras finas se combinan para producir una escena y una sensaci\u00f3n maravillosas.<\/li>\n<li><strong>Forma de linterna:<\/strong> La forma de linterna es una mezcla entre el dise\u00f1o tradicional chino retro y moderno de la vela y, al mismo tiempo, una decoraci\u00f3n de mesa muy reconocible.<\/li>\n<\/ul>\n<h2 style=\"text-align: left;\">Especificaciones clave<\/h2>\n<table class=\"aligncenter\" style=\"border-collapse: collapse; width: 402.02pt;\" border=\"0\" width=\"536\" cellspacing=\"0\" cellpadding=\"0\">\n<tbody>\n<tr style=\"height: 13.50pt;\">\n<td style=\"height: 13.50pt; width: 117.75pt;\" width=\"157\" height=\"18\">Especificaci\u00f3n<\/td>\n<td style=\"width: 284.25pt;\" width=\"379\">Detalles<\/td>\n<\/tr>\n<tr style=\"height: 13.50pt;\">\n<td style=\"height: 13.50pt;\" height=\"18\">Dimensiones<\/td>\n<td>79\u00d752\u00d740\u00d760 mm<\/td>\n<\/tr>\n<tr style=\"height: 13.50pt;\">\n<td style=\"height: 13.50pt;\" height=\"18\">Material<\/td>\n<td>Vidrio transparente y texturizado<\/td>\n<\/tr>\n<tr style=\"height: 13.50pt;\">\n<td style=\"height: 13.50pt;\" height=\"18\">Forma del vaso<\/td>\n<td>Linterna reversible con secciones multitexturizadas<\/td>\n<\/tr>\n<tr style=\"height: 13.50pt;\">\n<td style=\"height: 13.50pt;\" height=\"18\">Alcance de personalizaci\u00f3n<\/td>\n<td>Color, detalle de textura, tama\u00f1o, forma<\/td>\n<\/tr>\n<tr style=\"height: 13.50pt;\">\n<td style=\"height: 13.50pt;\" height=\"18\">Artesan\u00eda<\/td>\n<td>Moldeo avanzado de vidrio prensado para aplicaciones complejas<\/td>\n<\/tr>\n<tr style=\"height: 13.50pt;\">\n<td style=\"height: 13.50pt;\" height=\"18\">Prop\u00f3sito del producto<\/td>\n<td>Candelabros, recipientes para velas al por mayor<\/td>\n<\/tr>\n<tr style=\"height: 13.50pt;\">\n<td style=\"height: 13.50pt;\" height=\"18\">Industrias adecuadas<\/td>\n<td>Marcas de velas de lujo, organizadores de bodas y eventos<\/td>\n<\/tr>\n<\/tbody>\n<\/table>\n<h2>Historia de \u00e9xito<\/h2>\n<p>Uno de los hoteles boutique de lujo de Estados Unidos eligi\u00f3 nuestros frascos de velas de dos caras con forma de farol, cuyo color cambia a \u00e1mbar. Este dise\u00f1o distintivo fue un aspecto de la experiencia del hu\u00e9sped, destacado en el 80 % de las rese\u00f1as positivas en l\u00ednea. Se registr\u00f3 un crecimiento del 42 % en las compras recurrentes. El hotel qued\u00f3 encantado con los frascos de velas y, por lo tanto, encarg\u00f3 200\u00a0000 m\u00e1s para decorar las nuevas habitaciones y renovar las suites existentes.<\/p>\n<h2>Recipientes para velas al por mayor personalizables<\/h2>\n<ul>\n<li>Pantallas de vidrio exclusivas: cree pantallas de vidrio exclusivas, por ejemplo, para joyas oscuras o colores rosa suaves.<\/li>\n<li>Chapado en metal: Tiene un ba\u00f1o de oro, plata u oro rosa texturizado en sus bordes o nervaduras.<\/li>\n<li>Escala de tama\u00f1o personalizada: cambia el tama\u00f1o de todo el dise\u00f1o de forma proporcional para producir diversos efectos visuales.<\/li>\n<li>Revestimiento interno: El vidrio interior mate o recubierto tiene un efecto \u00fanico cuando se usa bajo la luz.<\/li>\n<\/ul>","protected":false},"excerpt":{"rendered":"<p>Recipientes \u00fanicos para velas con forma de farol, hechos de vidrio transparente con detalles acanalados. Dise\u00f1o de doble extremo que combina con velas y decoraci\u00f3n. Suministro directo de f\u00e1brica. Muestras gratuitas.<\/p>","protected":false},"featured_media":5376,"template":"","meta":{"postBodyCss":"","postBodyMargin":[],"postBodyPadding":[],"postBodyBackground":{"backgroundType":"classic","gradient":""}},"product_brand":[],"product_cat":[15,82,17],"product_tag":[],"class_list":{"0":"post-5370","1":"product","2":"type-product","3":"status-publish","4":"has-post-thumbnail","6":"product_cat-glass-containers","7":"product_cat-candle-jars","8":"product_cat-glass-jars","10":"first","11":"instock","12":"shipping-taxable","13":"product-type-simple"},"jetpack_sharing_enabled":true,"_links":{"self":[{"href":"https:\/\/minghanggroup.com\/es\/wp-json\/wp\/v2\/product\/5370","targetHints":{"allow":["GET"]}}],"collection":[{"href":"https:\/\/minghanggroup.com\/es\/wp-json\/wp\/v2\/product"}],"about":[{"href":"https:\/\/minghanggroup.com\/es\/wp-json\/wp\/v2\/types\/product"}],"wp:featuredmedia":[{"embeddable":true,"href":"https:\/\/minghanggroup.com\/es\/wp-json\/wp\/v2\/media\/5376"}],"wp:attachment":[{"href":"https:\/\/minghanggroup.com\/es\/wp-json\/wp\/v2\/media?parent=5370"}],"wp:term":[{"taxonomy":"product_brand","embeddable":true,"href":"https:\/\/minghanggroup.com\/es\/wp-json\/wp\/v2\/product_brand?post=5370"},{"taxonomy":"product_cat","embeddable":true,"href":"https:\/\/minghanggroup.com\/es\/wp-json\/wp\/v2\/product_cat?post=5370"},{"taxonomy":"product_tag","embeddable":true,"href":"https:\/\/minghanggroup.com\/es\/wp-json\/wp\/v2\/product_tag?post=5370"}],"curies":[{"name":"wp","href":"https:\/\/api.w.org\/{rel}","templated":true}]}}