{"id":5365,"date":"2026-01-28T11:21:59","date_gmt":"2026-01-28T03:21:59","guid":{"rendered":"https:\/\/minghanggroup.com\/?post_type=product&#038;p=5365"},"modified":"2026-01-28T13:17:13","modified_gmt":"2026-01-28T05:17:13","slug":"small-square-glass-candle-vessels-wholesale","status":"publish","type":"product","link":"https:\/\/minghanggroup.com\/es\/producto\/small-square-glass-candle-vessels-wholesale\/","title":{"rendered":"Recipientes para velas de vidrio cuadrados peque\u00f1os de 50 ml y 67 ml al por mayor"},"content":{"rendered":"<p>Estos son peque\u00f1os recipientes de vidrio cuadrados para velas que se ven elegantes y tienen bordes redondeados y una base s\u00f3lida y gruesa; este tipo de frascos son ideales para almacenar velas de t\u00e9 o cualquier vela peque\u00f1a.<\/p>\n<h2>Caracter\u00edsticas del producto<\/h2>\n<ul>\n<li><strong>Forma cuadrada peque\u00f1a y redondeada:<\/strong> La forma peque\u00f1a, suave y cuadrada ahorra espacio, es moderna y ofrece un agarre f\u00e1cil.<\/li>\n<li><strong>Base pesada y gruesa:<\/strong> La base reforzada es muy estable para este peque\u00f1o contenedor.<\/li>\n<li><strong>Dos peque\u00f1as capacidades:<\/strong> Adaptable a diversas velas de t\u00e9 o mini velas.<\/li>\n<\/ul>\n<h2 style=\"text-align: left;\">Especificaciones clave<\/h2>\n<table class=\"aligncenter\" style=\"border-collapse: collapse; width: 401.27pt;\" border=\"0\" width=\"535\" cellspacing=\"0\" cellpadding=\"0\">\n<tbody>\n<tr style=\"height: 13.50pt;\">\n<td style=\"height: 13.50pt; width: 129.75pt;\" width=\"173\" height=\"18\">Especificaci\u00f3n<\/td>\n<td style=\"width: 271.50pt;\" width=\"362\">Detalles<\/td>\n<\/tr>\n<tr style=\"height: 13.50pt;\">\n<td style=\"height: 13.50pt;\" height=\"18\">Dimensiones y capacidad<\/td>\n<td>49\u00d743\u00d760 mm (50 ml) \/ 50\u00d744\u00d762 mm (67 ml)<\/td>\n<\/tr>\n<tr style=\"height: 13.50pt;\">\n<td style=\"height: 13.50pt;\" height=\"18\">Material<\/td>\n<td>Vidrio transparente<\/td>\n<\/tr>\n<tr style=\"height: 13.50pt;\">\n<td style=\"height: 13.50pt;\" height=\"18\">Forma de tarro<\/td>\n<td>Cuadrado peque\u00f1o con esquinas redondeadas<\/td>\n<\/tr>\n<tr style=\"height: 13.50pt;\">\n<td style=\"height: 13.50pt;\" height=\"18\">Alcance de personalizaci\u00f3n<\/td>\n<td>Tama\u00f1o, color, forma, tapas<\/td>\n<\/tr>\n<tr style=\"height: 13.50pt;\">\n<td style=\"height: 13.50pt;\" height=\"18\">Artesan\u00eda<\/td>\n<td>Prensado de vidrio de precisi\u00f3n<\/td>\n<\/tr>\n<tr style=\"height: 13.50pt;\">\n<td style=\"height: 13.50pt;\" height=\"18\">Prop\u00f3sito del producto<\/td>\n<td>Recipientes para velas, velas en recipientes peque\u00f1os<\/td>\n<\/tr>\n<tr style=\"height: 13.50pt;\">\n<td style=\"height: 13.50pt;\" height=\"18\">Industrias adecuadas<\/td>\n<td>Marcas de velas boutique, proveedores de art\u00edculos de tocador para hoteles<\/td>\n<\/tr>\n<\/tbody>\n<\/table>\n<h2>Historia de \u00e9xito: Suministros para habitaciones de hotel en el Reino Unido<\/h2>\n<p>Una cadena hotelera boutique del Reino Unido encarg\u00f3 nuestros frascos cuadrados de vidrio para velas de 50 ml (acabado esmerilado y logotipo grabado a l\u00e1ser). Su suave forma cuadrada fue todo un \u00e9xito: el 80 % de los hu\u00e9spedes elogi\u00f3 su aspecto contempor\u00e1neo. La base abultada minimiz\u00f3 los da\u00f1os durante el env\u00edo en un 99,9 %. Quedaron tan satisfechos con el hotel que encargaron otros 200\u00a0000 frascos que abastecer\u00e1n a todos sus hoteles en dos a\u00f1os.<\/p>\n<h2>Personalizaci\u00f3n de tarro de vela de vidrio cuadrado<\/h2>\n<ul>\n<li>Colores del vidrio: Viene en color transparente, gris ahumado, \u00e1mbar o pastel suave.<\/li>\n<li>Grabado l\u00e1ser: grabe n\u00fameros de lote, marcas de reciclaje o l\u00edneas decorativas en la parte inferior del frasco.<\/li>\n<li>Decoraci\u00f3n de borde de metal: Se agreg\u00f3 sofisticaci\u00f3n al borde del frasco con una fina l\u00ednea de metal.<\/li>\n<li>Tapas personalizadas: utilice una tapa peque\u00f1a y cuadrada, de madera o metal para terminar la apariencia del producto.<\/li>\n<\/ul>","protected":false},"excerpt":{"rendered":"<p>Elegantes tarros cuadrados de vidrio para velas, dise\u00f1ados como elegantes recipientes para velas de t\u00e9 y decoraci\u00f3n. Ofrecemos servicios de personalizaci\u00f3n para satisfacer las necesidades de su marca.<\/p>","protected":false},"featured_media":5369,"template":"","meta":{"postBodyCss":"","postBodyMargin":[],"postBodyPadding":[],"postBodyBackground":{"backgroundType":"classic","gradient":""}},"product_brand":[],"product_cat":[15,82,17],"product_tag":[],"class_list":{"0":"post-5365","1":"product","2":"type-product","3":"status-publish","4":"has-post-thumbnail","6":"product_cat-glass-containers","7":"product_cat-candle-jars","8":"product_cat-glass-jars","10":"first","11":"instock","12":"shipping-taxable","13":"product-type-simple"},"jetpack_sharing_enabled":true,"_links":{"self":[{"href":"https:\/\/minghanggroup.com\/es\/wp-json\/wp\/v2\/product\/5365","targetHints":{"allow":["GET"]}}],"collection":[{"href":"https:\/\/minghanggroup.com\/es\/wp-json\/wp\/v2\/product"}],"about":[{"href":"https:\/\/minghanggroup.com\/es\/wp-json\/wp\/v2\/types\/product"}],"wp:featuredmedia":[{"embeddable":true,"href":"https:\/\/minghanggroup.com\/es\/wp-json\/wp\/v2\/media\/5369"}],"wp:attachment":[{"href":"https:\/\/minghanggroup.com\/es\/wp-json\/wp\/v2\/media?parent=5365"}],"wp:term":[{"taxonomy":"product_brand","embeddable":true,"href":"https:\/\/minghanggroup.com\/es\/wp-json\/wp\/v2\/product_brand?post=5365"},{"taxonomy":"product_cat","embeddable":true,"href":"https:\/\/minghanggroup.com\/es\/wp-json\/wp\/v2\/product_cat?post=5365"},{"taxonomy":"product_tag","embeddable":true,"href":"https:\/\/minghanggroup.com\/es\/wp-json\/wp\/v2\/product_tag?post=5365"}],"curies":[{"name":"wp","href":"https:\/\/api.w.org\/{rel}","templated":true}]}}