{"id":5356,"date":"2026-01-28T11:50:17","date_gmt":"2026-01-28T03:50:17","guid":{"rendered":"https:\/\/minghanggroup.com\/?post_type=product&#038;p=5356"},"modified":"2026-01-28T11:50:20","modified_gmt":"2026-01-28T03:50:20","slug":"clear-glass-tealight-holders-for-packaging-wholesale","status":"publish","type":"product","link":"https:\/\/minghanggroup.com\/es\/producto\/clear-glass-tealight-holders-for-packaging-wholesale\/","title":{"rendered":"Portavelas de vidrio transparente de 140 ml a 930 ml para embalaje al por mayor"},"content":{"rendered":"<p>Necesita portavelas de cristal que se vean s\u00f3lidos sin parecer anticuados. Por eso, creamos esta colecci\u00f3n de recipientes de cristal, que busca el equilibrio perfecto entre simplicidad moderna y estabilidad atemporal. Tanto si es una empresa emergente como si es un fabricante experimentado, nuestros frascos de vidrio para velas al por mayor le dar\u00e1n a su marca un impulso instant\u00e1neo. No somos un proveedor m\u00e1s; somos su socio en la creaci\u00f3n de recipientes para velas de lujo que los clientes realmente desean exhibir.<\/p>\n<h2>Caracter\u00edsticas del producto<\/h2>\n<ul>\n<li><strong>Construido, en estabilidad:<\/strong> Bases gruesas y paredes lisas que evitan que el contenedor se mueva. Sin vuelcos ni problemas: una apariencia limpia y robusta que se siente de primera calidad en la mano.<\/li>\n<li><strong>Atractivo cristalino:<\/strong> Experimente el maravilloso brillo de su cera. El vidrio de alta transparencia permite que la luz penetre en la cera de cada hermoso color y la mecha perfectamente centrada hace que su producto sea atractivo en cualquier estante.<\/li>\n<li><strong>La forma de \u201cRicitos de Oro\u201d:<\/strong> Su forma cil\u00edndrica es atemporal. Se integra a la perfecci\u00f3n con las l\u00edneas de llenado automatizadas est\u00e1ndar y, adem\u00e1s, luce elegante en cualquier tienda, desde boutiques hasta grandes superficies.<\/li>\n<\/ul>\n<h2>Especificaciones clave<\/h2>\n<table style=\"border-collapse: collapse; width: 80%; margin-left: auto; margin-right: auto;\" border=\"0\" width=\"431\" cellspacing=\"0\" cellpadding=\"0\">\n<tbody>\n<tr style=\"height: 13.50pt;\">\n<td style=\"height: 13.5pt; width: 107.25pt; text-align: center;\" width=\"143\" height=\"18\">Capacidad (ml)<\/td>\n<td style=\"width: 54pt; text-align: center;\" align=\"right\" width=\"72\">140<\/td>\n<td style=\"width: 54pt; text-align: center;\" align=\"right\" width=\"72\">530<\/td>\n<td style=\"width: 54pt; text-align: center;\" align=\"right\" width=\"72\">730<\/td>\n<td style=\"width: 54pt; text-align: center;\" align=\"right\" width=\"72\">930<\/td>\n<\/tr>\n<tr style=\"height: 13.50pt;\">\n<td style=\"height: 13.5pt; text-align: center;\" height=\"18\">Dimensiones (mm)<\/td>\n<td style=\"text-align: center;\">75 \u00d7 70 \u00d7 50<\/td>\n<td style=\"text-align: center;\">110 \u00d7 103 \u00d7 80<\/td>\n<td style=\"text-align: center;\">130 \u00d7 123 \u00d7 80<\/td>\n<td style=\"text-align: center;\">150 \u00d7 143 \u00d7 80<\/td>\n<\/tr>\n<tr style=\"height: 13.50pt;\">\n<td style=\"height: 13.5pt; text-align: center;\" height=\"18\">Material<\/td>\n<td class=\"et2\" style=\"text-align: center;\" colspan=\"4\">Cristal<\/td>\n<\/tr>\n<tr style=\"height: 13.50pt;\">\n<td style=\"height: 13.5pt; text-align: center;\" height=\"18\">Opciones de tapa<\/td>\n<td class=\"et2\" style=\"text-align: center;\" colspan=\"4\">De madera o metal<\/td>\n<\/tr>\n<\/tbody>\n<\/table>\n<h2>Caso de \u00e9xito<\/h2>\n<p>Una marca norteamericana de velas de aromaterapia seleccion\u00f3 nuestros frascos de vidrio para velas como la principal soluci\u00f3n de envasado para su serie de uso diario, la m\u00e1s vendida. El cliente realiz\u00f3 varios cambios en los frascos: cambi\u00f3 el color del vidrio a \u00e1mbar para reducir el efecto de la luz solar directa; a\u00f1adi\u00f3 motivos florales en relieve al dise\u00f1o sencillo y recto de lados para aumentar la calidad t\u00e1ctil general; y utiliz\u00f3 un m\u00e9todo de serigraf\u00eda resistente a altas temperaturas para imprimir el logotipo de la marca en el fondo del frasco.<\/p>\n<p>A los tres meses del lanzamiento, las ventas de esta serie aumentaron aproximadamente un 42%, acompa\u00f1ado de un aumento significativo en las rese\u00f1as de los envases. Gracias a la calidad estable y al beneficio del env\u00edo directo de f\u00e1brica, el cliente realiz\u00f3 tres pedidos repetidos en seis meses y nos eligi\u00f3 como su principal proveedor mayorista de frascos de vidrio para velas a largo plazo.<\/p>\n<h2>Tus consejos de personalizaci\u00f3n<\/h2>\n<ol>\n<li><strong>Tratamientos de superficies de vidrio personalizados:<\/strong> Ofrecemos opciones de vidrio ultra claro y de alta transparencia, con un toque de acabado esmerilado suave o arenado fino en la superficie interior. Esto mantiene la transparencia de la superficie exterior y suaviza visualmente el efecto de la vela en el interior, creando as\u00ed la apariencia de capas antes y despu\u00e9s de la combusti\u00f3n.<\/li>\n<li><strong>T\u00e9cnicas de identificaci\u00f3n de marca:<\/strong> Contamos con la capacidad de realizar serigraf\u00eda a alta temperatura, logotipos esmerilados localizados o logotipos de marca en relieve muy bonitos, evitando as\u00ed que las etiquetas se despeguen y haci\u00e9ndolo perfecto para productos dise\u00f1ados para una recompra estable.<\/li>\n<li><strong>Sistemas de accesorios personalizados:<\/strong> Adem\u00e1s, podemos fabricar a medida tapas de cristal, tapas de madera o tapas de metal, as\u00ed como bandejas interiores, embalajes a prueba de golpes o cajas de regalo que en conjunto constituyen su soluci\u00f3n de ventas.<\/li>\n<\/ol>","protected":false},"excerpt":{"rendered":"<p>Portavelas de vidrio premium con bases gruesas y acabado transparente. Frascos de vidrio para velas al por mayor, directos de f\u00e1brica. Admitimos pedidos al por mayor y env\u00edos r\u00e1pidos.<\/p>","protected":false},"featured_media":5360,"template":"","meta":{"postBodyCss":"","postBodyMargin":[],"postBodyPadding":[],"postBodyBackground":{"backgroundType":"classic","gradient":""}},"product_brand":[],"product_cat":[15,82,17],"product_tag":[],"class_list":{"0":"post-5356","1":"product","2":"type-product","3":"status-publish","4":"has-post-thumbnail","6":"product_cat-glass-containers","7":"product_cat-candle-jars","8":"product_cat-glass-jars","10":"first","11":"instock","12":"shipping-taxable","13":"product-type-simple"},"jetpack_sharing_enabled":true,"_links":{"self":[{"href":"https:\/\/minghanggroup.com\/es\/wp-json\/wp\/v2\/product\/5356","targetHints":{"allow":["GET"]}}],"collection":[{"href":"https:\/\/minghanggroup.com\/es\/wp-json\/wp\/v2\/product"}],"about":[{"href":"https:\/\/minghanggroup.com\/es\/wp-json\/wp\/v2\/types\/product"}],"wp:featuredmedia":[{"embeddable":true,"href":"https:\/\/minghanggroup.com\/es\/wp-json\/wp\/v2\/media\/5360"}],"wp:attachment":[{"href":"https:\/\/minghanggroup.com\/es\/wp-json\/wp\/v2\/media?parent=5356"}],"wp:term":[{"taxonomy":"product_brand","embeddable":true,"href":"https:\/\/minghanggroup.com\/es\/wp-json\/wp\/v2\/product_brand?post=5356"},{"taxonomy":"product_cat","embeddable":true,"href":"https:\/\/minghanggroup.com\/es\/wp-json\/wp\/v2\/product_cat?post=5356"},{"taxonomy":"product_tag","embeddable":true,"href":"https:\/\/minghanggroup.com\/es\/wp-json\/wp\/v2\/product_tag?post=5356"}],"curies":[{"name":"wp","href":"https:\/\/api.w.org\/{rel}","templated":true}]}}