{"id":5355,"date":"2026-01-28T09:18:29","date_gmt":"2026-01-28T01:18:29","guid":{"rendered":"https:\/\/minghanggroup.com\/?post_type=product&#038;p=5355"},"modified":"2026-01-28T16:42:30","modified_gmt":"2026-01-28T08:42:30","slug":"star-shaped-glass-tealight-candle-holders-bulk","status":"publish","type":"product","link":"https:\/\/minghanggroup.com\/es\/producto\/star-shaped-glass-tealight-candle-holders-bulk\/","title":{"rendered":"Candelabros de cristal con forma de estrella al por mayor"},"content":{"rendered":"<p>Estos son portavelas con forma de estrella. Sus estrellas vintage de cinco puntas est\u00e1n hechas de vidrio transparente y tienen un hueco poco profundo en el centro que atrapa y difunde ligeramente la luz de la vela, creando un efecto encantador.<\/p>\n<h2>Caracter\u00edsticas del producto<\/h2>\n<ul>\n<li><strong>Patr\u00f3n cl\u00e1sico de estrella de cinco puntas:<\/strong> El s\u00edmbolo de una estrella de cinco puntas es festivo y atractivo en su forma, que agrada a la vista.<\/li>\n<li><strong>Estructura de copa poco profunda:<\/strong> Este tipo de estructura cuenta con una copa central donde se fijan velas de t\u00e9 de tama\u00f1os est\u00e1ndar, pudiendo ser utilizadas de inmediato.<\/li>\n<li><strong>Base estable:<\/strong> El dise\u00f1o de la base es tal que la estrella de cinco puntas puede apoyarse en cualquier superficie para evitar caerse.<\/li>\n<\/ul>\n<h2 style=\"text-align: left;\">Especificaciones clave<\/h2>\n<table class=\"aligncenter\" style=\"border-collapse: collapse; width: 392.27pt;\" border=\"0\" width=\"523\" cellspacing=\"0\" cellpadding=\"0\">\n<tbody>\n<tr style=\"height: 13.50pt;\">\n<td style=\"height: 13.50pt; width: 120.75pt;\" width=\"161\" height=\"18\">Especificaci\u00f3n<\/td>\n<td style=\"width: 271.50pt;\" width=\"362\">Detalles<\/td>\n<\/tr>\n<tr style=\"height: 13.50pt;\">\n<td style=\"height: 13.50pt;\" height=\"18\">Dimensiones<\/td>\n<td>77\u00d721 mm<\/td>\n<\/tr>\n<tr style=\"height: 13.50pt;\">\n<td style=\"height: 13.50pt;\" height=\"18\">Material<\/td>\n<td>Vidrio transparente<\/td>\n<\/tr>\n<tr style=\"height: 13.50pt;\">\n<td style=\"height: 13.50pt;\" height=\"18\">Forma del soporte<\/td>\n<td>Estrella de cinco puntas con copa central empotrada<\/td>\n<\/tr>\n<tr style=\"height: 13.50pt;\">\n<td style=\"height: 13.50pt;\" height=\"18\">Alcance de personalizaci\u00f3n<\/td>\n<td>Tama\u00f1o, color, acabado, detalles de los bordes<\/td>\n<\/tr>\n<tr style=\"height: 13.50pt;\">\n<td style=\"height: 13.50pt;\" height=\"18\">Artesan\u00eda<\/td>\n<td>Moldeado de vidrio prensado para una forma de estrella detallada<\/td>\n<\/tr>\n<tr style=\"height: 13.50pt;\">\n<td style=\"height: 13.50pt;\" height=\"18\">Prop\u00f3sito del producto<\/td>\n<td>Candelabros de t\u00e9, candelabros de vidrio a granel<\/td>\n<\/tr>\n<tr style=\"height: 13.50pt;\">\n<td style=\"height: 13.50pt;\" height=\"18\">Industrias adecuadas<\/td>\n<td>Organizadores de eventos y bodas, marcas de decoraci\u00f3n del hogar<\/td>\n<\/tr>\n<\/tbody>\n<\/table>\n<h2>Historia de \u00e9xito: Serie navide\u00f1a de la cadena nacional de decoraci\u00f3n del hogar<\/h2>\n<p>Nuestros portavelas de t\u00e9 en forma de estrella fueron encargados por una importante empresa de decoraci\u00f3n del hogar de todo el pa\u00eds, con un ba\u00f1o de oro claro en las puntas de la estrella modificado. El dise\u00f1o se convirti\u00f3 en un \u00e9xito de ventas instant\u00e1neo tras su lanzamiento y alcanz\u00f3 un 400 % de ventas en su categor\u00eda de decoraci\u00f3n navide\u00f1a. Tiene un grosor plano de 21 mm, es f\u00e1cil de apilar y transportar, con un coste reducido del 20 % del coste log\u00edstico. La cadena qued\u00f3 satisfecha con el nivel de ventas del producto, por lo que encarg\u00f3 600.000 unidades adicionales para vender durante la pr\u00f3xima temporada navide\u00f1a.<\/p>\n<h2>Personalizaci\u00f3n de candelabros de vidrio<\/h2>\n<ul>\n<li>Acabado esmerilado o brillante: seleccione un acabado esmerilado o una peque\u00f1a cantidad de brillo para que luzca brillante.<\/li>\n<li>Enchapado de Metal: El enchapado se puede realizar en las puntas, los bordes o en toda la estrella de oro, plata o cobre.<\/li>\n<li>Grabado l\u00e1ser: aqu\u00ed se pueden grabar patrones de constelaciones en miniatura, combinaciones de alfabetos o a\u00f1os en cualquier base plana.<\/li>\n<li>Variaciones de tama\u00f1o: Prepare una colecci\u00f3n de estrellas de diferentes tama\u00f1os (peque\u00f1a, mediana, grande).<\/li>\n<\/ul>","protected":false},"excerpt":{"rendered":"<p>Portavelas de vidrio transparente en forma de estrella con bordes afilados y dise\u00f1o de copa poco profunda. Ideales para decoraci\u00f3n festiva y velas peque\u00f1as. Suministro directo de f\u00e1brica.<\/p>","protected":false},"featured_media":5363,"template":"","meta":{"postBodyCss":"","postBodyMargin":[],"postBodyPadding":[],"postBodyBackground":{"backgroundType":"classic","gradient":""}},"product_brand":[],"product_cat":[15,82,17],"product_tag":[],"class_list":{"0":"post-5355","1":"product","2":"type-product","3":"status-publish","4":"has-post-thumbnail","6":"product_cat-glass-containers","7":"product_cat-candle-jars","8":"product_cat-glass-jars","10":"first","11":"instock","12":"shipping-taxable","13":"product-type-simple"},"jetpack_sharing_enabled":true,"_links":{"self":[{"href":"https:\/\/minghanggroup.com\/es\/wp-json\/wp\/v2\/product\/5355","targetHints":{"allow":["GET"]}}],"collection":[{"href":"https:\/\/minghanggroup.com\/es\/wp-json\/wp\/v2\/product"}],"about":[{"href":"https:\/\/minghanggroup.com\/es\/wp-json\/wp\/v2\/types\/product"}],"wp:featuredmedia":[{"embeddable":true,"href":"https:\/\/minghanggroup.com\/es\/wp-json\/wp\/v2\/media\/5363"}],"wp:attachment":[{"href":"https:\/\/minghanggroup.com\/es\/wp-json\/wp\/v2\/media?parent=5355"}],"wp:term":[{"taxonomy":"product_brand","embeddable":true,"href":"https:\/\/minghanggroup.com\/es\/wp-json\/wp\/v2\/product_brand?post=5355"},{"taxonomy":"product_cat","embeddable":true,"href":"https:\/\/minghanggroup.com\/es\/wp-json\/wp\/v2\/product_cat?post=5355"},{"taxonomy":"product_tag","embeddable":true,"href":"https:\/\/minghanggroup.com\/es\/wp-json\/wp\/v2\/product_tag?post=5355"}],"curies":[{"name":"wp","href":"https:\/\/api.w.org\/{rel}","templated":true}]}}