{"id":5349,"date":"2026-01-28T15:06:31","date_gmt":"2026-01-28T07:06:31","guid":{"rendered":"https:\/\/minghanggroup.com\/?post_type=product&#038;p=5349"},"modified":"2026-01-28T15:06:33","modified_gmt":"2026-01-28T07:06:33","slug":"clear-glass-candle-jars-with-lids-wholesale","status":"publish","type":"product","link":"https:\/\/minghanggroup.com\/es\/producto\/clear-glass-candle-jars-with-lids-wholesale\/","title":{"rendered":"Tarros de cristal transparente para velas de 135 ml con tapa, venta al por mayor"},"content":{"rendered":"<p>Necesita frascos de vidrio con tapa para velas al por mayor que protejan su producto y hagan que los clientes se detengan a mitad de la compra. Por eso, hemos creado estos vers\u00e1tiles recipientes para velas en vidrio transparente, dise\u00f1ados para brindar seguridad, estilo y un gran atractivo en el estante. Como su fabricante directo de envases de vidrio, transformamos recipientes sencillos en lujosos recipientes para velas que sus clientes conservar\u00e1n mucho despu\u00e9s de que se apague la llama.<\/p>\n<h2>Caracter\u00edsticas del producto<\/h2>\n<ul>\n<li><strong>Dise\u00f1o cil\u00edndrico ultra simple:<\/strong> El dise\u00f1o tiene l\u00edneas muy simples, limpias y ordenadas, las proporciones son muy armoniosas, puede adaptarse bien a marcas de fragancias modernas, n\u00f3rdicas, minimalistas y de alta gama.<\/li>\n<li><strong>Material de vidrio de alta transparencia:<\/strong> El color de la cera y el estado de cocci\u00f3n son muy visibles a trav\u00e9s del vidrio, lo que refuerza el concepto de \u201cpureza\u201d del producto y el atractivo general de la exhibici\u00f3n.<\/li>\n<li><strong>Ideal para personalizaci\u00f3n:<\/strong> El envase transparente es extremadamente adecuado para cualquier tipo de personalizaci\u00f3n posterior, como serigraf\u00eda, etiquetado, estampaci\u00f3n en caliente o combinaci\u00f3n con una tapa de un material diferente.<\/li>\n<\/ul>\n<h2>Especificaciones clave<\/h2>\n<table style=\"border-collapse: collapse; width: 80%; margin-left: auto; margin-right: auto;\" border=\"0\" width=\"144\" cellspacing=\"0\" cellpadding=\"0\">\n<tbody>\n<tr style=\"height: 13.50pt;\">\n<td style=\"height: 13.5pt; width: 54pt; text-align: center;\" width=\"72\" height=\"18\">Caracter\u00edstica<\/td>\n<td style=\"width: 54pt; text-align: center;\" width=\"72\">Especificaci\u00f3n<\/td>\n<\/tr>\n<tr style=\"height: 13.50pt;\">\n<td style=\"height: 13.5pt; text-align: center;\" height=\"18\">Capacidad<\/td>\n<td style=\"text-align: center;\">135 ml<\/td>\n<\/tr>\n<tr style=\"height: 13.50pt;\">\n<td style=\"height: 13.5pt; text-align: center;\" height=\"18\">Dimensiones<\/td>\n<td style=\"text-align: center;\">60 \u00d7 46 \u00d7 85 mm<\/td>\n<\/tr>\n<tr style=\"height: 13.50pt;\">\n<td style=\"height: 13.5pt; text-align: center;\" height=\"18\">Compatibilidad de la tapa<\/td>\n<td style=\"text-align: center;\">Tapas de madera o metal<\/td>\n<\/tr>\n<tr style=\"height: 13.50pt;\">\n<td style=\"height: 13.5pt; text-align: center;\" height=\"18\">Material<\/td>\n<td style=\"text-align: center;\">vaso de cristal<\/td>\n<\/tr>\n<tr style=\"height: 13.50pt;\">\n<td style=\"height: 13.5pt; text-align: center;\" height=\"18\">Color<\/td>\n<td style=\"text-align: center;\">Claro o personalizado<\/td>\n<\/tr>\n<\/tbody>\n<\/table>\n<h2>Caso de \u00e9xito<\/h2>\n<p>Una peque\u00f1a marca de fragancias para el hogar del norte de Europa decidi\u00f3 utilizar nuestros frascos de velas de vidrio transparente para lanzar su nueva colecci\u00f3n y los personalizaron: en lugar de vidrio transparente, optaron por vidrio color \u00e1mbar con un acabado esmerilado, grabaron un delicado logotipo de la marca cerca de la base y agregaron un dise\u00f1o serigrafiado minimalista para comunicar visualmente su marca.<\/p>\n<p>Como resultado, su tasa de recompra aument\u00f3 un 35% y la marca experiment\u00f3 un incremento del 28% en pedidos al por mayor en dos trimestres. Estos frascos de velas personalizados se han convertido en su embalaje habitual, y han recibido grandes pedidos a lo largo de varios ciclos de producci\u00f3n.<\/p>\n<h2>Tus consejos de personalizaci\u00f3n<\/h2>\n<ol>\n<li><strong>Opciones de material de tapa de botella:<\/strong> Elija entre tapas de botellas envueltas en m\u00e1rmol natural, corcho o cuero para hacer que el candelabro sea elegante y lujoso, creando as\u00ed una marca \u00fanica del usuario.<\/li>\n<li><strong>Grabado parcialmente esmerilado:<\/strong> Utilice tecnolog\u00eda de chorro de arena para grabar el nombre, la fecha o una frase po\u00e9tica en la taza. El atractivo del regalo aumenta considerablemente gracias a la combinaci\u00f3n de superficies de vidrio esmerilado y transparente.<\/li>\n<li><strong>Tinte degradado estacional:<\/strong> A petici\u00f3n sencilla, se lograr\u00e1 un efecto degradado (es decir, de verde perenne a transparente para el invierno). El mismo tipo de frasco, con una emoci\u00f3n real completamente nueva en cada colecci\u00f3n.<\/li>\n<\/ol>","protected":false},"excerpt":{"rendered":"<p>Recipientes para velas de vidrio transparente, ideales para velas arom\u00e1ticas. Frascos de vidrio con tapa para velas, disponibles al por mayor con muestras gratuitas y personalizaci\u00f3n al por mayor.<\/p>","protected":false},"featured_media":5353,"template":"","meta":{"postBodyCss":"","postBodyMargin":[],"postBodyPadding":[],"postBodyBackground":{"backgroundType":"classic","gradient":""}},"product_brand":[],"product_cat":[15,82,17],"product_tag":[],"class_list":{"0":"post-5349","1":"product","2":"type-product","3":"status-publish","4":"has-post-thumbnail","6":"product_cat-glass-containers","7":"product_cat-candle-jars","8":"product_cat-glass-jars","10":"first","11":"instock","12":"shipping-taxable","13":"product-type-simple"},"jetpack_sharing_enabled":true,"_links":{"self":[{"href":"https:\/\/minghanggroup.com\/es\/wp-json\/wp\/v2\/product\/5349","targetHints":{"allow":["GET"]}}],"collection":[{"href":"https:\/\/minghanggroup.com\/es\/wp-json\/wp\/v2\/product"}],"about":[{"href":"https:\/\/minghanggroup.com\/es\/wp-json\/wp\/v2\/types\/product"}],"wp:featuredmedia":[{"embeddable":true,"href":"https:\/\/minghanggroup.com\/es\/wp-json\/wp\/v2\/media\/5353"}],"wp:attachment":[{"href":"https:\/\/minghanggroup.com\/es\/wp-json\/wp\/v2\/media?parent=5349"}],"wp:term":[{"taxonomy":"product_brand","embeddable":true,"href":"https:\/\/minghanggroup.com\/es\/wp-json\/wp\/v2\/product_brand?post=5349"},{"taxonomy":"product_cat","embeddable":true,"href":"https:\/\/minghanggroup.com\/es\/wp-json\/wp\/v2\/product_cat?post=5349"},{"taxonomy":"product_tag","embeddable":true,"href":"https:\/\/minghanggroup.com\/es\/wp-json\/wp\/v2\/product_tag?post=5349"}],"curies":[{"name":"wp","href":"https:\/\/api.w.org\/{rel}","templated":true}]}}