{"id":5340,"date":"2026-01-27T16:36:50","date_gmt":"2026-01-27T08:36:50","guid":{"rendered":"https:\/\/minghanggroup.com\/?post_type=product&#038;p=5340"},"modified":"2026-01-27T16:36:52","modified_gmt":"2026-01-27T08:36:52","slug":"embossed-glass-candle-jars-unique-design-for-decorative-bulk","status":"publish","type":"product","link":"https:\/\/minghanggroup.com\/es\/producto\/embossed-glass-candle-jars-unique-design-for-decorative-bulk\/","title":{"rendered":"Tarros de vela de vidrio repujado de 90 ml, dise\u00f1o \u00fanico para decoraci\u00f3n a granel"},"content":{"rendered":"<p>Necesita frascos para velas tan \u00fanicos que dejen a los visitantes sin mirarlos, y recipientes para velas tan \u00fanicos que se conviertan en recuerdos. Por eso, creamos esta colecci\u00f3n de cristal con diez texturas conmovedoras. Como su fabricante directo de envases de vidrio, combinamos arte y funcionalidad para que su l\u00ednea de velas al por mayor brille con un estilo inconfundible en cualquier tienda.<\/p>\n<h2>Caracter\u00edsticas del producto<\/h2>\n<ul>\n<li><strong>Armon\u00eda de patrones curados:<\/strong> Diez texturas diferentes, florales y en relieve, visualmente armoniosas y atractivas en conjunto en un solo estante, se transforman en espiral en una colecci\u00f3n cohesiva.<\/li>\n<li><strong>Refracci\u00f3n de luz prism\u00e1tica:<\/strong> La combinaci\u00f3n de paredes de cristal grueso con superficies texturizadas hace que la luz parpadeante de las velas transmita una atm\u00f3sfera \u00edntima, sofisticada y muy fotografiable en Instagram.<\/li>\n<li><strong>Identidad de serie unificada:<\/strong> Un solo contorno de marca es suficiente con la misma forma elegante y diferentes patrones decorativos para cada aroma, manteniendo as\u00ed la identidad de su marca mientras narra una historia diferente.<\/li>\n<\/ul>\n<h2>Especificaciones clave<\/h2>\n<table style=\"border-collapse: collapse; width: 80%; margin-left: auto; margin-right: auto;\" border=\"0\" width=\"144\" cellspacing=\"0\" cellpadding=\"0\">\n<tbody>\n<tr style=\"height: 13.50pt;\">\n<td style=\"height: 13.5pt; width: 54pt; text-align: center;\" width=\"72\" height=\"18\">Caracter\u00edstica<\/td>\n<td style=\"width: 54pt; text-align: center;\" width=\"72\">Detalles<\/td>\n<\/tr>\n<tr style=\"height: 13.50pt;\">\n<td style=\"height: 13.5pt; text-align: center;\" height=\"18\">Capacidad<\/td>\n<td style=\"text-align: center;\">90 ml<\/td>\n<\/tr>\n<tr style=\"height: 13.50pt;\">\n<td style=\"height: 13.5pt; text-align: center;\" height=\"18\">Dimensiones<\/td>\n<td style=\"text-align: center;\">55 \u00d7 52 \u00d7 65 mm<\/td>\n<\/tr>\n<tr style=\"height: 13.50pt;\">\n<td style=\"height: 13.5pt; text-align: center;\" height=\"18\">Patrones<\/td>\n<td style=\"text-align: center;\">Caracol, Puntos, Diamante, Vertical, Diente de le\u00f3n, Espiral, Girasol, Puntos rectangulares, Abanico, Puntos verticales<\/td>\n<\/tr>\n<tr style=\"height: 13.50pt;\">\n<td style=\"height: 13.5pt; text-align: center;\" height=\"18\">Material<\/td>\n<td style=\"text-align: center;\">vaso de cristal<\/td>\n<\/tr>\n<tr style=\"height: 13.50pt;\">\n<td style=\"height: 13.5pt; text-align: center;\" height=\"18\">Color<\/td>\n<td style=\"text-align: center;\">Claro o personalizado<\/td>\n<\/tr>\n<\/tbody>\n<\/table>\n<h2>Caso de \u00e9xito<\/h2>\n<p>Una peque\u00f1a marca de fragancias para el hogar, especializada en velas de soja vertidas a mano, decidi\u00f3 usar nuestros frascos de vidrio estampados para su nueva colecci\u00f3n de temporada. Para darles un toque personal, a\u00f1adieron los logotipos de la marca en relieve, eligieron colores de vidrio suaves inspirados en Morandi y usaron delicados patrones serigrafiados que se adaptaban a cada aroma.<\/p>\n<p>El principal efecto de esto fue que la marca experiment\u00f3 un aumento del 35% en las compras recurrentes. Esta gran respuesta del mercado oblig\u00f3 a la marca a convertir estos frascos de velas en su envase principal, y han seguido realizando pedidos en grandes cantidades durante los \u00faltimos cuatro trimestres.<\/p>\n<h2>Consejos de personalizaci\u00f3n para Yours<\/h2>\n<ol>\n<li><strong>Logotipo en relieve o bajo relieve:<\/strong> Cree una imagen de marca atractiva y tangible a\u00f1adiendo un logotipo en relieve o con hendidura directamente sobre la superficie del vidrio. El logotipo seguir\u00e1 visible incluso despu\u00e9s de usar la vela.<\/li>\n<li><strong>Colores de vidrio personalizados:<\/strong> Seleccione entre colores de vidrio transl\u00facidos, opacos o degradados para reflejar ciertos temas de fragancias o colecciones de temporada y al mismo tiempo aumentar la difusi\u00f3n de la luz.<\/li>\n<li><strong>Acabado esmerilado o \u00e1cido, grabado:<\/strong> Utilice glaseado total o parcial para atenuar la luz de las velas, aumentar la textura visual y sugerir un estilo sofisticado y contempor\u00e1neo.<\/li>\n<\/ol>","protected":false},"excerpt":{"rendered":"<p>Con dise\u00f1os \u00fanicos en frascos para velas y recipientes con una est\u00e9tica \u00fanica. Suministro directo de f\u00e1brica, muestras gratuitas y personalizaci\u00f3n al por mayor.<\/p>","protected":false},"featured_media":5344,"template":"","meta":{"postBodyCss":"","postBodyMargin":[],"postBodyPadding":[],"postBodyBackground":{"backgroundType":"classic","gradient":""}},"product_brand":[],"product_cat":[15,82,17],"product_tag":[],"class_list":{"0":"post-5340","1":"product","2":"type-product","3":"status-publish","4":"has-post-thumbnail","6":"product_cat-glass-containers","7":"product_cat-candle-jars","8":"product_cat-glass-jars","10":"first","11":"instock","12":"shipping-taxable","13":"product-type-simple"},"jetpack_sharing_enabled":true,"_links":{"self":[{"href":"https:\/\/minghanggroup.com\/es\/wp-json\/wp\/v2\/product\/5340","targetHints":{"allow":["GET"]}}],"collection":[{"href":"https:\/\/minghanggroup.com\/es\/wp-json\/wp\/v2\/product"}],"about":[{"href":"https:\/\/minghanggroup.com\/es\/wp-json\/wp\/v2\/types\/product"}],"wp:featuredmedia":[{"embeddable":true,"href":"https:\/\/minghanggroup.com\/es\/wp-json\/wp\/v2\/media\/5344"}],"wp:attachment":[{"href":"https:\/\/minghanggroup.com\/es\/wp-json\/wp\/v2\/media?parent=5340"}],"wp:term":[{"taxonomy":"product_brand","embeddable":true,"href":"https:\/\/minghanggroup.com\/es\/wp-json\/wp\/v2\/product_brand?post=5340"},{"taxonomy":"product_cat","embeddable":true,"href":"https:\/\/minghanggroup.com\/es\/wp-json\/wp\/v2\/product_cat?post=5340"},{"taxonomy":"product_tag","embeddable":true,"href":"https:\/\/minghanggroup.com\/es\/wp-json\/wp\/v2\/product_tag?post=5340"}],"curies":[{"name":"wp","href":"https:\/\/api.w.org\/{rel}","templated":true}]}}