{"id":5339,"date":"2026-01-27T14:32:30","date_gmt":"2026-01-27T06:32:30","guid":{"rendered":"https:\/\/minghanggroup.com\/?post_type=product&#038;p=5339"},"modified":"2026-01-27T15:57:43","modified_gmt":"2026-01-27T07:57:43","slug":"tall-clear-carved-glass-candle-holders-bulk","status":"publish","type":"product","link":"https:\/\/minghanggroup.com\/es\/producto\/tall-clear-carved-glass-candle-holders-bulk\/","title":{"rendered":"Candelabros altos de vidrio tallado transparente al por mayor"},"content":{"rendered":"<p>Estos candelabros de vidrio est\u00e1n bellamente elaborados. La parte superior tiene forma de copa, tallada con un diamante, para sostener la vela. La columna principal, redonda, tiene un uso m\u00e1s decorativo, y su base ancha y acampanada ayuda a mantenerla estable.<\/p>\n<h2>Caracter\u00edsticas del producto<\/h2>\n<ul>\n<li><strong>Corte de diamante vintage:<\/strong> La taza, el asa y la base est\u00e1n llenos de peque\u00f1os patrones de diamantes, as\u00ed como patrones radiales, que le dan un aspecto brillante.<\/li>\n<li><strong>Dise\u00f1o de candelabro alto:<\/strong> El dise\u00f1o alto y de varios niveles tiene la ventaja adicional del \u00e9nfasis visual en la llama de la vela, adem\u00e1s de ser consciente de la seguridad, ya que la llama en realidad no tiene que tocar la mesa.<\/li>\n<li><strong>Base grande y acampanada:<\/strong> La base es ancha y estable, y es incre\u00edblemente estable, pudiendo sostener velas altas.<\/li>\n<\/ul>\n<h2 style=\"text-align: left;\">Especificaciones clave<\/h2>\n<table class=\"aligncenter\" style=\"border-collapse: collapse; width: 409.52pt;\" border=\"0\" width=\"546\" cellspacing=\"0\" cellpadding=\"0\">\n<tbody>\n<tr style=\"height: 13.50pt;\">\n<td style=\"height: 13.50pt; width: 117.75pt;\" width=\"157\" height=\"18\">Especificaci\u00f3n<\/td>\n<td style=\"width: 291.75pt;\" width=\"389\">Detalles<\/td>\n<\/tr>\n<tr style=\"height: 13.50pt;\">\n<td style=\"height: 13.50pt;\" height=\"18\">Dimensiones<\/td>\n<td>35\u00d779\u00d710 mm<\/td>\n<\/tr>\n<tr style=\"height: 13.50pt;\">\n<td style=\"height: 13.50pt;\" height=\"18\">Material<\/td>\n<td>Vidrio tallado pesado y transparente<\/td>\n<\/tr>\n<tr style=\"height: 13.50pt;\">\n<td style=\"height: 13.50pt;\" height=\"18\">Alcance de personalizaci\u00f3n<\/td>\n<td>Color, patr\u00f3n de corte, tama\u00f1o, forma<\/td>\n<\/tr>\n<tr style=\"height: 13.50pt;\">\n<td style=\"height: 13.50pt;\" height=\"18\">Artesan\u00eda<\/td>\n<td>Prensado y corte de vidrio complejo<\/td>\n<\/tr>\n<tr style=\"height: 13.50pt;\">\n<td style=\"height: 13.50pt;\" height=\"18\">Prop\u00f3sito del producto<\/td>\n<td>Candelabros de lujo, candelabros de vidrio al por mayor<\/td>\n<\/tr>\n<tr style=\"height: 13.50pt;\">\n<td style=\"height: 13.50pt;\" height=\"18\">Industrias adecuadas<\/td>\n<td>Organizadores de bodas y eventos, marcas de velas<\/td>\n<\/tr>\n<\/tbody>\n<\/table>\n<h2>Historia de \u00e9xito: Un hotel de lujo y lugar para eventos en Europa<\/h2>\n<p>Una empresa europea de planificaci\u00f3n de eventos necesitaba un candelabro exclusivo, hecho a medida para una boda de lujo. Instalamos nuestros candelabros de vidrio, hechos a pedido, en un tono \u00e1mbar claro y con bordes dorados. Estos candelabros eran el centro de atenci\u00f3n de sus presentaciones de mesa premium, que inclu\u00edan en el 95 % de sus paquetes de boda de alta gama. Su estilo cl\u00e1sico encajaba a la perfecci\u00f3n con la arquitectura del lugar, lo que gener\u00f3 un 98 % de satisfacci\u00f3n entre los clientes. La empresa qued\u00f3 sumamente satisfecha y, por lo tanto, realiz\u00f3 otro pedido de 100\u00a0000 candelabros de vidrio.<\/p>\n<h2>Candelabros de vidrio personalizados al por mayor<\/h2>\n<ul>\n<li>Patrones: Patrones cortados a medida de la copa, tallo o base (por ejemplo, estrella, diamante de fresa).<\/li>\n<li>Chapado en metal: Las l\u00edneas de corte m\u00e1s finas est\u00e1n adornadas con l\u00e1minas de oro, plata o platino.<\/li>\n<li>Incrustaci\u00f3n de vidrieras: Se coloca esmalte de color en los patrones cortados y rellenos mediante un proceso especial.<\/li>\n<li>Altura\/proporci\u00f3n personalizada: cambia la altura general o la proporci\u00f3n de la copa, el tallo y la base.<\/li>\n<\/ul>","protected":false},"excerpt":{"rendered":"<p>Candelabros decorativos de vidrio con cortes de diamante y base radiante, ideales para exhibiciones de lujo. Candelabros de vidrio duraderos, disponibles al por mayor.<\/p>","protected":false},"featured_media":5348,"template":"","meta":{"postBodyCss":"","postBodyMargin":[],"postBodyPadding":[],"postBodyBackground":{"backgroundType":"classic","gradient":""}},"product_brand":[],"product_cat":[15,82,17],"product_tag":[],"class_list":{"0":"post-5339","1":"product","2":"type-product","3":"status-publish","4":"has-post-thumbnail","6":"product_cat-glass-containers","7":"product_cat-candle-jars","8":"product_cat-glass-jars","10":"first","11":"instock","12":"shipping-taxable","13":"product-type-simple"},"jetpack_sharing_enabled":true,"_links":{"self":[{"href":"https:\/\/minghanggroup.com\/es\/wp-json\/wp\/v2\/product\/5339","targetHints":{"allow":["GET"]}}],"collection":[{"href":"https:\/\/minghanggroup.com\/es\/wp-json\/wp\/v2\/product"}],"about":[{"href":"https:\/\/minghanggroup.com\/es\/wp-json\/wp\/v2\/types\/product"}],"wp:featuredmedia":[{"embeddable":true,"href":"https:\/\/minghanggroup.com\/es\/wp-json\/wp\/v2\/media\/5348"}],"wp:attachment":[{"href":"https:\/\/minghanggroup.com\/es\/wp-json\/wp\/v2\/media?parent=5339"}],"wp:term":[{"taxonomy":"product_brand","embeddable":true,"href":"https:\/\/minghanggroup.com\/es\/wp-json\/wp\/v2\/product_brand?post=5339"},{"taxonomy":"product_cat","embeddable":true,"href":"https:\/\/minghanggroup.com\/es\/wp-json\/wp\/v2\/product_cat?post=5339"},{"taxonomy":"product_tag","embeddable":true,"href":"https:\/\/minghanggroup.com\/es\/wp-json\/wp\/v2\/product_tag?post=5339"}],"curies":[{"name":"wp","href":"https:\/\/api.w.org\/{rel}","templated":true}]}}