{"id":5330,"date":"2026-01-27T13:54:38","date_gmt":"2026-01-27T05:54:38","guid":{"rendered":"https:\/\/minghanggroup.com\/?post_type=product&#038;p=5330"},"modified":"2026-01-27T14:31:44","modified_gmt":"2026-01-27T06:31:44","slug":"clear-empty-square-candle-jars-wholesale","status":"publish","type":"product","link":"https:\/\/minghanggroup.com\/es\/producto\/clear-empty-square-candle-jars-wholesale\/","title":{"rendered":"Tarros de vela cuadrados vac\u00edos transparentes de 80 ml a 640 ml al por mayor"},"content":{"rendered":"<p>Estos frascos cuadrados para velas son sencillos y cl\u00e1sicos, con \u00e1ngulos pronunciados y una base gruesa y resistente. Vienen en varios tama\u00f1os.<\/p>\n<h2>Caracter\u00edsticas del producto<\/h2>\n<ul>\n<li><strong>Forma de cubo simple:<\/strong> El patr\u00f3n de cubo es universal y se puede apilar para dar un aspecto limpio y moderno.<\/li>\n<li><strong>Parte inferior duradera:<\/strong> La base es gruesa para que cada frasco sea estable y no se vuelque.<\/li>\n<li><strong>Varios tama\u00f1os:<\/strong> El producto viene en cuatro tama\u00f1os diferentes para formar una l\u00ednea de productos independiente, que var\u00eda entre velas peque\u00f1as y grandes y llamativas.<\/li>\n<\/ul>\n<h2 style=\"text-align: left;\">Especificaciones clave<\/h2>\n<table class=\"aligncenter\" style=\"border-collapse: collapse; width: 430.52pt;\" border=\"0\" width=\"574\" cellspacing=\"0\" cellpadding=\"0\">\n<tbody>\n<tr style=\"height: 13.50pt;\">\n<td style=\"height: 13.50pt; width: 117.75pt;\" width=\"157\" height=\"18\">Especificaci\u00f3n<\/td>\n<td style=\"width: 312.75pt;\" width=\"417\">Detalles<\/td>\n<\/tr>\n<tr style=\"height: 13.50pt;\">\n<td style=\"height: 13.50pt;\" height=\"18\">Dimensiones<\/td>\n<td>52\u00d748\u00d752mm \/ 60\u00d758\u00d760mm \/ 80\u00d775\u00d780mm \/ 100\u00d795\u00d7100mm<\/td>\n<\/tr>\n<tr style=\"height: 13.50pt;\">\n<td style=\"height: 13.50pt;\" height=\"18\">Capacidad<\/td>\n<td>80 ml \/ 120 ml \/ 300 ml \/ 640 ml<\/td>\n<\/tr>\n<tr style=\"height: 13.50pt;\">\n<td style=\"height: 13.50pt;\" height=\"18\">Material<\/td>\n<td>Vidrio transparente<\/td>\n<\/tr>\n<tr style=\"height: 13.50pt;\">\n<td style=\"height: 13.50pt;\" height=\"18\">Forma de tarro<\/td>\n<td>Cubo<\/td>\n<\/tr>\n<tr style=\"height: 13.50pt;\">\n<td style=\"height: 13.50pt;\" height=\"18\">Alcance de personalizaci\u00f3n<\/td>\n<td>Color, forma, tama\u00f1o, tapas<\/td>\n<\/tr>\n<tr style=\"height: 13.50pt;\">\n<td style=\"height: 13.50pt;\" height=\"18\">Artesan\u00eda<\/td>\n<td>Conformado de vidrio cuadrado de precisi\u00f3n<\/td>\n<\/tr>\n<tr style=\"height: 13.50pt;\">\n<td style=\"height: 13.50pt;\" height=\"18\">Prop\u00f3sito del producto<\/td>\n<td>Frascos para velas de boticario, velas decorativas<\/td>\n<\/tr>\n<tr style=\"height: 13.50pt;\">\n<td style=\"height: 13.50pt;\" height=\"18\">Industrias adecuadas<\/td>\n<td>Fabricantes de velas, marcas de decoraci\u00f3n del hogar<\/td>\n<\/tr>\n<\/tbody>\n<\/table>\n<h2>Historia de \u00e9xito: Una marca de velas y muebles para el hogar del Medio Oeste estadounidense<\/h2>\n<p>Una empresa de fragancias para el hogar del Medio Oeste estadounidense encarg\u00f3 nuestros frascos de boticario para velas de 300 ml y 640 ml, y los personaliz\u00f3 con un tono gris ahumado y peque\u00f1as etiquetas serigrafiadas. Su forma cuadrada y uniforme caus\u00f3 un gran impacto en el anaquel, lo que impuls\u00f3 un crecimiento del 40 % en las ventas en tienda. La base pesada garantiz\u00f3 la estabilidad, reduciendo as\u00ed las reclamaciones por da\u00f1os durante el env\u00edo en un 95 %. El \u00e9xito de la marca la ha llevado a encargar otros 400\u00a0000 frascos de vidrio de diferentes tama\u00f1os para satisfacer la demanda de producci\u00f3n en los pr\u00f3ximos dos a\u00f1os.<\/p>\n<h2>Personalizaci\u00f3n de tarros de vela cuadrados<\/h2>\n<ul>\n<li>Logotipo\/Capacidad impreso: Inscriba un peque\u00f1o logotipo elevado o una marca de capacidad en el costado del frasco de vidrio.<\/li>\n<li>Tapas personalizadas: cree una tapa personalizada que combine maravillosamente con tapas cuadradas de madera, metal o corcho.<\/li>\n<li>Vidrio Bicolor: proceso de dos colores o transparencia.<\/li>\n<li>Versiones redondeadas: se pueden conseguir con esquinas un poco m\u00e1s redondeadas.<\/li>\n<\/ul>","protected":false},"excerpt":{"rendered":"<p>Frascos minimalistas de boticario con dise\u00f1o cuadrado transparente y base gruesa, perfectos para velas arom\u00e1ticas y decoraci\u00f3n. Frascos cuadrados premium con muestras gratis.<\/p>","protected":false},"featured_media":5334,"template":"","meta":{"postBodyCss":"","postBodyMargin":[],"postBodyPadding":[],"postBodyBackground":{"backgroundType":"classic","gradient":""}},"product_brand":[],"product_cat":[15,82,17],"product_tag":[],"class_list":{"0":"post-5330","1":"product","2":"type-product","3":"status-publish","4":"has-post-thumbnail","6":"product_cat-glass-containers","7":"product_cat-candle-jars","8":"product_cat-glass-jars","10":"first","11":"instock","12":"shipping-taxable","13":"product-type-simple"},"jetpack_sharing_enabled":true,"_links":{"self":[{"href":"https:\/\/minghanggroup.com\/es\/wp-json\/wp\/v2\/product\/5330","targetHints":{"allow":["GET"]}}],"collection":[{"href":"https:\/\/minghanggroup.com\/es\/wp-json\/wp\/v2\/product"}],"about":[{"href":"https:\/\/minghanggroup.com\/es\/wp-json\/wp\/v2\/types\/product"}],"wp:featuredmedia":[{"embeddable":true,"href":"https:\/\/minghanggroup.com\/es\/wp-json\/wp\/v2\/media\/5334"}],"wp:attachment":[{"href":"https:\/\/minghanggroup.com\/es\/wp-json\/wp\/v2\/media?parent=5330"}],"wp:term":[{"taxonomy":"product_brand","embeddable":true,"href":"https:\/\/minghanggroup.com\/es\/wp-json\/wp\/v2\/product_brand?post=5330"},{"taxonomy":"product_cat","embeddable":true,"href":"https:\/\/minghanggroup.com\/es\/wp-json\/wp\/v2\/product_cat?post=5330"},{"taxonomy":"product_tag","embeddable":true,"href":"https:\/\/minghanggroup.com\/es\/wp-json\/wp\/v2\/product_tag?post=5330"}],"curies":[{"name":"wp","href":"https:\/\/api.w.org\/{rel}","templated":true}]}}