{"id":5329,"date":"2026-01-27T14:38:24","date_gmt":"2026-01-27T06:38:24","guid":{"rendered":"https:\/\/minghanggroup.com\/?post_type=product&#038;p=5329"},"modified":"2026-03-02T15:01:40","modified_gmt":"2026-03-02T07:01:40","slug":"320ml-950ml-classic-clear-glass-candle-jars-with-lids-wholesale","status":"publish","type":"product","link":"https:\/\/minghanggroup.com\/es\/producto\/320ml-950ml-classic-clear-glass-candle-jars-with-lids-wholesale\/","title":{"rendered":"Tarros de cristal transparente cl\u00e1sicos para velas con tapa (320 ml - 950 ml) al por mayor"},"content":{"rendered":"<p>Necesita frascos para velas con opciones de tapa que protejan su producto y sorprendan a sus clientes. Por eso, fabricamos frascos para velas con tapa al por mayor en vidrio transparente, dise\u00f1ados para brindar seguridad, estilo y un gran atractivo en el estante. Como su fabricante directo de envases de vidrio, transformamos recipientes sencillos en lujosos recipientes para velas que sus clientes conservar\u00e1n mucho despu\u00e9s de que se apague la llama.<\/p>\n<h2>Caracter\u00edsticas del producto<\/h2>\n<ul>\n<li><strong>Tapa, Precisi\u00f3n Lista:<\/strong> Puedes combinar f\u00e1cilmente cualquier tama\u00f1o con tapas de madera o metal para mantenerlos frescos, evitar el polvo y hacer que los regalos luzcan mejor.<\/li>\n<li><strong>Claridad cristalina:<\/strong> Observa c\u00f3mo el aceite esencial perfumado fluye en espiral a trav\u00e9s del primer cristal. Sin vaho. Puro deleite visual.<\/li>\n<li><strong>Espectro de tama\u00f1o:<\/strong> Desde acogedores 320 ml hasta atractivos 690 ml, abarcan todas las historias de aromas. Tus frascos de velas al por mayor lo tienen todo.<\/li>\n<\/ul>\n<h2>Especificaciones clave<\/h2>\n<table style=\"border-collapse: collapse; width: 80%; margin-left: auto; margin-right: auto;\" border=\"0\" width=\"288\" cellspacing=\"0\" cellpadding=\"0\">\n<tbody>\n<tr style=\"height: 13.50pt;\">\n<td style=\"height: 13.5pt; width: 54pt; text-align: center;\" width=\"72\" height=\"18\">Capacidad (ml)<\/td>\n<td style=\"width: 54pt; text-align: center;\" width=\"72\">Dimensiones (mm)<\/td>\n<td style=\"width: 54pt; text-align: center;\" width=\"72\">Material<\/td>\n<td style=\"width: 54pt; text-align: center;\" width=\"72\">Opciones de color<\/td>\n<\/tr>\n<tr style=\"height: 13.50pt;\">\n<td style=\"height: 13.5pt; text-align: center;\" align=\"right\" height=\"18\">320<\/td>\n<td style=\"text-align: center;\">80 \u00d7 75 \u00d7 100<\/td>\n<td class=\"et2\" style=\"text-align: center;\" rowspan=\"5\">vaso de cristal<\/td>\n<td class=\"et2\" style=\"text-align: center;\" rowspan=\"5\">Claro\/personalizado<\/td>\n<\/tr>\n<tr style=\"height: 13.50pt;\">\n<td style=\"height: 13.5pt; text-align: center;\" align=\"right\" height=\"18\">410<\/td>\n<td style=\"text-align: center;\">88 \u00d7 83 \u00d7 100<\/td>\n<\/tr>\n<tr style=\"height: 13.50pt;\">\n<td style=\"height: 13.5pt; text-align: center;\" align=\"right\" height=\"18\">430<\/td>\n<td style=\"text-align: center;\">90 \u00d7 85 \u00d7 102<\/td>\n<\/tr>\n<tr style=\"height: 13.50pt;\">\n<td style=\"height: 13.5pt; text-align: center;\" align=\"right\" height=\"18\">550<\/td>\n<td style=\"text-align: center;\">100 \u00d7 94 \u00d7 101<\/td>\n<\/tr>\n<tr style=\"height: 13.50pt;\">\n<td style=\"height: 13.5pt; text-align: center;\" align=\"right\" height=\"18\">690<\/td>\n<td style=\"text-align: center;\">100 \u00d7 92 \u00d7 125<\/td>\n<\/tr>\n<\/tbody>\n<\/table>\n<h2>Caso de \u00e9xito<\/h2>\n<p>Una marca boutique de fragancias para el hogar, especializada en velas perfumadas de aplicaci\u00f3n manual, decidi\u00f3 optar por nuestros frascos de vidrio transparente para el lanzamiento de su nueva colecci\u00f3n. Les dieron un suave acabado esmerilado, patrones geom\u00e9tricos serigrafiados y un elegante logotipo de la marca grabado cerca de la base. Esta combinaci\u00f3n permiti\u00f3 que la llama de la vela dejara escapar m\u00e1s luz, lo que le dio al producto un toque m\u00e1s lujoso a los clientes.<\/p>\n<p>Como resultado, el n\u00famero de clientes que interactuaban con el producto en la tienda aument\u00f3 dr\u00e1sticamente y los pedidos de los distribuidores se incrementaron un 35 %. La empresa se interes\u00f3 en este elegante tarro para velas para diversas l\u00edneas de fragancias y sigui\u00f3 encarg\u00e1ndolos para las siguientes colecciones de temporada.<\/p>\n<h2>Tus consejos de personalizaci\u00f3n<\/h2>\n<ol>\n<li><strong>Marca en relieve en capas:<\/strong> Se coloca un logotipo o marca en relieve en la mitad inferior de la botella, creando una capa de contraste con la mitad superior hecha de vidrio transparente, lo que no solo aumenta el atractivo t\u00e1ctil sino tambi\u00e9n el reconocimiento premium.<\/li>\n<li><strong>Acento atmosf\u00e9rico esmerilado:<\/strong> Solo se aplica un glaseado limitado o degradado en la parte media o inferior, lo que ayuda a que la vela emita efectos de iluminaci\u00f3n m\u00e1s suaves y atmosf\u00e9ricos cuando est\u00e1 encendida.<\/li>\n<li><strong>Arte narrativo en seda y serigraf\u00eda:<\/strong> Se crean unas cuantas l\u00edneas de s\u00edmbolos de fragancias o frases cortas de la historia de la marca mediante serigraf\u00eda para decorar la botella y reforzar la narrativa de la marca.<\/li>\n<\/ol>","protected":false},"excerpt":{"rendered":"<p>Frascos para velas de alta transparencia con tapa, dise\u00f1ados para marcas y compradores al por mayor. Suministro directo de f\u00e1brica, frascos para velas con tapa al por mayor, con posibilidad de personalizaci\u00f3n al por mayor.<\/p>","protected":false},"featured_media":5338,"template":"","meta":{"postBodyCss":"","postBodyMargin":[],"postBodyPadding":[],"postBodyBackground":{"backgroundType":"classic","gradient":""}},"product_brand":[],"product_cat":[15,82,17],"product_tag":[96],"class_list":{"0":"post-5329","1":"product","2":"type-product","3":"status-publish","4":"has-post-thumbnail","6":"product_cat-glass-containers","7":"product_cat-candle-jars","8":"product_cat-glass-jars","9":"product_tag-whiskey-tumblers","11":"first","12":"instock","13":"shipping-taxable","14":"product-type-simple"},"jetpack_sharing_enabled":true,"_links":{"self":[{"href":"https:\/\/minghanggroup.com\/es\/wp-json\/wp\/v2\/product\/5329","targetHints":{"allow":["GET"]}}],"collection":[{"href":"https:\/\/minghanggroup.com\/es\/wp-json\/wp\/v2\/product"}],"about":[{"href":"https:\/\/minghanggroup.com\/es\/wp-json\/wp\/v2\/types\/product"}],"wp:featuredmedia":[{"embeddable":true,"href":"https:\/\/minghanggroup.com\/es\/wp-json\/wp\/v2\/media\/5338"}],"wp:attachment":[{"href":"https:\/\/minghanggroup.com\/es\/wp-json\/wp\/v2\/media?parent=5329"}],"wp:term":[{"taxonomy":"product_brand","embeddable":true,"href":"https:\/\/minghanggroup.com\/es\/wp-json\/wp\/v2\/product_brand?post=5329"},{"taxonomy":"product_cat","embeddable":true,"href":"https:\/\/minghanggroup.com\/es\/wp-json\/wp\/v2\/product_cat?post=5329"},{"taxonomy":"product_tag","embeddable":true,"href":"https:\/\/minghanggroup.com\/es\/wp-json\/wp\/v2\/product_tag?post=5329"}],"curies":[{"name":"wp","href":"https:\/\/api.w.org\/{rel}","templated":true}]}}