{"id":5324,"date":"2026-01-27T11:06:52","date_gmt":"2026-01-27T03:06:52","guid":{"rendered":"https:\/\/minghanggroup.com\/?post_type=product&#038;p=5324"},"modified":"2026-01-27T13:12:05","modified_gmt":"2026-01-27T05:12:05","slug":"round-thick-glass-empty-candle-holder-jars-wholesale","status":"publish","type":"product","link":"https:\/\/minghanggroup.com\/es\/producto\/round-thick-glass-empty-candle-holder-jars-wholesale\/","title":{"rendered":"Portavelas vac\u00edos de vidrio grueso redondo al por mayor"},"content":{"rendered":"<p>Estos portavelas tienen un dise\u00f1o limpio y estilizado, de forma redonda y con una abertura amplia y plana. La diferencia entre las capas exterior e interior, que forman la capa exterior y la interior respectivamente, reside en la doble capa que forma una imagen tridimensional simple y tridimensional.<\/p>\n<h2>Caracter\u00edsticas del producto<\/h2>\n<ul>\n<li><strong>Forma hemisf\u00e9rica pura:<\/strong> La forma redondeada y suave es cl\u00e1sica y ancestral y toda la atenci\u00f3n se presta a la vela en s\u00ed.<\/li>\n<li><strong>Apertura amplia y plana:<\/strong> La amplia apertura permite verter cera para formar un charco m\u00e1s grande y asegura que la vela se queme de manera limpia y uniforme.<\/li>\n<li><strong>Base estable con centro de gravedad bajo:<\/strong> Esta base es ancha y plana lo que la hace muy estable y disminuye el centro de gravedad de la vela.<\/li>\n<\/ul>\n<h2 style=\"text-align: left;\">Especificaciones clave<\/h2>\n<table class=\"aligncenter\" style=\"border-collapse: collapse; width: 435.77pt;\" border=\"0\" width=\"581\" cellspacing=\"0\" cellpadding=\"0\">\n<tbody>\n<tr style=\"height: 13.50pt;\">\n<td style=\"height: 13.50pt; width: 138.00pt;\" width=\"184\" height=\"18\">Especificaci\u00f3n<\/td>\n<td style=\"width: 297.75pt;\" width=\"397\">Detalles<\/td>\n<\/tr>\n<tr style=\"height: 13.50pt;\">\n<td style=\"height: 13.50pt;\" height=\"18\">Dimensiones<\/td>\n<td>68\u00d725 mm<\/td>\n<\/tr>\n<tr style=\"height: 13.50pt;\">\n<td style=\"height: 13.50pt;\" height=\"18\">Material<\/td>\n<td>Vidrio transparente<\/td>\n<\/tr>\n<tr style=\"height: 13.50pt;\">\n<td style=\"height: 13.50pt;\" height=\"18\">Forma del plato<\/td>\n<td>Hemisferio poco profundo\/Plato con borde plano<\/td>\n<\/tr>\n<tr style=\"height: 13.50pt;\">\n<td style=\"height: 13.50pt;\" height=\"18\">Alcance de personalizaci\u00f3n<\/td>\n<td>Forma, color, tama\u00f1o, acabado<\/td>\n<\/tr>\n<tr style=\"height: 13.50pt;\">\n<td style=\"height: 13.50pt;\" height=\"18\">Caracter\u00edstica de la artesan\u00eda<\/td>\n<td>Soplado\/conformado de vidrio de precisi\u00f3n<\/td>\n<\/tr>\n<tr style=\"height: 13.50pt;\">\n<td style=\"height: 13.50pt;\" height=\"18\">Prop\u00f3sito del producto<\/td>\n<td>Recipientes para velas, recipientes minimalistas para velas<\/td>\n<\/tr>\n<tr style=\"height: 13.50pt;\">\n<td style=\"height: 13.50pt;\" height=\"18\">Industrias adecuadas<\/td>\n<td>Marcas de velas modernas, minoristas de decoraci\u00f3n del hogar<\/td>\n<\/tr>\n<\/tbody>\n<\/table>\n<h2>Historia de \u00e9xito: Un producto de gran \u00e9xito de ventas de una marca de estilo de vida japonesa<\/h2>\n<p>Nuestros tarros portavelas fueron encargados por una marca japonesa de estilo minimalista, y se encarg\u00f3 un material de vidrio especial ultraclaro y con bajo contenido de hierro para lograr la m\u00e1xima transparencia. El dise\u00f1o minimalista del tarro lo convirti\u00f3 en un sello distintivo de la marca, lo que contribuy\u00f3 a un crecimiento del 200 % en las compras en l\u00ednea. El material de vidrio de alta calidad garantiz\u00f3 una entrega impecable. La marca fue un \u00e9xito rotundo y, posteriormente, se realiz\u00f3 otro pedido de 500\u00a0000 tarros para su expansi\u00f3n global.<\/p>\n<h2>Personalizaci\u00f3n de contenedores para velas<\/h2>\n<ul>\n<li>Relieve: Dise\u00f1o Agregue un emblema peque\u00f1o y en relieve o una imagen simple a la base del recipiente.<\/li>\n<li>Serigraf\u00eda: Tener un logotipo simple o un texto impreso en el costado del contenedor de manera discreta.<\/li>\n<li>Perfil de llanta personalizado: seleccione una llanta inclinada o redondeada.<\/li>\n<li>Acentos de vidrieras: utilice el arte de la artesan\u00eda del vidrio para envolver un fino anillo de vidrieras en el borde o la base del recipiente.<\/li>\n<\/ul>","protected":false},"excerpt":{"rendered":"<p>Elegantes portavelas con un dise\u00f1o circular y elegante, ideales para interiores modernos y bricolaje. Recipientes de alta calidad para velas con certificaci\u00f3n OEM.<\/p>","protected":false},"featured_media":5325,"template":"","meta":{"postBodyCss":"","postBodyMargin":[],"postBodyPadding":[],"postBodyBackground":{"backgroundType":"classic","gradient":""}},"product_brand":[],"product_cat":[15,82,17],"product_tag":[],"class_list":{"0":"post-5324","1":"product","2":"type-product","3":"status-publish","4":"has-post-thumbnail","6":"product_cat-glass-containers","7":"product_cat-candle-jars","8":"product_cat-glass-jars","10":"first","11":"instock","12":"shipping-taxable","13":"product-type-simple"},"jetpack_sharing_enabled":true,"_links":{"self":[{"href":"https:\/\/minghanggroup.com\/es\/wp-json\/wp\/v2\/product\/5324","targetHints":{"allow":["GET"]}}],"collection":[{"href":"https:\/\/minghanggroup.com\/es\/wp-json\/wp\/v2\/product"}],"about":[{"href":"https:\/\/minghanggroup.com\/es\/wp-json\/wp\/v2\/types\/product"}],"wp:featuredmedia":[{"embeddable":true,"href":"https:\/\/minghanggroup.com\/es\/wp-json\/wp\/v2\/media\/5325"}],"wp:attachment":[{"href":"https:\/\/minghanggroup.com\/es\/wp-json\/wp\/v2\/media?parent=5324"}],"wp:term":[{"taxonomy":"product_brand","embeddable":true,"href":"https:\/\/minghanggroup.com\/es\/wp-json\/wp\/v2\/product_brand?post=5324"},{"taxonomy":"product_cat","embeddable":true,"href":"https:\/\/minghanggroup.com\/es\/wp-json\/wp\/v2\/product_cat?post=5324"},{"taxonomy":"product_tag","embeddable":true,"href":"https:\/\/minghanggroup.com\/es\/wp-json\/wp\/v2\/product_tag?post=5324"}],"curies":[{"name":"wp","href":"https:\/\/api.w.org\/{rel}","templated":true}]}}