{"id":5314,"date":"2026-01-27T10:55:52","date_gmt":"2026-01-27T02:55:52","guid":{"rendered":"https:\/\/minghanggroup.com\/?post_type=product&#038;p=5314"},"modified":"2026-01-27T16:41:44","modified_gmt":"2026-01-27T08:41:44","slug":"crystal-candle-jars-for-brands-wholesale","status":"publish","type":"product","link":"https:\/\/minghanggroup.com\/es\/producto\/crystal-candle-jars-for-brands-wholesale\/","title":{"rendered":"Tarros de cristal para velas de 105 ml, 140 ml y 1100 ml para marcas al por mayor"},"content":{"rendered":"<p>Necesita frascos de cristal para velas que se vendan incluso antes de encender la mecha. Por eso, fabricamos envases para velas al por mayor con l\u00edneas limpias y funcionalidad inteligente, para que su l\u00ednea de velas arom\u00e1ticas destaque en cualquier tienda. Como su fabricante de envases de vidrio de confianza, transformamos el vidrio simple en recipientes de lujo para velas que los clientes conservan mucho despu\u00e9s de que la llama se apague.<\/p>\n<h2>Caracter\u00edsticas del producto<\/h2>\n<ul>\n<li><strong>Silueta atemporal:<\/strong> La boca ancha para verter f\u00e1cilmente con una base estrecha para una estabilidad s\u00f3lida como una roca: el recipiente para velas no solo funciona, sino que tambi\u00e9n sorprende.<\/li>\n<li><strong>Claridad cristalina:<\/strong> Puedes ver cada gota de aceites esenciales perfumados a trav\u00e9s de un cristal de primera calidad. Sin filtros ni distorsi\u00f3n: pura magia visual.<\/li>\n<li><strong>Construido para durar:<\/strong> Base reforzada, antivuelco durante largos periodos de combusti\u00f3n. Seguridad y elegancia se unen en cada vela.<\/li>\n<\/ul>\n<h2>Especificaciones clave<\/h2>\n<table style=\"border-collapse: collapse; width: 80%; margin-left: auto; margin-right: auto;\" border=\"0\" width=\"288\" cellspacing=\"0\" cellpadding=\"0\">\n<tbody>\n<tr style=\"height: 13.50pt;\">\n<td style=\"height: 13.5pt; width: 54pt; text-align: center;\" width=\"72\" height=\"18\">Capacidad (ml)<\/td>\n<td style=\"width: 54pt; text-align: center;\" width=\"72\">Dimensiones (mm)<\/td>\n<td style=\"width: 54pt; text-align: center;\" width=\"72\">Material<\/td>\n<td style=\"width: 54pt; text-align: center;\" width=\"72\">Opciones de color<\/td>\n<\/tr>\n<tr style=\"height: 13.50pt;\">\n<td style=\"height: 13.5pt; text-align: center;\" align=\"right\" height=\"18\">105<\/td>\n<td style=\"text-align: center;\">65 \u00d7 45 \u00d7 65<\/td>\n<td class=\"et2\" style=\"text-align: center;\" rowspan=\"3\">vaso de cristal<\/td>\n<td class=\"et2\" style=\"text-align: center;\" rowspan=\"3\">Claro\/personalizado<\/td>\n<\/tr>\n<tr style=\"height: 13.50pt;\">\n<td style=\"height: 13.5pt; text-align: center;\" align=\"right\" height=\"18\">140<\/td>\n<td style=\"text-align: center;\">75 \u00d7 56 \u00d7 76<\/td>\n<\/tr>\n<tr style=\"height: 13.50pt;\">\n<td style=\"height: 13.5pt; text-align: center;\" align=\"right\" height=\"18\">1100<\/td>\n<td style=\"text-align: center;\">135 \u00d7 105 \u00d7 125<\/td>\n<\/tr>\n<\/tbody>\n<\/table>\n<h2>Caso de \u00e9xito<\/h2>\n<p>Una marca n\u00f3rdica de velas de aromaterapia decidi\u00f3 que nuestros frascos de cristal para velas ser\u00edan el envase principal de su lujosa serie. Teniendo en cuenta el posicionamiento de la marca, se realizaron numerosas personalizaciones: los frascos presentaban originales dise\u00f1os florales y bot\u00e1nicos en relieve, un logotipo de la marca blanco mate serigrafiado y un c\u00f3digo de lote invisible en la base para facilitar la gesti\u00f3n del canal.<\/p>\n<p>Las ventas de esta serie de velas aumentaron aproximadamente un 42 % interanual en los tres meses posteriores a su lanzamiento. Considerando la respuesta favorable del mercado, el cliente realiz\u00f3 dos pedidos adicionales en el segundo trimestre y tambi\u00e9n utiliz\u00f3 este envase en su gama est\u00e1ndar de contenedores para velas al por mayor para un uso a largo plazo.<\/p>\n<h2>Tus consejos de personalizaci\u00f3n<\/h2>\n<ol>\n<li><strong>Corte de cristal y personalizaci\u00f3n del tratamiento de superficies:<\/strong> Decora la superficie del vidrio con l\u00edneas rectas, cortes de cristal, diamantes o cualquier patr\u00f3n geom\u00e9trico personalizado, etc., que ser\u00e1n capaces de crear efectos de refracci\u00f3n de luz \u00fanicos cuando se iluminen.<\/li>\n<li><strong>Artesan\u00eda del logotipo de la marca:<\/strong> Nuestros servicios incluyen serigraf\u00eda, estampaci\u00f3n en caliente, grabado l\u00e1ser o logotipos en relieve. Estos pueden utilizarse tanto para el exterior del portavelas como, si se trata de un logotipo discreto, en la base. De esta forma, podemos satisfacer f\u00e1cilmente las diferentes necesidades de los canales minoristas y de cajas de regalo.<\/li>\n<li><strong>Soluciones de coincidencia extendidas:<\/strong> Ofrece la posibilidad de combinar tapas de vidrio personalizadas con tapas de metal o madera y tambi\u00e9n permite tama\u00f1os de empaque &#034;est\u00e1ndar&#034; para una f\u00e1cil venta de juegos completos de velas perfumadas de alta gama.<\/li>\n<\/ol>","protected":false},"excerpt":{"rendered":"<p>Frascos de cristal para velas dise\u00f1ados para l\u00edneas de velas modernas. Como mayoristas confiables de envases para velas, ofrecemos personalizaci\u00f3n al por mayor para ayudar a las marcas a lanzar sus productos eficientemente.<\/p>","protected":false},"featured_media":5319,"template":"","meta":{"postBodyCss":"","postBodyMargin":[],"postBodyPadding":[],"postBodyBackground":{"backgroundType":"classic","gradient":""}},"product_brand":[],"product_cat":[15,82,17],"product_tag":[],"class_list":{"0":"post-5314","1":"product","2":"type-product","3":"status-publish","4":"has-post-thumbnail","6":"product_cat-glass-containers","7":"product_cat-candle-jars","8":"product_cat-glass-jars","10":"first","11":"instock","12":"shipping-taxable","13":"product-type-simple"},"jetpack_sharing_enabled":true,"_links":{"self":[{"href":"https:\/\/minghanggroup.com\/es\/wp-json\/wp\/v2\/product\/5314","targetHints":{"allow":["GET"]}}],"collection":[{"href":"https:\/\/minghanggroup.com\/es\/wp-json\/wp\/v2\/product"}],"about":[{"href":"https:\/\/minghanggroup.com\/es\/wp-json\/wp\/v2\/types\/product"}],"wp:featuredmedia":[{"embeddable":true,"href":"https:\/\/minghanggroup.com\/es\/wp-json\/wp\/v2\/media\/5319"}],"wp:attachment":[{"href":"https:\/\/minghanggroup.com\/es\/wp-json\/wp\/v2\/media?parent=5314"}],"wp:term":[{"taxonomy":"product_brand","embeddable":true,"href":"https:\/\/minghanggroup.com\/es\/wp-json\/wp\/v2\/product_brand?post=5314"},{"taxonomy":"product_cat","embeddable":true,"href":"https:\/\/minghanggroup.com\/es\/wp-json\/wp\/v2\/product_cat?post=5314"},{"taxonomy":"product_tag","embeddable":true,"href":"https:\/\/minghanggroup.com\/es\/wp-json\/wp\/v2\/product_tag?post=5314"}],"curies":[{"name":"wp","href":"https:\/\/api.w.org\/{rel}","templated":true}]}}