{"id":5309,"date":"2026-01-27T10:14:13","date_gmt":"2026-01-27T02:14:13","guid":{"rendered":"https:\/\/minghanggroup.com\/?post_type=product&#038;p=5309"},"modified":"2026-01-27T10:14:15","modified_gmt":"2026-01-27T02:14:15","slug":"scented-candle-jars-wholesale-candle-jar-manufacturers","status":"publish","type":"product","link":"https:\/\/minghanggroup.com\/es\/producto\/scented-candle-jars-wholesale-candle-jar-manufacturers\/","title":{"rendered":"Tarros de vidrio para velas perfumadas con rayas verticales al por mayor"},"content":{"rendered":"<p>Tus frascos para velas arom\u00e1ticas no solo deben contener cera, sino que tambi\u00e9n deben transformar la fragancia. Como fabricantes l\u00edderes de frascos para velas, creamos recipientes de cristal de doble uso que convierten tu l\u00ednea de velas al por mayor en un ritual diario para tus clientes.<\/p>\n<h2>Caracter\u00edsticas del producto<\/h2>\n<ul>\n<li><strong>Dise\u00f1o reversible:<\/strong> B\u00e1sicamente, un candelabro se puede utilizar de dos maneras diferentes: puede sostener una vela grande en un lado y una vela fina en el otro.<\/li>\n<li><strong>Efecto de luz acanalada vertical:<\/strong> Las nervaduras sirven como prisma para atrapar la luz, por lo que su bonito candelabro se iluminar\u00e1 con un brillo suave y parpadeante.<\/li>\n<li><strong>Claro:<\/strong> Es el vidrio de primera calidad que permite ver las gotas de aceite esencial con mucha nitidez, no hay ni una sola pizca de distorsi\u00f3n.<\/li>\n<\/ul>\n<h2>Especificaciones clave<\/h2>\n<table style=\"border-collapse: collapse; width: 80%; margin-left: auto; margin-right: auto;\" border=\"0\" width=\"144\" cellspacing=\"0\" cellpadding=\"0\">\n<tbody>\n<tr style=\"height: 13.50pt;\">\n<td style=\"height: 13.5pt; width: 54pt; text-align: center;\" width=\"72\" height=\"18\">Caracter\u00edstica<\/td>\n<td style=\"width: 54pt; text-align: center;\" width=\"72\">Especificaci\u00f3n<\/td>\n<\/tr>\n<tr style=\"height: 13.50pt;\">\n<td style=\"height: 13.5pt; text-align: center;\" height=\"18\">Tama\u00f1o<\/td>\n<td style=\"text-align: center;\">45\u00d734\u00d770 mm<\/td>\n<\/tr>\n<tr style=\"height: 13.50pt;\">\n<td style=\"height: 13.5pt; text-align: center;\" height=\"18\">Patr\u00f3n<\/td>\n<td style=\"text-align: center;\">Costillas verticales<\/td>\n<\/tr>\n<tr style=\"height: 13.50pt;\">\n<td style=\"height: 13.5pt; text-align: center;\" height=\"18\">Forma<\/td>\n<td style=\"text-align: center;\">Doble uso \/ Delgado<\/td>\n<\/tr>\n<tr style=\"height: 13.50pt;\">\n<td style=\"height: 13.5pt; text-align: center;\" height=\"18\">Material<\/td>\n<td style=\"text-align: center;\">vaso de cristal<\/td>\n<\/tr>\n<tr style=\"height: 13.50pt;\">\n<td style=\"height: 13.5pt; text-align: center;\" height=\"18\">Color<\/td>\n<td style=\"text-align: center;\">Claro o personalizado<\/td>\n<\/tr>\n<\/tbody>\n<\/table>\n<h2>Caso de \u00e9xito<\/h2>\n<p>Una marca de fragancias de origen local que crea fragancias minimalistas y de lujo decidi\u00f3 utilizar nuestros frascos de velas de vidrio para el lanzamiento de su nuevo producto y los personalizaron: eligieron un acabado esmerilado, grabaron en relieve el delicado logotipo de su marca en el fondo del frasco e imprimieron en pantalla un patr\u00f3n que iba de acuerdo con la historia de la fragancia.<\/p>\n<p>Tras la transici\u00f3n a este envase de vidrio a medida, el valor percibido de la marca experiment\u00f3 un gran impulso, lo que se tradujo en mayores tasas de recompra por parte de los socios minoristas y un incremento del 35 % en las ventas totales en los dos trimestres siguientes. Desde entonces, nos han realizado regularmente grandes pedidos de volumen para varias l\u00edneas de productos posteriores.<\/p>\n<h2>Tus consejos de personalizaci\u00f3n<\/h2>\n<ol>\n<li><strong>Logotipo en relieve o bajo relieve:<\/strong> Coloque un logotipo en relieve o empotrado en la superficie del vidrio para aumentar la visibilidad de la marca y brindar una experiencia t\u00e1ctil lujosa sin el uso de etiquetas.<\/li>\n<li><strong>Tintes de color de vidrio personalizados:<\/strong> Ofrece opciones de colores muy claros como gris humo, \u00e1mbar o verde suave que pueden corresponder a varias l\u00edneas de perfumes o colecciones de temporada.<\/li>\n<li><strong>Patrones serigrafiados y de seda:<\/strong> Coloque gr\u00e1ficos simples, patrones o historias de marca directamente en el vidrio para lograr un efecto decorativo ordenado y duradero.<\/li>\n<\/ol>","protected":false},"excerpt":{"rendered":"<p>Frascos para velas perfumadas con dise\u00f1o de vidrio estratificado y base estable. Entrega directa de f\u00e1brica, muestras gratuitas y personalizaci\u00f3n al por mayor.<\/p>","protected":false},"featured_media":5313,"template":"","meta":{"postBodyCss":"","postBodyMargin":[],"postBodyPadding":[],"postBodyBackground":{"backgroundType":"classic","gradient":""}},"product_brand":[],"product_cat":[15,82,17],"product_tag":[],"class_list":{"0":"post-5309","1":"product","2":"type-product","3":"status-publish","4":"has-post-thumbnail","6":"product_cat-glass-containers","7":"product_cat-candle-jars","8":"product_cat-glass-jars","10":"first","11":"instock","12":"shipping-taxable","13":"product-type-simple"},"jetpack_sharing_enabled":true,"_links":{"self":[{"href":"https:\/\/minghanggroup.com\/es\/wp-json\/wp\/v2\/product\/5309","targetHints":{"allow":["GET"]}}],"collection":[{"href":"https:\/\/minghanggroup.com\/es\/wp-json\/wp\/v2\/product"}],"about":[{"href":"https:\/\/minghanggroup.com\/es\/wp-json\/wp\/v2\/types\/product"}],"wp:featuredmedia":[{"embeddable":true,"href":"https:\/\/minghanggroup.com\/es\/wp-json\/wp\/v2\/media\/5313"}],"wp:attachment":[{"href":"https:\/\/minghanggroup.com\/es\/wp-json\/wp\/v2\/media?parent=5309"}],"wp:term":[{"taxonomy":"product_brand","embeddable":true,"href":"https:\/\/minghanggroup.com\/es\/wp-json\/wp\/v2\/product_brand?post=5309"},{"taxonomy":"product_cat","embeddable":true,"href":"https:\/\/minghanggroup.com\/es\/wp-json\/wp\/v2\/product_cat?post=5309"},{"taxonomy":"product_tag","embeddable":true,"href":"https:\/\/minghanggroup.com\/es\/wp-json\/wp\/v2\/product_tag?post=5309"}],"curies":[{"name":"wp","href":"https:\/\/api.w.org\/{rel}","templated":true}]}}