{"id":5308,"date":"2026-01-27T08:46:51","date_gmt":"2026-01-27T00:46:51","guid":{"rendered":"https:\/\/minghanggroup.com\/?post_type=product&#038;p=5308"},"modified":"2026-01-27T11:06:36","modified_gmt":"2026-01-27T03:06:36","slug":"bowl-shaped-empty-reusable-candle-jars-wholesale","status":"publish","type":"product","link":"https:\/\/minghanggroup.com\/es\/producto\/bowl-shaped-empty-reusable-candle-jars-wholesale\/","title":{"rendered":"Frascos para velas reutilizables vac\u00edos con forma de cuenco al por mayor"},"content":{"rendered":"<p>Estos son frascos de velas reutilizables, y est\u00e1n dise\u00f1ados en forma de cuenco, con bordes ensanchados y boca ancha, lo que es adecuado para contener velas de t\u00e9 o velas peque\u00f1as.<\/p>\n<h2>Caracter\u00edsticas del producto<\/h2>\n<ul>\n<li><strong>Material sedoso de alta transparencia:<\/strong> El vidrio transparente muestra perfectamente la llama de la vela y otros materiales decorativos.<\/li>\n<li><strong>Dise\u00f1o de boca ancha y cuerpo poco profundo:<\/strong> Este dise\u00f1o es f\u00e1cil de usar porque la boca ancha y el dise\u00f1o poco profundo del cuerpo se adaptan a las velas de t\u00e9 o velas arom\u00e1ticas peque\u00f1as y es muy f\u00e1cil limpiar y cambiar la vela.<\/li>\n<li><strong>Dise\u00f1o de platillo:<\/strong> El dise\u00f1o sencillo del platillo es f\u00e1cil de limpiar y el frasco se puede reutilizar cuando se quema la vela.<\/li>\n<\/ul>\n<h2 style=\"text-align: left;\">Especificaciones clave<\/h2>\n<table class=\"aligncenter\" style=\"border-collapse: collapse; width: 370.52pt;\" border=\"0\" width=\"494\" cellspacing=\"0\" cellpadding=\"0\">\n<tbody>\n<tr style=\"height: 13.50pt;\">\n<td style=\"height: 13.50pt; width: 128.25pt;\" width=\"171\" height=\"18\">Especificaci\u00f3n<\/td>\n<td style=\"width: 242.25pt;\" width=\"323\">Detalles<\/td>\n<\/tr>\n<tr style=\"height: 13.50pt;\">\n<td style=\"height: 13.50pt;\" height=\"18\">Dimensiones<\/td>\n<td>78\u00d728 mm<\/td>\n<\/tr>\n<tr style=\"height: 13.50pt;\">\n<td style=\"height: 13.50pt;\" height=\"18\">Material<\/td>\n<td>Vidrio transparente<\/td>\n<\/tr>\n<tr style=\"height: 13.50pt;\">\n<td style=\"height: 13.50pt;\" height=\"18\">Forma de tarro\/plato<\/td>\n<td>Plato\/cuenco poco profundo<\/td>\n<\/tr>\n<tr style=\"height: 13.50pt;\">\n<td style=\"height: 13.50pt;\" height=\"18\">Alcance de personalizaci\u00f3n<\/td>\n<td>Color, forma, pescado, textura base<\/td>\n<\/tr>\n<tr style=\"height: 13.50pt;\">\n<td style=\"height: 13.50pt;\" height=\"18\">Caracter\u00edstica de la artesan\u00eda<\/td>\n<td>Conformado de vidrio prensado de precisi\u00f3n<\/td>\n<\/tr>\n<tr style=\"height: 13.50pt;\">\n<td style=\"height: 13.50pt;\" height=\"18\">Prop\u00f3sito del producto<\/td>\n<td>Tarros para velas, tarros para velas vac\u00edos al por mayor<\/td>\n<\/tr>\n<tr style=\"height: 13.50pt;\">\n<td style=\"height: 13.50pt;\" height=\"18\">Industrias adecuadas<\/td>\n<td>Fabricantes de velas, marcas de decoraci\u00f3n del hogar<\/td>\n<\/tr>\n<\/tbody>\n<\/table>\n<h2>Historia de \u00e9xito: un minorista n\u00f3rdico de art\u00edculos para el hogar<\/h2>\n<p>Una tienda n\u00f3rdica de art\u00edculos para el hogar encarg\u00f3 nuestros frascos reutilizables para velas y los dot\u00f3 de un tono gris claro. Este dise\u00f1o de borde natural se adaptaba perfectamente a la apariencia natural de la marca, lo cual se destac\u00f3 en el 60 % de las rese\u00f1as de los clientes. Estos frascos se vendieron en 48 horas tras su lanzamiento y fueron un \u00e9xito de ventas. La tienda qued\u00f3 tan satisfecha con el producto que realiz\u00f3 un pedido de 300\u00a0000 unidades adicionales para incorporarlas en su colecci\u00f3n de la pr\u00f3xima temporada.<\/p>\n<h2>Tarro de vela vac\u00edo personalizado al por mayor<\/h2>\n<ul>\n<li>Base en relieve: es una imagen o logotipo peque\u00f1o y en relieve que se coloca en el centro del interior del plato.<\/li>\n<li>Serigraf\u00eda: Imprima un dise\u00f1o simple, un logotipo o un texto en la capa inferior plana.<\/li>\n<li>Superficie texturizada: La superficie interior tiene peque\u00f1as texturas punteadas o lineales.<\/li>\n<li>Base personalizada: agregue una base de vidrio transparente peque\u00f1a y ligeramente elevada en la parte inferior.<\/li>\n<\/ul>","protected":false},"excerpt":{"rendered":"<p>Frascos vac\u00edos transparentes para velas al por mayor, en forma de cuenco poco profundo con borde ondulado, ideales para velas de t\u00e9 y decoraci\u00f3n. Frascos reutilizables premium con env\u00edo r\u00e1pido.<\/p>","protected":false},"featured_media":5320,"template":"","meta":{"postBodyCss":"","postBodyMargin":[],"postBodyPadding":[],"postBodyBackground":{"backgroundType":"classic","gradient":""}},"product_brand":[],"product_cat":[15,82,17],"product_tag":[],"class_list":{"0":"post-5308","1":"product","2":"type-product","3":"status-publish","4":"has-post-thumbnail","6":"product_cat-glass-containers","7":"product_cat-candle-jars","8":"product_cat-glass-jars","10":"first","11":"instock","12":"shipping-taxable","13":"product-type-simple"},"jetpack_sharing_enabled":true,"_links":{"self":[{"href":"https:\/\/minghanggroup.com\/es\/wp-json\/wp\/v2\/product\/5308","targetHints":{"allow":["GET"]}}],"collection":[{"href":"https:\/\/minghanggroup.com\/es\/wp-json\/wp\/v2\/product"}],"about":[{"href":"https:\/\/minghanggroup.com\/es\/wp-json\/wp\/v2\/types\/product"}],"wp:featuredmedia":[{"embeddable":true,"href":"https:\/\/minghanggroup.com\/es\/wp-json\/wp\/v2\/media\/5320"}],"wp:attachment":[{"href":"https:\/\/minghanggroup.com\/es\/wp-json\/wp\/v2\/media?parent=5308"}],"wp:term":[{"taxonomy":"product_brand","embeddable":true,"href":"https:\/\/minghanggroup.com\/es\/wp-json\/wp\/v2\/product_brand?post=5308"},{"taxonomy":"product_cat","embeddable":true,"href":"https:\/\/minghanggroup.com\/es\/wp-json\/wp\/v2\/product_cat?post=5308"},{"taxonomy":"product_tag","embeddable":true,"href":"https:\/\/minghanggroup.com\/es\/wp-json\/wp\/v2\/product_tag?post=5308"}],"curies":[{"name":"wp","href":"https:\/\/api.w.org\/{rel}","templated":true}]}}