{"id":5299,"date":"2026-01-26T16:38:10","date_gmt":"2026-01-26T08:38:10","guid":{"rendered":"https:\/\/minghanggroup.com\/?post_type=product&#038;p=5299"},"modified":"2026-01-26T16:53:33","modified_gmt":"2026-01-26T08:53:33","slug":"dimpled-texture-candle-glass-jars-wholesale","status":"publish","type":"product","link":"https:\/\/minghanggroup.com\/es\/producto\/dimpled-texture-candle-glass-jars-wholesale\/","title":{"rendered":"Tarros de cristal para velas con textura de hoyuelos de 80 ml al por mayor"},"content":{"rendered":"<p>Tus frascos de vidrio para velas al por mayor no solo deben contener cera, sino que tambi\u00e9n deben hacer que tu tienda brille como un vitral l\u00edquido. Como especialistas en recipientes para velas, fabricamos recipientes de lujo que convierten tu l\u00ednea de velas al por mayor en un art\u00edculo imprescindible para tus clientes.<\/p>\n<h2>Caracter\u00edsticas del producto<\/h2>\n<ul>\n<li><strong>Juego de luces LED Dimp:<\/strong> Peque\u00f1os puntos proyectan la luz parpadeante de una vela como si fuera un encaje flotante, una fragancia decorativa para el hogar en un instante.<\/li>\n<li><strong>Forma c\u00f3nica estable:<\/strong> Una parte superior ligeramente m\u00e1s ancha, ideal para velas de una sola mecha. El portavelas se ve y se siente robusto y seguro.<\/li>\n<li><strong>Publicaci\u00f3n, valor de la vela:<\/strong> Tus envases de velas vac\u00edos se convierten en decoraci\u00f3n de escritorio, sin desperdicio, m\u00e1ximo estilo.<\/li>\n<\/ul>\n<h2>Especificaciones clave<\/h2>\n<table style=\"border-collapse: collapse; width: 80%; margin-left: auto; margin-right: auto;\" border=\"0\" width=\"288\" cellspacing=\"0\" cellpadding=\"0\">\n<tbody>\n<tr style=\"height: 13.50pt;\">\n<td style=\"height: 13.5pt; width: 54pt; text-align: center;\" width=\"72\" height=\"18\">Tama\u00f1o<\/td>\n<td style=\"width: 54pt; text-align: center;\" width=\"72\">Dimensiones (mm)<\/td>\n<td style=\"width: 54pt; text-align: center;\" width=\"72\">Patr\u00f3n<\/td>\n<td style=\"width: 54pt; text-align: center;\" width=\"72\">Material<\/td>\n<\/tr>\n<tr style=\"height: 13.50pt;\">\n<td style=\"height: 13.5pt; text-align: center;\" height=\"18\">80 ml<\/td>\n<td style=\"text-align: center;\">55 \u00d7 45 \u00d7 64<\/td>\n<td style=\"text-align: center;\">Textura con hoyuelos<\/td>\n<td style=\"text-align: center;\">vaso de cristal<\/td>\n<\/tr>\n<\/tbody>\n<\/table>\n<h2>Caso de \u00e9xito<\/h2>\n<p>Una marca boutique de fragancias para el hogar, especializada en productos minimalistas, seleccion\u00f3 nuestros portavelas de vidrio texturizado para el lanzamiento de su nueva l\u00ednea de productos. Personalizaron el dise\u00f1o a\u00f1adiendo un acabado esmerilado, un elegante logotipo de la marca en relieve en la base y un patr\u00f3n geom\u00e9trico serigrafiado que armonizaba con la tem\u00e1tica del aroma.<\/p>\n<p>El atractivo del producto en las estanter\u00edas aument\u00f3 significativamente gracias a su elegante dise\u00f1o, lo que impuls\u00f3 un aumento del 45 % en las ventas durante los dos primeros meses. La marca, motivada por la buena acogida del mercado, convirti\u00f3 este candelabro en su envase principal y continu\u00f3 realizando grandes pedidos de diferentes colecciones de temporada.<\/p>\n<h2>Sus opciones de personalizaci\u00f3n<\/h2>\n<ol>\n<li><strong>Logotipo en relieve o bajo relieve: <\/strong>Agregue un logotipo tridimensional o hundido directamente sobre la superficie del vidrio para aumentar el reconocimiento de la marca, lo que tambi\u00e9n permite que la etiqueta se mantenga minimalista y con un aspecto premium.<\/li>\n<li><strong>Color de vidrio personalizado:<\/strong> Ofrezca opciones de vidrio tintado como gris humo, \u00e1mbar o verde apagado, no solo para afectar la difusi\u00f3n de la luz, sino tambi\u00e9n para darle a su producto un aspecto \u00fanico en el estante.<\/li>\n<li><strong>Serigraf\u00eda, Serigraf\u00eda:<\/strong> Se pueden usar tintas resistentes al calor para aplicar patrones de l\u00edneas finas, \u00edconos o tipograf\u00eda que sea duradera y que no se despegue durante la grabaci\u00f3n.<\/li>\n<\/ol>","protected":false},"excerpt":{"rendered":"<p>Vidrio texturizado para velas modernas. Frascos de vidrio para velas al por mayor, directos de f\u00e1brica, muestras gratuitas, personalizaci\u00f3n al por mayor, ideales como recipientes para velas para marcas.<\/p>","protected":false},"featured_media":5307,"template":"","meta":{"postBodyCss":"","postBodyMargin":[],"postBodyPadding":[],"postBodyBackground":{"backgroundType":"classic","gradient":""}},"product_brand":[],"product_cat":[17,82,15],"product_tag":[],"class_list":{"0":"post-5299","1":"product","2":"type-product","3":"status-publish","4":"has-post-thumbnail","6":"product_cat-glass-jars","7":"product_cat-candle-jars","8":"product_cat-glass-containers","10":"first","11":"instock","12":"shipping-taxable","13":"product-type-simple"},"jetpack_sharing_enabled":true,"_links":{"self":[{"href":"https:\/\/minghanggroup.com\/es\/wp-json\/wp\/v2\/product\/5299","targetHints":{"allow":["GET"]}}],"collection":[{"href":"https:\/\/minghanggroup.com\/es\/wp-json\/wp\/v2\/product"}],"about":[{"href":"https:\/\/minghanggroup.com\/es\/wp-json\/wp\/v2\/types\/product"}],"wp:featuredmedia":[{"embeddable":true,"href":"https:\/\/minghanggroup.com\/es\/wp-json\/wp\/v2\/media\/5307"}],"wp:attachment":[{"href":"https:\/\/minghanggroup.com\/es\/wp-json\/wp\/v2\/media?parent=5299"}],"wp:term":[{"taxonomy":"product_brand","embeddable":true,"href":"https:\/\/minghanggroup.com\/es\/wp-json\/wp\/v2\/product_brand?post=5299"},{"taxonomy":"product_cat","embeddable":true,"href":"https:\/\/minghanggroup.com\/es\/wp-json\/wp\/v2\/product_cat?post=5299"},{"taxonomy":"product_tag","embeddable":true,"href":"https:\/\/minghanggroup.com\/es\/wp-json\/wp\/v2\/product_tag?post=5299"}],"curies":[{"name":"wp","href":"https:\/\/api.w.org\/{rel}","templated":true}]}}