{"id":5294,"date":"2026-01-26T16:47:34","date_gmt":"2026-01-26T08:47:34","guid":{"rendered":"https:\/\/minghanggroup.com\/?post_type=product&#038;p=5294"},"modified":"2026-03-02T15:03:19","modified_gmt":"2026-03-02T07:03:19","slug":"glass-candle-empty-jars-with-textured-patterns-wholesale","status":"publish","type":"product","link":"https:\/\/minghanggroup.com\/es\/producto\/glass-candle-empty-jars-with-textured-patterns-wholesale\/","title":{"rendered":"Tarros vac\u00edos de vidrio para velas de 250 ml con patrones texturizados, venta al por mayor"},"content":{"rendered":"<p>Tus frascos vac\u00edos de velas no deber\u00edan quedarse vac\u00edos, sino convertirse en una pieza de decoraci\u00f3n de escritorio cuando termines. Como especialistas en recipientes para velas, creamos recipientes de lujo que convertir\u00e1n tu l\u00ednea de velas al por mayor en la favorita de tus clientes.<\/p>\n<h2>Caracter\u00edsticas del producto<\/h2>\n<ul>\n<li><strong>Patrones de luz y dispersi\u00f3n:<\/strong> Las rayas verticales reflejan la luz de la vela de una manera muy delicada, como un encaje l\u00edquido, una elegancia instant\u00e1nea perfecta para la fragancia de tu hogar.<\/li>\n<li><strong>Base de vidrio resistente:<\/strong> Gracias a su base gruesa, no se tambalear\u00e1 al colocarlo en un estante. Su velador tendr\u00e1 la sensaci\u00f3n de ser un producto de alta calidad y duradero.<\/li>\n<li><strong>Claridad cristalina:<\/strong> Se pueden admirar los diferentes colores de los aceites esenciales perfumados ya que el vidrio es cristalino, sin filtros turbios.<\/li>\n<\/ul>\n<h2>Especificaciones clave<\/h2>\n<table style=\"border-collapse: collapse; width: 80%; margin-left: auto; margin-right: auto;\" border=\"0\" width=\"288\" cellspacing=\"0\" cellpadding=\"0\">\n<tbody>\n<tr style=\"height: 13.50pt;\">\n<td style=\"height: 13.5pt; width: 54pt; text-align: center;\" width=\"72\" height=\"18\">Tama\u00f1o<\/td>\n<td style=\"width: 54pt; text-align: center;\" width=\"72\">Dimensiones (mm)<\/td>\n<td style=\"width: 54pt; text-align: center;\" width=\"72\">Patrones<\/td>\n<td style=\"width: 54pt; text-align: center;\" width=\"72\">Material<\/td>\n<\/tr>\n<tr style=\"height: 13.50pt;\">\n<td style=\"height: 13.5pt; text-align: center;\" height=\"18\">250 ml<\/td>\n<td style=\"text-align: center;\">80\u00d780\u00d788<\/td>\n<td style=\"text-align: center;\">Rayas verticales, cuadr\u00edcula de puntos<\/td>\n<td style=\"text-align: center;\">vaso de cristal<\/td>\n<\/tr>\n<\/tbody>\n<\/table>\n<h2>Caso de \u00e9xito<\/h2>\n<p>Una marca de fragancias para el hogar buscaba envases para velas que transmitieran de inmediato una imagen de marca lujosa, de dise\u00f1o y enfocada, adem\u00e1s de ser pr\u00e1cticos para el uso diario. Para lanzar su nueva l\u00ednea de productos, se decidieron por nuestros frascos de vidrio texturizado y les dieron una nueva imagen de marca con nuestros logotipos en relieve, un acabado esmerilado suave y delicados patrones serigrafiados inspirados en la narrativa de la marca.<\/p>\n<p>Las ventas del conjunto aumentaron un 45% dentro de los dos meses posteriores al lanzamiento del nuevo producto en comparaci\u00f3n con el momento en que se utiliz\u00f3 el embalaje anterior, lo que hizo que la marca decidiera cambiar a estos frascos de velas personalizados como su soluci\u00f3n de embalaje principal y continuar orden\u00e1ndolos para varios lanzamientos de productos de temporada.<\/p>\n<h2>Sus opciones de personalizaci\u00f3n<\/h2>\n<ol>\n<li><strong>Personalizaci\u00f3n de logotipo en relieve\/bajo relieve:<\/strong> Puedes estampar o grabar en relieve un logotipo en la porci\u00f3n cuadrada ya en blanco de la cara de la botella.<\/li>\n<li><strong>Color de botella personalizado (pintura en aerosol\/coloraci\u00f3n de material):<\/strong> Es posible tener colores de baja saturaci\u00f3n como gris ahumado, \u00e1mbar, blanco lechoso y verde oscuro, o incluso un color totalmente nuevo con olor para hacer que la serie se destaque y llame la atenci\u00f3n del cliente en el estante.<\/li>\n<li><strong>Patrones o dise\u00f1os:<\/strong> La impresi\u00f3n de patrones o dise\u00f1os puede ser serigraf\u00eda monocrom\u00e1tica o multicrom\u00e1tica. La botella puede decorarse con nombres de marcas, figuras geom\u00e9tricas o incluso aromas, lo que la hace duradera y resistente, impidiendo que la impresi\u00f3n se desvanezca f\u00e1cilmente.<\/li>\n<\/ol>","protected":false},"excerpt":{"rendered":"<p>Frascos vac\u00edos para velas con refinadas texturas de vidrio, ideales para guardar velas. Suministro directo de f\u00e1brica y personalizaci\u00f3n flexible al por mayor.<\/p>","protected":false},"featured_media":5298,"template":"","meta":{"postBodyCss":"","postBodyMargin":[],"postBodyPadding":[],"postBodyBackground":{"backgroundType":"classic","gradient":""}},"product_brand":[],"product_cat":[15,82,17],"product_tag":[97,96],"class_list":{"0":"post-5294","1":"product","2":"type-product","3":"status-publish","4":"has-post-thumbnail","6":"product_cat-glass-containers","7":"product_cat-candle-jars","8":"product_cat-glass-jars","9":"product_tag-rocks-glass","10":"product_tag-whiskey-tumblers","12":"first","13":"instock","14":"shipping-taxable","15":"product-type-simple"},"jetpack_sharing_enabled":true,"_links":{"self":[{"href":"https:\/\/minghanggroup.com\/es\/wp-json\/wp\/v2\/product\/5294","targetHints":{"allow":["GET"]}}],"collection":[{"href":"https:\/\/minghanggroup.com\/es\/wp-json\/wp\/v2\/product"}],"about":[{"href":"https:\/\/minghanggroup.com\/es\/wp-json\/wp\/v2\/types\/product"}],"wp:featuredmedia":[{"embeddable":true,"href":"https:\/\/minghanggroup.com\/es\/wp-json\/wp\/v2\/media\/5298"}],"wp:attachment":[{"href":"https:\/\/minghanggroup.com\/es\/wp-json\/wp\/v2\/media?parent=5294"}],"wp:term":[{"taxonomy":"product_brand","embeddable":true,"href":"https:\/\/minghanggroup.com\/es\/wp-json\/wp\/v2\/product_brand?post=5294"},{"taxonomy":"product_cat","embeddable":true,"href":"https:\/\/minghanggroup.com\/es\/wp-json\/wp\/v2\/product_cat?post=5294"},{"taxonomy":"product_tag","embeddable":true,"href":"https:\/\/minghanggroup.com\/es\/wp-json\/wp\/v2\/product_tag?post=5294"}],"curies":[{"name":"wp","href":"https:\/\/api.w.org\/{rel}","templated":true}]}}