{"id":5293,"date":"2026-01-26T13:03:56","date_gmt":"2026-01-26T05:03:56","guid":{"rendered":"https:\/\/minghanggroup.com\/?post_type=product&#038;p=5293"},"modified":"2026-01-26T16:47:01","modified_gmt":"2026-01-26T08:47:01","slug":"goblet-style-empty-reuse-candle-jars-bulk","status":"publish","type":"product","link":"https:\/\/minghanggroup.com\/es\/producto\/goblet-style-empty-reuse-candle-jars-bulk\/","title":{"rendered":"Frascos para velas reutilizables vac\u00edos estilo copa de 460 ml a granel"},"content":{"rendered":"<p>Estos son frascos de velas reutilizados en una forma cl\u00e1sica de hurac\u00e1n, tienen una boca ensanchada, un hermoso cuerpo texturizado similar a un p\u00e9talo y un fondo fuerte.<\/p>\n<h2>Caracter\u00edsticas del producto<\/h2>\n<ul>\n<li><strong>Dise\u00f1o de vaso alto vintage:<\/strong> Este dise\u00f1o alto de tallo y cuerpo eleva la vela inmediatamente a una hermosa decoraci\u00f3n.<\/li>\n<li><strong>Boca ensanchada:<\/strong> La boca es ancha, lo que facilita el encendido de la vela y la contornea con una forma elegante.<\/li>\n<li><strong>Cuerpo con textura de p\u00e9talo:<\/strong> Al mismo tiempo, la textura redondeada de los p\u00e9talos tiende a suavizar la luz de la vela y a darle a la experiencia de combusti\u00f3n un toque c\u00e1lido y rom\u00e1ntico y hacerla m\u00e1s profunda.<\/li>\n<\/ul>\n<h2 style=\"text-align: left;\">Especificaciones clave<\/h2>\n<table class=\"aligncenter\" style=\"border-collapse: collapse; width: 440.27pt;\" border=\"0\" width=\"587\" cellspacing=\"0\" cellpadding=\"0\">\n<tbody>\n<tr style=\"height: 13.50pt;\">\n<td style=\"height: 13.50pt; width: 129.75pt;\" width=\"173\" height=\"18\">Especificaci\u00f3n<\/td>\n<td style=\"width: 310.50pt;\" width=\"414\">Detalles<\/td>\n<\/tr>\n<tr style=\"height: 13.50pt;\">\n<td style=\"height: 13.50pt;\" height=\"18\">Capacidad<\/td>\n<td>460 ml<\/td>\n<\/tr>\n<tr style=\"height: 13.50pt;\">\n<td style=\"height: 13.50pt;\" height=\"18\">Dimensiones<\/td>\n<td>67\u00d785\u00d7130 mm<\/td>\n<\/tr>\n<tr style=\"height: 13.50pt;\">\n<td style=\"height: 13.50pt;\" height=\"18\">Material<\/td>\n<td>Vidrio tallado transparente de alta calidad<\/td>\n<\/tr>\n<tr style=\"height: 13.50pt;\">\n<td style=\"height: 13.50pt;\" height=\"18\">Forma de tarro<\/td>\n<td>Cilindro alto con textura de corte de pluma en todo el cuerpo<\/td>\n<\/tr>\n<tr style=\"height: 13.50pt;\">\n<td style=\"height: 13.50pt;\" height=\"18\">Alcance de personalizaci\u00f3n<\/td>\n<td>Color, tama\u00f1o, acabado, tapas<\/td>\n<\/tr>\n<tr style=\"height: 13.50pt;\">\n<td style=\"height: 13.50pt;\" height=\"18\">Caracter\u00edstica de la artesan\u00eda<\/td>\n<td>Corte de vidrio de precisi\u00f3n, moldeado con corte de pluma 3D<\/td>\n<\/tr>\n<tr style=\"height: 13.50pt;\">\n<td style=\"height: 13.50pt;\" height=\"18\">Prop\u00f3sito del producto<\/td>\n<td>Recipiente de vidrio para velas, recipientes decorativos para fragancias para el hogar<\/td>\n<\/tr>\n<tr style=\"height: 13.50pt;\">\n<td style=\"height: 13.50pt;\" height=\"18\">Industrias adecuadas<\/td>\n<td>Marcas de velas de lujo, minoristas de decoraci\u00f3n del hogar de alta gama<\/td>\n<\/tr>\n<\/tbody>\n<\/table>\n<h2>Historia de \u00e9xito: Recuerdo de boda de un organizador de bodas de California<\/h2>\n<p>Una de las organizadoras de bodas m\u00e1s prestigiosas de California encarg\u00f3 nuestros frascos altos de vidrio reutilizables para velas con detalles met\u00e1licos dorados claros. Su elegante dise\u00f1o combinaba a la perfecci\u00f3n con los elegantes arreglos de mesa, como se mencion\u00f3 en el 90% de las rese\u00f1as de los clientes. La organizadora comercializ\u00f3 estos frascos como recuerdos permanentes que se pod\u00edan reutilizar, aumentando as\u00ed su valor percibido en un 50%. Esta idea fue tan popular que encarg\u00f3 otros 200.000 frascos para cubrir las necesidades de su boda en los dos a\u00f1os siguientes.<\/p>\n<h2>Opciones de personalizaci\u00f3n de frascos de vidrio para velas a granel<\/h2>\n<ul>\n<li>Colores de vidrio: Hay una opci\u00f3n de color de vidrio, ya sea transparente o verde vintage, \u00e1mbar o rubor suave para adaptarse a los distintos gustos est\u00e9ticos.<\/li>\n<li>Opciones de textura: puedes cambiar las formas de los p\u00e9talos y crear patrones m\u00e1s pronunciados, delicados o geom\u00e9tricos.<\/li>\n<li>Acabados met\u00e1licos: puedes recubrir el mango, el borde o los p\u00e9talos estampados en oro, plata o cobre.<\/li>\n<li>Forma de la boca: modifica el borde para hacerlo m\u00e1s o menos dram\u00e1tico.<\/li>\n<\/ul>","protected":false},"excerpt":{"rendered":"<p>Frascos decorativos de vidrio a granel para velas en forma de copa con textura floral y borde acampanado, ideales para decorar. Frascos reutilizables de primera calidad, suministrados directamente de f\u00e1brica.<\/p>","protected":false},"featured_media":5303,"template":"","meta":{"postBodyCss":"","postBodyMargin":[],"postBodyPadding":[],"postBodyBackground":{"backgroundType":"classic","gradient":""}},"product_brand":[],"product_cat":[15,82,17],"product_tag":[],"class_list":{"0":"post-5293","1":"product","2":"type-product","3":"status-publish","4":"has-post-thumbnail","6":"product_cat-glass-containers","7":"product_cat-candle-jars","8":"product_cat-glass-jars","10":"first","11":"instock","12":"shipping-taxable","13":"product-type-simple"},"jetpack_sharing_enabled":true,"_links":{"self":[{"href":"https:\/\/minghanggroup.com\/es\/wp-json\/wp\/v2\/product\/5293","targetHints":{"allow":["GET"]}}],"collection":[{"href":"https:\/\/minghanggroup.com\/es\/wp-json\/wp\/v2\/product"}],"about":[{"href":"https:\/\/minghanggroup.com\/es\/wp-json\/wp\/v2\/types\/product"}],"wp:featuredmedia":[{"embeddable":true,"href":"https:\/\/minghanggroup.com\/es\/wp-json\/wp\/v2\/media\/5303"}],"wp:attachment":[{"href":"https:\/\/minghanggroup.com\/es\/wp-json\/wp\/v2\/media?parent=5293"}],"wp:term":[{"taxonomy":"product_brand","embeddable":true,"href":"https:\/\/minghanggroup.com\/es\/wp-json\/wp\/v2\/product_brand?post=5293"},{"taxonomy":"product_cat","embeddable":true,"href":"https:\/\/minghanggroup.com\/es\/wp-json\/wp\/v2\/product_cat?post=5293"},{"taxonomy":"product_tag","embeddable":true,"href":"https:\/\/minghanggroup.com\/es\/wp-json\/wp\/v2\/product_tag?post=5293"}],"curies":[{"name":"wp","href":"https:\/\/api.w.org\/{rel}","templated":true}]}}