{"id":5284,"date":"2026-01-26T11:31:41","date_gmt":"2026-01-26T03:31:41","guid":{"rendered":"https:\/\/minghanggroup.com\/?post_type=product&#038;p=5284"},"modified":"2026-01-26T12:00:16","modified_gmt":"2026-01-26T04:00:16","slug":"large-feather-cut-glass-candle-containers-wholesale","status":"publish","type":"product","link":"https:\/\/minghanggroup.com\/es\/producto\/large-feather-cut-glass-candle-containers-wholesale\/","title":{"rendered":"Recipientes grandes para velas de vidrio tallado con plumas de 460 ml al por mayor"},"content":{"rendered":"<p>Este portavelas de vidrio tiene una forma tradicional, esbelta y cil\u00edndrica, decorada con motivos de hojas y plumas. Su base elevada y lisa le confiere elegancia.<\/p>\n<h2>Caracter\u00edsticas del producto<\/h2>\n<ul>\n<li><strong>Delicado patr\u00f3n de plumas:<\/strong> La superficie del vidrio tiene una textura de pluma bien cortada y profunda que produce un espl\u00e9ndido efecto de refracci\u00f3n de la luz.<\/li>\n<li><strong>Base elevada lisa y transparente:<\/strong> La base elevada, lisa y transparente, no solo garantiza el equilibrio visual sino que tambi\u00e9n hace que el contenedor sea estable.<\/li>\n<li><strong>Capacidad de 460ml:<\/strong> Tiene una gran capacidad para retener una cantidad significativa de cera y es lo suficientemente adecuada para producir velas de alta calidad que pueden durar varias semanas.<\/li>\n<\/ul>\n<h2 style=\"text-align: left;\">Especificaciones clave<\/h2>\n<table class=\"aligncenter\" style=\"border-collapse: collapse; width: 440.27pt;\" border=\"0\" width=\"587\" cellspacing=\"0\" cellpadding=\"0\">\n<tbody>\n<tr style=\"height: 13.50pt;\">\n<td style=\"height: 13.50pt; width: 129.75pt;\" width=\"173\" height=\"18\">Especificaci\u00f3n<\/td>\n<td style=\"width: 310.50pt;\" width=\"414\">Detalles<\/td>\n<\/tr>\n<tr style=\"height: 13.50pt;\">\n<td style=\"height: 13.50pt;\" height=\"18\">Capacidad<\/td>\n<td>460 ml<\/td>\n<\/tr>\n<tr style=\"height: 13.50pt;\">\n<td style=\"height: 13.50pt;\" height=\"18\">Dimensiones<\/td>\n<td>67\u00d785\u00d7130 mm<\/td>\n<\/tr>\n<tr style=\"height: 13.50pt;\">\n<td style=\"height: 13.50pt;\" height=\"18\">Material<\/td>\n<td>Vidrio tallado transparente de alta calidad<\/td>\n<\/tr>\n<tr style=\"height: 13.50pt;\">\n<td style=\"height: 13.50pt;\" height=\"18\">Forma de tarro<\/td>\n<td>Cilindro alto con textura de corte de pluma en todo el cuerpo<\/td>\n<\/tr>\n<tr style=\"height: 13.50pt;\">\n<td style=\"height: 13.50pt;\" height=\"18\">Alcance de personalizaci\u00f3n<\/td>\n<td>Color, tama\u00f1o, acabado, tapas<\/td>\n<\/tr>\n<tr style=\"height: 13.50pt;\">\n<td style=\"height: 13.50pt;\" height=\"18\">Caracter\u00edstica de la artesan\u00eda<\/td>\n<td>Corte de vidrio de precisi\u00f3n, moldeado con corte de pluma 3D<\/td>\n<\/tr>\n<tr style=\"height: 13.50pt;\">\n<td style=\"height: 13.50pt;\" height=\"18\">Prop\u00f3sito del producto<\/td>\n<td>Recipiente de vidrio para velas, recipientes decorativos para fragancias para el hogar<\/td>\n<\/tr>\n<tr style=\"height: 13.50pt;\">\n<td style=\"height: 13.50pt;\" height=\"18\">Industrias adecuadas<\/td>\n<td>Marcas de velas de lujo, minoristas de decoraci\u00f3n del hogar de alta gama<\/td>\n<\/tr>\n<\/tbody>\n<\/table>\n<h2>Historia de \u00e9xito de una marca brit\u00e1nica de muebles para el hogar de alta gama<\/h2>\n<p>Nuestro recipiente para velas de vidrio tallado con plumas fue encargado por una marca brit\u00e1nica premium de fragancias para el hogar para personalizarlo en gris ahumado, con el borde chapado en oro de 24 quilates. El magn\u00edfico dise\u00f1o de plumas filtra la fascinante luz de la vela y realza en un 70 % el valor est\u00e9tico del recipiente. Su tama\u00f1o grande y elegante redujo las quejas en la tienda en un 60 %. En dos meses, el producto se agot\u00f3. Esto impuls\u00f3 a la marca a encargar otros 250\u00a0000 recipientes para velas de una sola vez para incluirlos en sus dos pr\u00f3ximas colecciones de temporada.<\/p>\n<h2>Personalizaci\u00f3n de recipientes grandes de vidrio para velas<\/h2>\n<ul>\n<li>Base texturizada: proporciona una textura a la base que sea similar o contrastante con el color de la carrocer\u00eda.<\/li>\n<li>Acabado met\u00e1lico: cubra los bordes del patr\u00f3n en relieve de las plumas con oro, plata u oro rosa.<\/li>\n<li>Serigraf\u00eda en la base: agregue uno de esos logotipos o monogramas tenues en la base de vidrio.<\/li>\n<li>Dise\u00f1o: una tapa personalizada a juego: dise\u00f1e una tapa abovedada de vidrio o lat\u00f3n con peso que combine con el hermoso patr\u00f3n.<\/li>\n<\/ul>","protected":false},"excerpt":{"rendered":"<p>Recipiente de vidrio transparente para velas con textura de pluma en relieve, ideal para la fabricaci\u00f3n de velas y la decoraci\u00f3n del hogar. Recipientes de vidrio grandes y duraderos para velas, disponibles al por mayor.<\/p>","protected":false},"featured_media":5290,"template":"","meta":{"postBodyCss":"","postBodyMargin":[],"postBodyPadding":[],"postBodyBackground":{"backgroundType":"classic","gradient":""}},"product_brand":[],"product_cat":[15,82,17],"product_tag":[],"class_list":{"0":"post-5284","1":"product","2":"type-product","3":"status-publish","4":"has-post-thumbnail","6":"product_cat-glass-containers","7":"product_cat-candle-jars","8":"product_cat-glass-jars","10":"first","11":"instock","12":"shipping-taxable","13":"product-type-simple"},"jetpack_sharing_enabled":true,"_links":{"self":[{"href":"https:\/\/minghanggroup.com\/es\/wp-json\/wp\/v2\/product\/5284","targetHints":{"allow":["GET"]}}],"collection":[{"href":"https:\/\/minghanggroup.com\/es\/wp-json\/wp\/v2\/product"}],"about":[{"href":"https:\/\/minghanggroup.com\/es\/wp-json\/wp\/v2\/types\/product"}],"wp:featuredmedia":[{"embeddable":true,"href":"https:\/\/minghanggroup.com\/es\/wp-json\/wp\/v2\/media\/5290"}],"wp:attachment":[{"href":"https:\/\/minghanggroup.com\/es\/wp-json\/wp\/v2\/media?parent=5284"}],"wp:term":[{"taxonomy":"product_brand","embeddable":true,"href":"https:\/\/minghanggroup.com\/es\/wp-json\/wp\/v2\/product_brand?post=5284"},{"taxonomy":"product_cat","embeddable":true,"href":"https:\/\/minghanggroup.com\/es\/wp-json\/wp\/v2\/product_cat?post=5284"},{"taxonomy":"product_tag","embeddable":true,"href":"https:\/\/minghanggroup.com\/es\/wp-json\/wp\/v2\/product_tag?post=5284"}],"curies":[{"name":"wp","href":"https:\/\/api.w.org\/{rel}","templated":true}]}}