{"id":5283,"date":"2026-01-26T16:48:07","date_gmt":"2026-01-26T08:48:07","guid":{"rendered":"https:\/\/minghanggroup.com\/?post_type=product&#038;p=5283"},"modified":"2026-01-26T16:48:09","modified_gmt":"2026-01-26T08:48:09","slug":"160ml-glass-unique-candle-containers-with-textured-patterns-bulk","status":"publish","type":"product","link":"https:\/\/minghanggroup.com\/es\/producto\/160ml-glass-unique-candle-containers-with-textured-patterns-bulk\/","title":{"rendered":"Recipientes para velas de vidrio de 160 ml con dise\u00f1os texturizados (a granel)"},"content":{"rendered":"<p>Tus exclusivos recipientes para velas no solo deben contener cera, sino que tambi\u00e9n deben hacer que tu tienda brille como un vitral l\u00edquido. Como especialistas en la venta al por mayor de recipientes para velas, fabricamos recipientes de lujo que convierten tu l\u00ednea de velas a granel en un art\u00edculo imprescindible para tus clientes.<\/p>\n<h2>Caracter\u00edsticas del producto<\/h2>\n<ul>\n<li><strong>Personalidad del patr\u00f3n:<\/strong> Nervaduras verticales, escamas de pez, diamantes... cada patr\u00f3n tiene su propia historia. La apariencia y el tacto de su velador son \u00fanicos y lujosos.<\/li>\n<li><strong>Claridad cristalina:<\/strong> Observe atentamente los diferentes colores de los aceites esenciales fragantes a trav\u00e9s de un cristal transparente sin filtros turbios.<\/li>\n<li><strong>Base resistente:<\/strong> Base s\u00faper gruesa, sin balanceo en el estante. El recipiente para velas es resistente y seguro.<\/li>\n<\/ul>\n<h2>Especificaciones clave<\/h2>\n<table style=\"border-collapse: collapse; width: 80%; margin-left: auto; margin-right: auto;\" border=\"0\" width=\"360\" cellspacing=\"0\" cellpadding=\"0\">\n<tbody>\n<tr style=\"height: 13.50pt;\">\n<td style=\"height: 13.5pt; width: 54pt; text-align: center;\" width=\"72\" height=\"18\">Tama\u00f1o<\/td>\n<td style=\"width: 54pt; text-align: center;\" width=\"72\">Dimensiones (mm)<\/td>\n<td style=\"width: 54pt; text-align: center;\" width=\"72\">Patrones disponibles<\/td>\n<td style=\"width: 54pt; text-align: center;\" width=\"72\">Material<\/td>\n<td style=\"width: 54pt; text-align: center;\" width=\"72\">Color<\/td>\n<\/tr>\n<tr style=\"height: 13.50pt;\">\n<td style=\"height: 13.5pt; text-align: center;\" height=\"18\">160 ml<\/td>\n<td style=\"text-align: center;\">80 \u00d7 70 \u00d7 69<\/td>\n<td style=\"text-align: center;\">Vertical, Escamas de pez, Diamante, Forma de V, Zigzag, Puntos<\/td>\n<td style=\"text-align: center;\">vaso de cristal<\/td>\n<td style=\"text-align: center;\">Claro o personalizado<\/td>\n<\/tr>\n<\/tbody>\n<\/table>\n<h2>Caso de \u00e9xito<\/h2>\n<p>Una marca de velas arom\u00e1ticas decidi\u00f3 cambiar su empaque principal y eligi\u00f3 nuestros exclusivos frascos para velas. Nos contactaron para personalizar frascos \u00fanicos con un dise\u00f1o en relieve de rombos, una base antideslizante y tapas met\u00e1licas a juego, serigrafiadas con el logotipo y el eslogan de la marca para celebrar su identidad.<\/p>\n<p>Las ventas aumentaron un 68% tan solo un trimestre despu\u00e9s del lanzamiento del producto. El cliente, tras completar el pedido inicial, realiz\u00f3 tres pedidos al por mayor m\u00e1s al a\u00f1o siguiente.<\/p>\n<h2>Sus opciones de personalizaci\u00f3n<\/h2>\n<ol>\n<li><strong>Paquetes \u201cPatr\u00f3n, Historia\u201d:<\/strong> Combine 3 patrones caracter\u00edsticos con historias de colores de temporada (por ejemplo, escamas de pescado + rojo intenso para el invierno, diamante + dorado para las vacaciones).<\/li>\n<li><strong>Eco, Tinte Transparencia:<\/strong> Agregue un tinte sutil de vidrio reciclado (como una \u201cola oce\u00e1nica azul\u201d) que cambie de color cuando se queme la vela.<\/li>\n<li><strong>Marca \u201cNo, Etiqueta\u201d:<\/strong> Coloca tu logo en la base de cristal (mediante l\u00e1ser, es invisible hasta que se enciende la vela).<\/li>\n<\/ol>","protected":false},"excerpt":{"rendered":"<p>Recipientes \u00fanicos para velas con dise\u00f1os de vidrio texturizado, ideales para compradores mayoristas. Permiten la personalizaci\u00f3n al por mayor, ideales para colaboraciones a largo plazo con marcas.<\/p>","protected":false},"featured_media":5288,"template":"","meta":{"postBodyCss":"","postBodyMargin":[],"postBodyPadding":[],"postBodyBackground":{"backgroundType":"classic","gradient":""}},"product_brand":[],"product_cat":[15,82,17],"product_tag":[],"class_list":{"0":"post-5283","1":"product","2":"type-product","3":"status-publish","4":"has-post-thumbnail","6":"product_cat-glass-containers","7":"product_cat-candle-jars","8":"product_cat-glass-jars","10":"first","11":"instock","12":"shipping-taxable","13":"product-type-simple"},"jetpack_sharing_enabled":true,"_links":{"self":[{"href":"https:\/\/minghanggroup.com\/es\/wp-json\/wp\/v2\/product\/5283","targetHints":{"allow":["GET"]}}],"collection":[{"href":"https:\/\/minghanggroup.com\/es\/wp-json\/wp\/v2\/product"}],"about":[{"href":"https:\/\/minghanggroup.com\/es\/wp-json\/wp\/v2\/types\/product"}],"wp:featuredmedia":[{"embeddable":true,"href":"https:\/\/minghanggroup.com\/es\/wp-json\/wp\/v2\/media\/5288"}],"wp:attachment":[{"href":"https:\/\/minghanggroup.com\/es\/wp-json\/wp\/v2\/media?parent=5283"}],"wp:term":[{"taxonomy":"product_brand","embeddable":true,"href":"https:\/\/minghanggroup.com\/es\/wp-json\/wp\/v2\/product_brand?post=5283"},{"taxonomy":"product_cat","embeddable":true,"href":"https:\/\/minghanggroup.com\/es\/wp-json\/wp\/v2\/product_cat?post=5283"},{"taxonomy":"product_tag","embeddable":true,"href":"https:\/\/minghanggroup.com\/es\/wp-json\/wp\/v2\/product_tag?post=5283"}],"curies":[{"name":"wp","href":"https:\/\/api.w.org\/{rel}","templated":true}]}}