{"id":5277,"date":"2026-01-26T10:21:59","date_gmt":"2026-01-26T02:21:59","guid":{"rendered":"https:\/\/minghanggroup.com\/?post_type=product&#038;p=5277"},"modified":"2026-01-26T11:10:07","modified_gmt":"2026-01-26T03:10:07","slug":"clear-glass-candle-jars-small-with-thick-base-wholesale","status":"publish","type":"product","link":"https:\/\/minghanggroup.com\/es\/producto\/clear-glass-candle-jars-small-with-thick-base-wholesale\/","title":{"rendered":"Tarros de vela de vidrio transparente de 42 ml peque\u00f1os con base gruesa al por mayor"},"content":{"rendered":"<p>Estos peque\u00f1os frascos para velas presentan rayas verticales sencillas y bocas anchas que facilitan el vertido de la cera. Sus bases robustas garantizan una colocaci\u00f3n segura y estable.<\/p>\n<h2>Caracter\u00edsticas del producto<\/h2>\n<ul>\n<li><strong>Textura de ranura vertical:<\/strong> La textura vertical suave proporcionar\u00e1 una sofisticaci\u00f3n moderna a su apariencia que har\u00e1 que el frasco sea m\u00e1s atractivo a la vista.<\/li>\n<li><strong>Fondo pesado y reducido:<\/strong> La parte inferior reforzada proporciona una gran estabilidad y es imposible volcarla en cualquier superficie nivelada.<\/li>\n<li><strong>Peque\u00f1a capacidad, 42 ml:<\/strong> El tama\u00f1o de 42 ml es perfecto para contener peque\u00f1as velas arom\u00e1ticas o muestras de velas promocionales.<\/li>\n<\/ul>\n<h2 style=\"text-align: left;\">Especificaciones clave<\/h2>\n<table class=\"aligncenter\" style=\"border-collapse: collapse; width: 440.27pt;\" border=\"0\" width=\"587\" cellspacing=\"0\" cellpadding=\"0\">\n<tbody>\n<tr style=\"height: 13.50pt;\">\n<td style=\"height: 13.50pt; width: 129.75pt;\" width=\"173\" height=\"18\">Especificaci\u00f3n<\/td>\n<td style=\"width: 310.50pt;\" width=\"414\">Detalles<\/td>\n<\/tr>\n<tr style=\"height: 13.50pt;\">\n<td style=\"height: 13.50pt;\" height=\"18\">Capacidad<\/td>\n<td>42 ml<\/td>\n<\/tr>\n<tr style=\"height: 13.50pt;\">\n<td style=\"height: 13.50pt;\" height=\"18\">Dimensiones<\/td>\n<td>55\u00d743\u00d735 mm<\/td>\n<\/tr>\n<tr style=\"height: 13.50pt;\">\n<td style=\"height: 13.50pt;\" height=\"18\">Material<\/td>\n<td>Vidrio transparente<\/td>\n<\/tr>\n<tr style=\"height: 13.50pt;\">\n<td style=\"height: 13.50pt;\" height=\"18\">Forma de tarro<\/td>\n<td>Cilindro corto<\/td>\n<\/tr>\n<tr style=\"height: 13.50pt;\">\n<td style=\"height: 13.50pt;\" height=\"18\">Alcance de personalizaci\u00f3n<\/td>\n<td>Color, forma, glaseado, relieve<\/td>\n<\/tr>\n<tr style=\"height: 13.50pt;\">\n<td style=\"height: 13.50pt;\" height=\"18\">Caracter\u00edstica de la artesan\u00eda<\/td>\n<td>Base gruesa reforzada, moldura de nervaduras verticales uniformes<\/td>\n<\/tr>\n<tr style=\"height: 13.50pt;\">\n<td style=\"height: 13.50pt;\" height=\"18\">Prop\u00f3sito del producto<\/td>\n<td>Velas en frascos de vidrio al por mayor, muestras de frascos para velas<\/td>\n<\/tr>\n<tr style=\"height: 13.50pt;\">\n<td style=\"height: 13.50pt;\" height=\"18\">Industrias adecuadas<\/td>\n<td>Fabricantes de velas, grandes minoristas<\/td>\n<\/tr>\n<\/tbody>\n<\/table>\n<h2>Caso de \u00e9xito: Modernizaci\u00f3n de una SpA de la cadena hotelera Midwestern<\/h2>\n<p>Una importante cadena hotelera del Medio Oeste encarg\u00f3 nuestros peque\u00f1os frascos texturizados para velas con un acabado esmerilado especial. Los frascos de vidrio esmerilados ofrecen un efecto delicado y elegante que realza el ambiente del spa. Su estructura acanalada vertical proporciona un agarre excelente, como lo indica el 40 % de las rese\u00f1as positivas. Esta mejora aument\u00f3 en un 25 % la satisfacci\u00f3n de los hu\u00e9spedes con la experiencia del spa. Posteriormente, realizaron otro pedido de 650\u00a0000 frascos, suficientes para abastecer todos sus establecimientos en dos a\u00f1os.<\/p>\n<h2>Personalizaci\u00f3n de velas en frascos de vidrio al por mayor<\/h2>\n<ul>\n<li>Color del vidrio: Puede ser transparente o gris claro o \u00e1mbar y otros tonos claros que combinen con la textura.<\/li>\n<li>Acabado esmerilado: aplicar un acabado esmerilado en el frasco de vidrio es la forma de lograr el aspecto de luz suave y difusa.<\/li>\n<li>Recubrimiento met\u00e1lico: recubrir el frasco de vidrio texturizado con oro, plata o cobre le dar\u00e1 un aspecto elegante.<\/li>\n<li>Relieve: Retoque un logotipo sutil y en relieve en la parte plana del frasco, en la parte inferior o en el lateral.<\/li>\n<\/ul>","protected":false},"excerpt":{"rendered":"<p>Elegantes velas en frasco de vidrio al por mayor con textura acanalada y base gruesa, ideales para velas arom\u00e1ticas y decoraci\u00f3n. Frascos de velas premium peque\u00f1os con env\u00edo r\u00e1pido.<\/p>","protected":false},"featured_media":5281,"template":"","meta":{"postBodyCss":"","postBodyMargin":[],"postBodyPadding":[],"postBodyBackground":{"backgroundType":"classic","gradient":""}},"product_brand":[],"product_cat":[15,82,17],"product_tag":[],"class_list":{"0":"post-5277","1":"product","2":"type-product","3":"status-publish","4":"has-post-thumbnail","6":"product_cat-glass-containers","7":"product_cat-candle-jars","8":"product_cat-glass-jars","10":"first","11":"instock","12":"shipping-taxable","13":"product-type-simple"},"jetpack_sharing_enabled":true,"_links":{"self":[{"href":"https:\/\/minghanggroup.com\/es\/wp-json\/wp\/v2\/product\/5277","targetHints":{"allow":["GET"]}}],"collection":[{"href":"https:\/\/minghanggroup.com\/es\/wp-json\/wp\/v2\/product"}],"about":[{"href":"https:\/\/minghanggroup.com\/es\/wp-json\/wp\/v2\/types\/product"}],"wp:featuredmedia":[{"embeddable":true,"href":"https:\/\/minghanggroup.com\/es\/wp-json\/wp\/v2\/media\/5281"}],"wp:attachment":[{"href":"https:\/\/minghanggroup.com\/es\/wp-json\/wp\/v2\/media?parent=5277"}],"wp:term":[{"taxonomy":"product_brand","embeddable":true,"href":"https:\/\/minghanggroup.com\/es\/wp-json\/wp\/v2\/product_brand?post=5277"},{"taxonomy":"product_cat","embeddable":true,"href":"https:\/\/minghanggroup.com\/es\/wp-json\/wp\/v2\/product_cat?post=5277"},{"taxonomy":"product_tag","embeddable":true,"href":"https:\/\/minghanggroup.com\/es\/wp-json\/wp\/v2\/product_tag?post=5277"}],"curies":[{"name":"wp","href":"https:\/\/api.w.org\/{rel}","templated":true}]}}