{"id":5268,"date":"2026-01-26T10:17:03","date_gmt":"2026-01-26T02:17:03","guid":{"rendered":"https:\/\/minghanggroup.com\/?post_type=product&#038;p=5268"},"modified":"2026-01-26T10:17:05","modified_gmt":"2026-01-26T02:17:05","slug":"classic-candle-glass-containers-for-branding-in-bulk","status":"publish","type":"product","link":"https:\/\/minghanggroup.com\/es\/producto\/classic-candle-glass-containers-for-branding-in-bulk\/","title":{"rendered":"Envases de vidrio para velas cl\u00e1sicas de 2 litros para marca a granel"},"content":{"rendered":"<p>Tus recipientes de vidrio para velas no solo deben contener cera, sino que tambi\u00e9n deben hacer que tu tienda brille como un jard\u00edn secreto. Como especialistas en frascos para velas al por mayor, creamos recipientes de lujo que convierten tu l\u00ednea de velas al por mayor en un art\u00edculo imprescindible para tus clientes.<\/p>\n<h2>Caracter\u00edsticas del producto<\/h2>\n<ul>\n<li><strong>Vidrio de alta transparencia:<\/strong> El cuerpo de vidrio de naturaleza altamente transparente revela fielmente el color de la cera y las capas de combusti\u00f3n, mejorando as\u00ed enormemente el atractivo visual general.<\/li>\n<li>S<strong>llanta recta est\u00e1ndar:<\/strong> El dise\u00f1o de taza de lados rectos facilita el vertido de cera mediante un m\u00e9todo autom\u00e1tico o manual y es compatible con formulaciones de cera simples, de mecha, m\u00faltiples, de mecha y varias.<\/li>\n<li><strong>Apariencia minimalista:<\/strong> El dise\u00f1o simple y cl\u00e1sico que no ha sido decorado funcionar\u00e1 f\u00e1cilmente con dise\u00f1os de etiquetado, serigraf\u00eda y empaques exteriores, por lo que es perfecto para regalar.<\/li>\n<\/ul>\n<h2>Especificaciones clave<\/h2>\n<table style=\"border-collapse: collapse; width: 80%; margin-right: auto; margin-left: auto;\" border=\"0\" width=\"288\" cellspacing=\"0\" cellpadding=\"0\">\n<tbody>\n<tr style=\"height: 13.50pt;\">\n<td class=\"et2\" style=\"height: 13.5pt; width: 54pt; text-align: center;\" width=\"72\" height=\"18\">Tama\u00f1o<\/td>\n<td style=\"width: 54pt; text-align: center;\" width=\"72\">Dimensiones (mm)<\/td>\n<td style=\"width: 54pt; text-align: center;\" width=\"72\">Material<\/td>\n<td style=\"width: 54pt; text-align: center;\" width=\"72\">Opciones de color<\/td>\n<\/tr>\n<tr style=\"height: 13.50pt;\">\n<td style=\"height: 13.5pt; text-align: center;\" height=\"18\">2 litros<\/td>\n<td style=\"text-align: center;\">150\u00d7143\u00d7150<\/td>\n<td style=\"text-align: center;\">vaso de cristal<\/td>\n<td style=\"text-align: center;\">Claro\/personalizado<\/td>\n<\/tr>\n<\/tbody>\n<\/table>\n<h2>Caso de \u00e9xito<\/h2>\n<p>Una marca norteamericana de velas arom\u00e1ticas de gama media y alta eligi\u00f3 nuestros envases de vidrio para velas como el embalaje principal de su nueva l\u00ednea de productos. Para atraer m\u00e1s la atenci\u00f3n de los clientes en los estantes de las tiendas, decidieron imprimir el logotipo de su marca en las botellas para consolidar su identidad; adem\u00e1s, las combinaron con distintivas tapas de madera de nogal para realzar la naturaleza y las cualidades cl\u00e1sicas del aroma.<\/p>\n<p>En menos de tres meses desde que los productos salieron a la venta, las ventas en internet crecieron casi un 32 % interanual. Tras realizar el primer pedido, el cliente realiz\u00f3 dos pedidos m\u00e1s importantes.<\/p>\n<h2>Sus opciones de personalizaci\u00f3n<\/h2>\n<ol>\n<li><strong>Niveles de transparencia del vidrio personalizables:<\/strong> Marinamos tres tipos de niveles de transparencia de vidrio como est\u00e1ndar: alta transparencia, semi, transparente y esmerilado, que permiten que diferentes aromas o l\u00edneas de productos comuniquen sus atm\u00f3sferas distintivas y por ende la diferenciaci\u00f3n de marca.<\/li>\n<li><strong>Fondo personalizable con estructura antideslizante o marcado invisible:<\/strong> La base se puede mejorar con la ayuda de un anillo antideslizante con textura delicada o con un logotipo o c\u00f3digo de lote exclusivo para la marca, lo que sirve principalmente para la practicidad y el reconocimiento de la marca.<\/li>\n<li><strong>Personalizaci\u00f3n sistem\u00e1tica de tapas y embalajes a juego:<\/strong> La implementaci\u00f3n de un conjunto personalizado de tapas a juego en madera, vidrio o metal agregar\u00e1 significativamente al estilo general del dise\u00f1o del producto.<\/li>\n<\/ol>","protected":false},"excerpt":{"rendered":"<p>Envases de vidrio premium para velas de marcas reconocidas. Directamente de f\u00e1brica, con env\u00edos r\u00e1pidos, ideales para frascos de velas al por mayor. Muestra gratis.<\/p>","protected":false},"featured_media":5276,"template":"","meta":{"postBodyCss":"","postBodyMargin":[],"postBodyPadding":[],"postBodyBackground":{"backgroundType":"classic","gradient":""}},"product_brand":[],"product_cat":[15,82,17],"product_tag":[],"class_list":{"0":"post-5268","1":"product","2":"type-product","3":"status-publish","4":"has-post-thumbnail","6":"product_cat-glass-containers","7":"product_cat-candle-jars","8":"product_cat-glass-jars","10":"first","11":"instock","12":"shipping-taxable","13":"product-type-simple"},"jetpack_sharing_enabled":true,"_links":{"self":[{"href":"https:\/\/minghanggroup.com\/es\/wp-json\/wp\/v2\/product\/5268","targetHints":{"allow":["GET"]}}],"collection":[{"href":"https:\/\/minghanggroup.com\/es\/wp-json\/wp\/v2\/product"}],"about":[{"href":"https:\/\/minghanggroup.com\/es\/wp-json\/wp\/v2\/types\/product"}],"wp:featuredmedia":[{"embeddable":true,"href":"https:\/\/minghanggroup.com\/es\/wp-json\/wp\/v2\/media\/5276"}],"wp:attachment":[{"href":"https:\/\/minghanggroup.com\/es\/wp-json\/wp\/v2\/media?parent=5268"}],"wp:term":[{"taxonomy":"product_brand","embeddable":true,"href":"https:\/\/minghanggroup.com\/es\/wp-json\/wp\/v2\/product_brand?post=5268"},{"taxonomy":"product_cat","embeddable":true,"href":"https:\/\/minghanggroup.com\/es\/wp-json\/wp\/v2\/product_cat?post=5268"},{"taxonomy":"product_tag","embeddable":true,"href":"https:\/\/minghanggroup.com\/es\/wp-json\/wp\/v2\/product_tag?post=5268"}],"curies":[{"name":"wp","href":"https:\/\/api.w.org\/{rel}","templated":true}]}}