{"id":5267,"date":"2026-01-26T09:16:06","date_gmt":"2026-01-26T01:16:06","guid":{"rendered":"https:\/\/minghanggroup.com\/?post_type=product&#038;p=5267"},"modified":"2026-03-02T15:03:55","modified_gmt":"2026-03-02T07:03:55","slug":"large-embossed-luxury-candle-jars-wholesale","status":"publish","type":"product","link":"https:\/\/minghanggroup.com\/es\/producto\/large-embossed-luxury-candle-jars-wholesale\/","title":{"rendered":"Tarros grandes de lujo con relieve para velas de 410 ml al por mayor"},"content":{"rendered":"<p>Estos lujosos frascos para velas, disponibles al por mayor, combinan a la perfecci\u00f3n la textura lujosa con la elegancia ancestral. La forma cil\u00edndrica del cuerpo del frasco est\u00e1 recubierta con cuatro reconocibles dise\u00f1os texturizados, que incluyen nervaduras verticales definidas, delicados dise\u00f1os de rayos de sol, puntos brillantes en relieve y brillantes dise\u00f1os de diamantes.<\/p>\n<h2>Caracter\u00edsticas del producto<\/h2>\n<ul>\n<li><strong>Cuatro dise\u00f1os de textura:<\/strong> Hay cuatro hermosas texturas generales, incluidos dise\u00f1os ondulados, radiales, punteados y con corte de diamante.<\/li>\n<li><strong>Forma cl\u00e1sica de cilindro recto:<\/strong> La forma cil\u00edndrica simple es universal y se adapta bien a cualquier tipo de decoraci\u00f3n.<\/li>\n<li><strong>Tama\u00f1o grande de 410 ml:<\/strong> El tama\u00f1o de 410 ml es grande, lo que garantiza una combusti\u00f3n prolongada y da como resultado una experiencia de vela de alta calidad.<\/li>\n<\/ul>\n<h2 style=\"text-align: left;\">Especificaciones clave<\/h2>\n<table class=\"aligncenter\" style=\"border-collapse: collapse; width: 441.02pt;\" border=\"0\" width=\"588\" cellspacing=\"0\" cellpadding=\"0\">\n<tbody>\n<tr style=\"height: 13.50pt;\">\n<td style=\"height: 13.50pt; width: 120.75pt;\" width=\"161\" height=\"18\">Especificaci\u00f3n<\/td>\n<td style=\"width: 320.25pt;\" width=\"427\">Detalles<\/td>\n<\/tr>\n<tr style=\"height: 13.50pt;\">\n<td style=\"height: 13.50pt;\" height=\"18\">Capacidad<\/td>\n<td>410 ml<\/td>\n<\/tr>\n<tr style=\"height: 13.50pt;\">\n<td style=\"height: 13.50pt;\" height=\"18\">Dimensiones<\/td>\n<td>88\u00d7100 mm<\/td>\n<\/tr>\n<tr style=\"height: 13.50pt;\">\n<td style=\"height: 13.50pt;\" height=\"18\">Material<\/td>\n<td>Vidrio texturizado transparente (artesan\u00eda prensada en 3D)<\/td>\n<\/tr>\n<tr style=\"height: 13.50pt;\">\n<td style=\"height: 13.50pt;\" height=\"18\">Forma de tarro<\/td>\n<td>Cilindro de lados rectos (4 variantes de textura opcionales)<\/td>\n<\/tr>\n<tr style=\"height: 13.50pt;\">\n<td style=\"height: 13.50pt;\" height=\"18\">Alcance de personalizaci\u00f3n<\/td>\n<td>Selecci\u00f3n de textura, color, tama\u00f1o, acabado, tapas<\/td>\n<\/tr>\n<tr style=\"height: 13.50pt;\">\n<td style=\"height: 13.50pt;\" height=\"18\">Caracter\u00edstica de la artesan\u00eda<\/td>\n<td>Vidrio prensado de precisi\u00f3n con moldes de textura 3D<\/td>\n<\/tr>\n<tr style=\"height: 13.50pt;\">\n<td style=\"height: 13.50pt;\" height=\"18\">Prop\u00f3sito del producto<\/td>\n<td>Tarros de vela de lujo al por mayor, contenedor de velas<\/td>\n<\/tr>\n<tr style=\"height: 13.50pt;\">\n<td style=\"height: 13.50pt;\" height=\"18\">Industrias adecuadas<\/td>\n<td>Marcas de velas de lujo, proveedores de hoteles y spas<\/td>\n<\/tr>\n<\/tbody>\n<\/table>\n<h2>Historia de \u00e9xito<\/h2>\n<p>Una cadena europea de hoteles boutique de lujo eligi\u00f3 un gran tarro de cristal para velas con textura de rayos de sol, una de sus cuatro colecciones, y lo encarg\u00f3 en \u00e1mbar claro con un borde ba\u00f1ado en oro. El cristal texturizado crea un juego de luces y sombras que gust\u00f3 mucho a los hu\u00e9spedes. Su capacidad de 410 ml ofrece una duraci\u00f3n de m\u00e1s de 140 horas, ideal para estancias largas. Los visitantes quedaron impresionados por la est\u00e9tica del tarro, con un \u00edndice de satisfacci\u00f3n del 95 %. Se realiz\u00f3 otro pedido de 300.000 tarros de velas para abastecer a todos sus hoteles en un plazo de dos a\u00f1os.<\/p>\n<h2>Alternativas de personalizaci\u00f3n de tarros de velas de lujo al por mayor<\/h2>\n<ul>\n<li>Selecci\u00f3n de textura: seleccione una textura (ondulada, con efecto sol, punteada, diamante) para usar en sus velas perfumadas \u00fanicas.<\/li>\n<li>Decoraci\u00f3n met\u00e1lica: haga que las partes elevadas de la textura est\u00e9n ba\u00f1adas en oro, plata o cobre para que tengan un brillo suntuoso.<\/li>\n<li>Serigraf\u00eda: Imprima un peque\u00f1o logotipo sencillo o varios textos sobre un trozo de vidrio liso y peque\u00f1o.<\/li>\n<li>Dise\u00f1o de tapa: Dise\u00f1a una tapa (de madera, metal o vidrio) que se adapte a la textura que hayas elegido.<\/li>\n<\/ul>","protected":false},"excerpt":{"rendered":"<p>Tarros de lujo para velas al por mayor con texturas en relieve, como acanalados, con efecto sol, punteado y romboidal. Tarros de vidrio grandes de primera calidad con muestras gratis.<\/p>","protected":false},"featured_media":5270,"template":"","meta":{"postBodyCss":"","postBodyMargin":[],"postBodyPadding":[],"postBodyBackground":{"backgroundType":"classic","gradient":""}},"product_brand":[],"product_cat":[15,82,17],"product_tag":[97,96],"class_list":{"0":"post-5267","1":"product","2":"type-product","3":"status-publish","4":"has-post-thumbnail","6":"product_cat-glass-containers","7":"product_cat-candle-jars","8":"product_cat-glass-jars","9":"product_tag-rocks-glass","10":"product_tag-whiskey-tumblers","12":"first","13":"instock","14":"shipping-taxable","15":"product-type-simple"},"jetpack_sharing_enabled":true,"_links":{"self":[{"href":"https:\/\/minghanggroup.com\/es\/wp-json\/wp\/v2\/product\/5267","targetHints":{"allow":["GET"]}}],"collection":[{"href":"https:\/\/minghanggroup.com\/es\/wp-json\/wp\/v2\/product"}],"about":[{"href":"https:\/\/minghanggroup.com\/es\/wp-json\/wp\/v2\/types\/product"}],"wp:featuredmedia":[{"embeddable":true,"href":"https:\/\/minghanggroup.com\/es\/wp-json\/wp\/v2\/media\/5270"}],"wp:attachment":[{"href":"https:\/\/minghanggroup.com\/es\/wp-json\/wp\/v2\/media?parent=5267"}],"wp:term":[{"taxonomy":"product_brand","embeddable":true,"href":"https:\/\/minghanggroup.com\/es\/wp-json\/wp\/v2\/product_brand?post=5267"},{"taxonomy":"product_cat","embeddable":true,"href":"https:\/\/minghanggroup.com\/es\/wp-json\/wp\/v2\/product_cat?post=5267"},{"taxonomy":"product_tag","embeddable":true,"href":"https:\/\/minghanggroup.com\/es\/wp-json\/wp\/v2\/product_tag?post=5267"}],"curies":[{"name":"wp","href":"https:\/\/api.w.org\/{rel}","templated":true}]}}