{"id":5259,"date":"2026-01-23T16:46:47","date_gmt":"2026-01-23T08:46:47","guid":{"rendered":"https:\/\/minghanggroup.com\/?post_type=product&#038;p=5259"},"modified":"2026-01-23T16:46:49","modified_gmt":"2026-01-23T08:46:49","slug":"dual-purpose-vertically-ribbed-unique-candle-jars-wholesale","status":"publish","type":"product","link":"https:\/\/minghanggroup.com\/es\/producto\/dual-purpose-vertically-ribbed-unique-candle-jars-wholesale\/","title":{"rendered":"Tarros para velas \u00fanicos con doble prop\u00f3sito y acanalados verticales al por mayor"},"content":{"rendered":"<p>Tus frascos para velas no solo deben contener cera, sino que tambi\u00e9n deben hacer que tu tienda brille como un jard\u00edn secreto. Como especialistas en frascos \u00fanicos para velas al por mayor, creamos recipientes de lujo que convierten tu l\u00ednea de velas a granel en un art\u00edculo imprescindible para tus clientes.<\/p>\n<h2>Caracter\u00edsticas del producto<\/h2>\n<ul>\n<li><strong>Dise\u00f1o de doble uso:<\/strong> La boca ancha es perfecta para sostener velas de pilar, mientras que el extremo estrecho est\u00e1 dise\u00f1ado para sujetar conos.<\/li>\n<li><strong>Juego de luces de rayas verticales:<\/strong> Las nervaduras reflejan la luz de las velas en patrones similares al encaje l\u00edquido: la fragancia de su hogar se volvi\u00f3 mucho m\u00e1s elegante en un instante.<\/li>\n<li><strong>Base resistente:<\/strong> Un fondo grueso garantiza que la vela no se tambalee ni siquiera sobre una mesa de m\u00e1rmol. El recipiente para velas se siente duradero y de alta calidad.<\/li>\n<\/ul>\n<h2>Especificaciones clave<\/h2>\n<table style=\"border-collapse: collapse; width: 80%; margin-left: auto; margin-right: auto;\" border=\"0\" width=\"216\" cellspacing=\"0\" cellpadding=\"0\">\n<tbody>\n<tr style=\"height: 13.50pt;\">\n<td style=\"height: 13.5pt; width: 54pt; text-align: center;\" width=\"72\" height=\"18\">Dimensiones (mm)<\/td>\n<td style=\"width: 54pt; text-align: center;\" width=\"72\">Forma<\/td>\n<td style=\"width: 54pt; text-align: center;\" width=\"72\">Caracter\u00edstica<\/td>\n<\/tr>\n<tr style=\"height: 13.50pt;\">\n<td style=\"height: 13.5pt; text-align: center;\" height=\"18\">63 \u00d7 34 \u00d7 52<\/td>\n<td style=\"text-align: center;\">Doble prop\u00f3sito<\/td>\n<td style=\"text-align: center;\">Rayas verticales<\/td>\n<\/tr>\n<\/tbody>\n<\/table>\n<h2>Caso de \u00e9xito<\/h2>\n<p>Una marca europea de decoraci\u00f3n del hogar decidi\u00f3 colaborar con nosotros para dise\u00f1ar un portavelas de boca ancha y doble funci\u00f3n para su colecci\u00f3n de velas navide\u00f1as. Al personalizarlo, el cliente eligi\u00f3 un elegante cristal rosa que combinaba con el aroma de las velas y utiliz\u00f3 galvanoplastia para grabar su logotipo en la base, complementando as\u00ed la imagen de su marca.<\/p>\n<p>A los tres meses del lanzamiento del producto, las ventas de la serie aumentaron casi un 38 % interanual. Posteriormente, el cliente realiz\u00f3 dos pedidos importantes m\u00e1s, tanto de su colecci\u00f3n de decoraci\u00f3n para el hogar como de productos exclusivos para las fiestas.<\/p>\n<h2>Sus opciones de personalizaci\u00f3n<\/h2>\n<ol>\n<li><strong>Texturas de vidrio con efectos de iluminaci\u00f3n:<\/strong> Ofrecemos texturas de vidrio especiales hechas a pedido, con un enfoque original en la profundidad de las rayas verticales texturizadas, grietas de hielo y ondulaciones c\u00f3ncavas para producir un juego de luces y sombras que hace que el producto iluminado se destaque visualmente, agregando as\u00ed bonitos atributos a la decoraci\u00f3n festiva y del hogar.<\/li>\n<li><strong>Proceso de capas de color o degradado:<\/strong> Podemos realizar efectos de coloraci\u00f3n en capas, como degradados de colores transparentes y transiciones de gris ahumado a \u00e1mbar, que son perfectos para aromaterapia exclusiva o series de edici\u00f3n limitada y, por lo tanto, transmiten un mayor nivel de lujo y reconocimiento de exhibici\u00f3n.<\/li>\n<li><strong>Presentaci\u00f3n sutil del LOGO:<\/strong> Para evitar sobrecargar la imagen y, al mismo tiempo, promover el reconocimiento de marca, sugerimos un grabado del logotipo en la pared interior, un relieve en la parte inferior o una serigraf\u00eda del logotipo en silicona del mismo color. Por lo tanto, este tipo de branding es m\u00e1s adecuado para canales minoristas de gama media y alta.<\/li>\n<\/ol>","protected":false},"excerpt":{"rendered":"<p>Frascos para velas con un atractivo dise\u00f1o de vidrio esculpido, directamente de f\u00e1brica. Frascos \u00fanicos para velas al por mayor para marcas: env\u00edo r\u00e1pido, personalizaci\u00f3n al por mayor y muestras gratuitas disponibles.<\/p>","protected":false},"featured_media":5263,"template":"","meta":{"postBodyCss":"","postBodyMargin":[],"postBodyPadding":[],"postBodyBackground":{"backgroundType":"classic","gradient":""}},"product_brand":[],"product_cat":[15,82,17],"product_tag":[],"class_list":{"0":"post-5259","1":"product","2":"type-product","3":"status-publish","4":"has-post-thumbnail","6":"product_cat-glass-containers","7":"product_cat-candle-jars","8":"product_cat-glass-jars","10":"first","11":"instock","12":"shipping-taxable","13":"product-type-simple"},"jetpack_sharing_enabled":true,"_links":{"self":[{"href":"https:\/\/minghanggroup.com\/es\/wp-json\/wp\/v2\/product\/5259","targetHints":{"allow":["GET"]}}],"collection":[{"href":"https:\/\/minghanggroup.com\/es\/wp-json\/wp\/v2\/product"}],"about":[{"href":"https:\/\/minghanggroup.com\/es\/wp-json\/wp\/v2\/types\/product"}],"wp:featuredmedia":[{"embeddable":true,"href":"https:\/\/minghanggroup.com\/es\/wp-json\/wp\/v2\/media\/5263"}],"wp:attachment":[{"href":"https:\/\/minghanggroup.com\/es\/wp-json\/wp\/v2\/media?parent=5259"}],"wp:term":[{"taxonomy":"product_brand","embeddable":true,"href":"https:\/\/minghanggroup.com\/es\/wp-json\/wp\/v2\/product_brand?post=5259"},{"taxonomy":"product_cat","embeddable":true,"href":"https:\/\/minghanggroup.com\/es\/wp-json\/wp\/v2\/product_cat?post=5259"},{"taxonomy":"product_tag","embeddable":true,"href":"https:\/\/minghanggroup.com\/es\/wp-json\/wp\/v2\/product_tag?post=5259"}],"curies":[{"name":"wp","href":"https:\/\/api.w.org\/{rel}","templated":true}]}}