{"id":5251,"date":"2026-01-23T16:15:48","date_gmt":"2026-01-23T08:15:48","guid":{"rendered":"https:\/\/minghanggroup.com\/?post_type=product&#038;p=5251"},"modified":"2026-01-23T16:15:49","modified_gmt":"2026-01-23T08:15:49","slug":"clear-glass-candle-jars-with-lids-for-packaging-bulk","status":"publish","type":"product","link":"https:\/\/minghanggroup.com\/es\/producto\/clear-glass-candle-jars-with-lids-for-packaging-bulk\/","title":{"rendered":"Tarros de vidrio transparente para velas de 25 ml y 48 ml con tapa para envasado a granel"},"content":{"rendered":"<p>Tus frascos de vidrio con tapa para velas no solo deben contener cera, sino que tambi\u00e9n deben hacer que tu tienda brille como un tesoro escondido. Como especialistas en frascos para velas al por mayor, creamos recipientes de lujo para velas que convierten tu l\u00ednea de velas al por mayor en la favorita de tus clientes.<\/p>\n<h2>Caracter\u00edsticas del producto<\/h2>\n<ul>\n<li><strong>Mini tama\u00f1o de lujo:<\/strong> Peque\u00f1o pero potente, ideal para muestras o como elegante accesorio de escritorio. El portavelas ser\u00e1 muy personal y de alta calidad.<\/li>\n<li><strong>Flexibilidad de la tapa:<\/strong> Las tapas de madera o metal se pueden cerrar herm\u00e9ticamente, lo que significa que no se derramar\u00e1 cera ni entrar\u00e1 polvo.<\/li>\n<li><strong>Claridad cristalina:<\/strong> Observa los colores de los aceites esenciales perfumados a trav\u00e9s de un cristal transparente, sin cantos turbios.<\/li>\n<\/ul>\n<h2>Especificaciones clave<\/h2>\n<table style=\"border-collapse: collapse; width: 80%; margin-left: auto; margin-right: auto;\" border=\"0\" width=\"288\" cellspacing=\"0\" cellpadding=\"0\">\n<tbody>\n<tr style=\"height: 13.50pt;\">\n<td style=\"height: 13.5pt; width: 54pt; text-align: center;\" width=\"72\" height=\"18\">Tama\u00f1o (ml)<\/td>\n<td style=\"width: 54pt; text-align: center;\" width=\"72\">Dimensiones (mm)<\/td>\n<td style=\"width: 54pt; text-align: center;\" width=\"72\">Opciones de tapa<\/td>\n<td style=\"width: 54pt; text-align: center;\" width=\"72\">Color<\/td>\n<\/tr>\n<tr style=\"height: 13.50pt;\">\n<td style=\"height: 13.5pt; text-align: center;\" align=\"right\" height=\"18\">25<\/td>\n<td style=\"text-align: center;\">37 \u00d7 45 \u00d7 28<\/td>\n<td class=\"et2\" style=\"text-align: center;\" rowspan=\"2\">Madera o metal<\/td>\n<td class=\"et2\" style=\"text-align: center;\" rowspan=\"2\">Transparente o lo requieres<\/td>\n<\/tr>\n<tr style=\"height: 13.50pt;\">\n<td style=\"height: 13.5pt; text-align: center;\" align=\"right\" height=\"18\">48<\/td>\n<td style=\"text-align: center;\">45 \u00d7 39 \u00d7 53<\/td>\n<\/tr>\n<\/tbody>\n<\/table>\n<h2>Caso de \u00e9xito<\/h2>\n<p>Una marca norteamericana de velas arom\u00e1ticas de alta gama adquiri\u00f3 nuestros frascos de vidrio con tapa para el empaque principal de su nueva l\u00ednea de productos, especialmente para su colecci\u00f3n de fragancias premium. Decoraron los frascos de vidrio liso con un logotipo especial en relieve y cambiaron el vidrio transparente por uno \u00e1mbar de color para reducir la exposici\u00f3n a la luz solar directa. Adem\u00e1s, combinaron los frascos con tapas de madera natural de color para mejorar el reconocimiento de la marca.<\/p>\n<p>El primer pedido grande de frascos para velas se dividi\u00f3 entre los lanzamientos en l\u00ednea y en tiendas boutique. En los tres meses posteriores al lanzamiento, las ventas de la serie aumentaron aproximadamente un 38 % interanual, y se realizaron dos pedidos de reposici\u00f3n adicionales en el segundo trimestre, lo que increment\u00f3 la cantidad de recompra a 2,5 veces el pedido original, convirtiendo as\u00ed el producto en una colaboraci\u00f3n estable y a largo plazo.<\/p>\n<h2>Sus opciones de personalizaci\u00f3n<\/h2>\n<ol>\n<li><strong>Personalizaci\u00f3n del acabado de la superficie del vidrio:<\/strong> Permite una combinaci\u00f3n de glaseado parcial, glaseado total, pulverizaci\u00f3n de color interior o t\u00e9cnicas de pulverizaci\u00f3n graduada para producir una gama visual \u00fanica que no afecta el rendimiento de la vela.<\/li>\n<li><strong>Material de la tapa y actualizaciones de detalles:<\/strong> Adem\u00e1s de las t\u00edpicas tapas de madera, existen opciones de tapas de bamb\u00fa, tapas de metal o anillos de sellado de silicona para mejorar la hermeticidad y la seguridad durante el viaje.<\/li>\n<li><strong>Personalizaci\u00f3n de identificaci\u00f3n de marca de la parte inferior de la taza:<\/strong> Ayuda a que una marca sea m\u00e1s aut\u00e9ntica y m\u00e1s f\u00e1cil de gestionar a trav\u00e9s de series mediante un logotipo grabado en relieve, un dise\u00f1o en relieve moldeado o un n\u00famero de lote serigrafiado en el fondo de la taza.<\/li>\n<\/ol>","protected":false},"excerpt":{"rendered":"<p>Frascos de vidrio con tapa para velas arom\u00e1ticas y etiquetado. Suministro confiable de frascos para velas a granel, directamente de f\u00e1brica, que permiten la personalizaci\u00f3n a granel.<\/p>","protected":false},"featured_media":5258,"template":"","meta":{"postBodyCss":"","postBodyMargin":[],"postBodyPadding":[],"postBodyBackground":{"backgroundType":"classic","gradient":""}},"product_brand":[],"product_cat":[15,82,17],"product_tag":[],"class_list":{"0":"post-5251","1":"product","2":"type-product","3":"status-publish","4":"has-post-thumbnail","6":"product_cat-glass-containers","7":"product_cat-candle-jars","8":"product_cat-glass-jars","10":"first","11":"instock","12":"shipping-taxable","13":"product-type-simple"},"jetpack_sharing_enabled":true,"_links":{"self":[{"href":"https:\/\/minghanggroup.com\/es\/wp-json\/wp\/v2\/product\/5251","targetHints":{"allow":["GET"]}}],"collection":[{"href":"https:\/\/minghanggroup.com\/es\/wp-json\/wp\/v2\/product"}],"about":[{"href":"https:\/\/minghanggroup.com\/es\/wp-json\/wp\/v2\/types\/product"}],"wp:featuredmedia":[{"embeddable":true,"href":"https:\/\/minghanggroup.com\/es\/wp-json\/wp\/v2\/media\/5258"}],"wp:attachment":[{"href":"https:\/\/minghanggroup.com\/es\/wp-json\/wp\/v2\/media?parent=5251"}],"wp:term":[{"taxonomy":"product_brand","embeddable":true,"href":"https:\/\/minghanggroup.com\/es\/wp-json\/wp\/v2\/product_brand?post=5251"},{"taxonomy":"product_cat","embeddable":true,"href":"https:\/\/minghanggroup.com\/es\/wp-json\/wp\/v2\/product_cat?post=5251"},{"taxonomy":"product_tag","embeddable":true,"href":"https:\/\/minghanggroup.com\/es\/wp-json\/wp\/v2\/product_tag?post=5251"}],"curies":[{"name":"wp","href":"https:\/\/api.w.org\/{rel}","templated":true}]}}