{"id":5233,"date":"2026-01-23T14:49:10","date_gmt":"2026-01-23T06:49:10","guid":{"rendered":"https:\/\/minghanggroup.com\/?post_type=product&#038;p=5233"},"modified":"2026-01-23T15:45:24","modified_gmt":"2026-01-23T07:45:24","slug":"empty-glass-candle-jars-with-lids-wholesale","status":"publish","type":"product","link":"https:\/\/minghanggroup.com\/es\/producto\/empty-glass-candle-jars-with-lids-wholesale\/","title":{"rendered":"Tarros de cristal vac\u00edos para velas de 370 ml con tapa, venta al por mayor"},"content":{"rendered":"<p>Estos frascos para velas con tapa tienen una forma alta y cil\u00edndrica y un borde inferior engrosado y elevado para darle una superficie estable y una abertura amplia para verter y sacar la cera f\u00e1cilmente.<\/p>\n<h2>Caracter\u00edsticas del producto<\/h2>\n<ul>\n<li><strong>Forma cil\u00edndrica alta y recta:<\/strong> La forma alta es un complemento perfecto para las velas columnares, con \u00e9nfasis en la verticalidad del cuerpo y el minimalismo del dise\u00f1o.<\/li>\n<li><strong>Base engrosada y reforzada:<\/strong> La base engrosada hace que la vela sea estable en las superficies planas.<\/li>\n<li><strong>Gran capacidad de 370 ml:<\/strong> La gran capacidad de 370 ml se adapta perfectamente a velas grandes que tienen un tiempo de combusti\u00f3n prolongado y hermosos efectos.<\/li>\n<\/ul>\n<h2 style=\"text-align: left;\">Especificaciones clave<\/h2>\n<table class=\"aligncenter\" style=\"border-collapse: collapse; width: 441.02pt;\" border=\"0\" width=\"588\" cellspacing=\"0\" cellpadding=\"0\">\n<tbody>\n<tr style=\"height: 13.50pt;\">\n<td style=\"height: 13.50pt; width: 120.75pt;\" width=\"161\" height=\"18\">Especificaci\u00f3n<\/td>\n<td style=\"width: 320.25pt;\" width=\"427\">Detalles<\/td>\n<\/tr>\n<tr style=\"height: 13.50pt;\">\n<td style=\"height: 13.50pt;\" height=\"18\">Capacidad<\/td>\n<td>370 ml<\/td>\n<\/tr>\n<tr style=\"height: 13.50pt;\">\n<td style=\"height: 13.50pt;\" height=\"18\">Dimensiones<\/td>\n<td>83\u00d7100 mm<\/td>\n<\/tr>\n<tr style=\"height: 13.50pt;\">\n<td style=\"height: 13.50pt;\" height=\"18\">Material<\/td>\n<td>Vidrio transparente<\/td>\n<\/tr>\n<tr style=\"height: 13.50pt;\">\n<td style=\"height: 13.50pt;\" height=\"18\">Forma de tarro<\/td>\n<td>Cilindro alto de lados rectos con borde de base engrosado<\/td>\n<\/tr>\n<tr style=\"height: 13.50pt;\">\n<td style=\"height: 13.50pt;\" height=\"18\">Alcance de personalizaci\u00f3n<\/td>\n<td>Color, tama\u00f1o, forma, tapas<\/td>\n<\/tr>\n<tr style=\"height: 13.50pt;\">\n<td style=\"height: 13.50pt;\" height=\"18\">Caracter\u00edstica de la artesan\u00eda<\/td>\n<td>Formaci\u00f3n de cilindros, estructura de base reforzada y engrosada<\/td>\n<\/tr>\n<tr style=\"height: 13.50pt;\">\n<td style=\"height: 13.50pt;\" height=\"18\">Prop\u00f3sito del producto<\/td>\n<td>Velas en recipientes grandes, frascos para velas con tapa<\/td>\n<\/tr>\n<tr style=\"height: 13.50pt;\">\n<td style=\"height: 13.50pt;\" height=\"18\">Industrias adecuadas<\/td>\n<td>Fabricantes de velas, marcas de decoraci\u00f3n del hogar<\/td>\n<\/tr>\n<\/tbody>\n<\/table>\n<h2>Caso de \u00e9xito: Una colecci\u00f3n exclusiva de una empresa estadounidense de muebles para el hogar<\/h2>\n<p>Una marca estadounidense de fragancias para el hogar encarg\u00f3 nuestros frascos para velas con tapa, que se combinaron con tapas met\u00e1licas negras mate dise\u00f1adas. El vidrio transparente es la presentaci\u00f3n ideal de la cera multicapa vertida a mano, lo que no solo a\u00f1ade mayor valor visual al producto, sino que tambi\u00e9n impuls\u00f3 un aumento del 60 % en las ventas. El lateral no est\u00e1 inclinado, lo que facilita el etiquetado y el apilado, lo que mejora la eficiencia del almac\u00e9n en un 15 %. La marca est\u00e1 teniendo tanto \u00e9xito que ha encargado otros 450\u00a0000 frascos de vidrio que les ayudar\u00e1n en la producci\u00f3n del pr\u00f3ximo a\u00f1o.<\/p>\n<h2>Personalizaci\u00f3n de recipientes de vidrio para velas<\/h2>\n<ul>\n<li>Color del vidrio: Viene en el tradicional color transparente, gris ahumado, color \u00e1mbar o color opaco hecho a pedido.<\/li>\n<li>Informaci\u00f3n en relieve: agregue o coloque decoraciones sutiles en relieve, marcas de capacidad o logotipos de marca en la parte inferior del frasco.<\/li>\n<li>Serigraf\u00eda: Imprima en serigraf\u00eda sus dise\u00f1os de calidad, etiquetas o historias de marca sobre el vidrio.<\/li>\n<li>Dise\u00f1o de tapa personalizado: Crea el dise\u00f1o ideal con tapas a juego de metal, madera o vidrio.<\/li>\n<\/ul>","protected":false},"excerpt":{"rendered":"<p>Modernos recipientes de vidrio para velas con borde inferior resistente, ideales para aromaterapia y decoraci\u00f3n de mesas. Frascos para velas de alta calidad con tapa, disponibles al por mayor.<\/p>","protected":false},"featured_media":5250,"template":"","meta":{"postBodyCss":"","postBodyMargin":[],"postBodyPadding":[],"postBodyBackground":{"backgroundType":"classic","gradient":""}},"product_brand":[],"product_cat":[15,82,17],"product_tag":[],"class_list":{"0":"post-5233","1":"product","2":"type-product","3":"status-publish","4":"has-post-thumbnail","6":"product_cat-glass-containers","7":"product_cat-candle-jars","8":"product_cat-glass-jars","10":"first","11":"instock","12":"shipping-taxable","13":"product-type-simple"},"jetpack_sharing_enabled":true,"_links":{"self":[{"href":"https:\/\/minghanggroup.com\/es\/wp-json\/wp\/v2\/product\/5233","targetHints":{"allow":["GET"]}}],"collection":[{"href":"https:\/\/minghanggroup.com\/es\/wp-json\/wp\/v2\/product"}],"about":[{"href":"https:\/\/minghanggroup.com\/es\/wp-json\/wp\/v2\/types\/product"}],"wp:featuredmedia":[{"embeddable":true,"href":"https:\/\/minghanggroup.com\/es\/wp-json\/wp\/v2\/media\/5250"}],"wp:attachment":[{"href":"https:\/\/minghanggroup.com\/es\/wp-json\/wp\/v2\/media?parent=5233"}],"wp:term":[{"taxonomy":"product_brand","embeddable":true,"href":"https:\/\/minghanggroup.com\/es\/wp-json\/wp\/v2\/product_brand?post=5233"},{"taxonomy":"product_cat","embeddable":true,"href":"https:\/\/minghanggroup.com\/es\/wp-json\/wp\/v2\/product_cat?post=5233"},{"taxonomy":"product_tag","embeddable":true,"href":"https:\/\/minghanggroup.com\/es\/wp-json\/wp\/v2\/product_tag?post=5233"}],"curies":[{"name":"wp","href":"https:\/\/api.w.org\/{rel}","templated":true}]}}