{"id":5160,"date":"2026-01-23T15:05:35","date_gmt":"2026-01-23T07:05:35","guid":{"rendered":"https:\/\/minghanggroup.com\/?post_type=product&#038;p=5160"},"modified":"2026-01-23T15:05:37","modified_gmt":"2026-01-23T07:05:37","slug":"ribbed-pedestal-glass-candle-jars-with-thick-base-bulk","status":"publish","type":"product","link":"https:\/\/minghanggroup.com\/es\/producto\/ribbed-pedestal-glass-candle-jars-with-thick-base-bulk\/","title":{"rendered":"Tarros de vela de vidrio con pedestal acanalado de 185 ml con base gruesa a granel"},"content":{"rendered":"<p>Tu tarro de cristal para velas no solo debe contener cera, sino que tambi\u00e9n debe hacer que tu tienda brille como un jard\u00edn secreto. Como especialistas en tarros personalizados para velas, creamos recipientes de lujo que convierten tu l\u00ednea de velas al por mayor en un art\u00edculo imprescindible para tus clientes.<\/p>\n<h2>Caracter\u00edsticas del producto<\/h2>\n<ul>\n<li><strong>Costillas ligeras y atrapantes:<\/strong> La luz de las velas se dispersa mediante l\u00edneas verticales como si fuera un encaje l\u00edquido, una fragancia elegante e instant\u00e1nea para el hogar.<\/li>\n<li><strong>Base alta y resistente:<\/strong> Base m\u00e1s alta, sin tambaleo en los estantes. El recipiente para velas ofrece una sensaci\u00f3n de solidez y alta calidad.<\/li>\n<li><strong>Claridad cristalina:<\/strong> Abierto o cerrado, el vidrio transparente revela los colores vibrantes de los aceites esenciales perfumados.<\/li>\n<\/ul>\n<h2>Especificaciones clave<\/h2>\n<table style=\"border-collapse: collapse; width: 80%; margin-left: auto; margin-right: auto;\" border=\"0\" width=\"288\" cellspacing=\"0\" cellpadding=\"0\">\n<tbody>\n<tr style=\"height: 13.50pt;\">\n<td style=\"height: 13.5pt; width: 54pt; text-align: center;\" width=\"72\" height=\"18\">Tama\u00f1o<\/td>\n<td style=\"width: 54pt; text-align: center;\" width=\"72\">Dimensiones (mm)<\/td>\n<td style=\"width: 54pt; text-align: center;\" width=\"72\">Patr\u00f3n<\/td>\n<td style=\"width: 54pt; text-align: center;\" width=\"72\">Opciones de color<\/td>\n<\/tr>\n<tr style=\"height: 13.50pt;\">\n<td style=\"height: 13.5pt; text-align: center;\" height=\"18\">185 ml<\/td>\n<td style=\"text-align: center;\">70 \u00d7 60 \u00d7 80<\/td>\n<td style=\"text-align: center;\">Costillas verticales<\/td>\n<td style=\"text-align: center;\">Claro\/personalizado<\/td>\n<\/tr>\n<\/tbody>\n<\/table>\n<h2>Caso de \u00e9xito<\/h2>\n<p>Una marca boutique de fragancias para hogares peque\u00f1os, centrada en el dise\u00f1o de interiores moderno, ha elegido nuestros frascos de vidrio acanalado para velas para el lanzamiento de su nueva colecci\u00f3n de fragancias exclusivas. Los frascos est\u00e1n decorados con un acabado esmerilado, un logotipo en relieve apenas visible en la base y patrones serigrafiados minimalistas que se adaptan a la historia de la fragancia.<\/p>\n<p>Despu\u00e9s de adoptar esta caja de embalaje, la marca revel\u00f3 que el atractivo de sus productos aument\u00f3 en un 35% en los estantes de las tiendas y el valor percibido de los productos tambi\u00e9n vio un aumento significativo, lo que result\u00f3 en un aumento del 30% en los pedidos repetidos de los distribuidores.<\/p>\n<h2>Sus opciones de personalizaci\u00f3n<\/h2>\n<ol>\n<li><strong>Acabados superficiales:<\/strong> Seleccione el acabado de la superficie entre transparente, esmerilado, \u00e1cido, grabado o semimate para combinar con diversos conceptos fragantes y estilos de interiores.<\/li>\n<li><strong>Serigraf\u00eda, Serigraf\u00eda:<\/strong> Coloque patrones simples, nombres de aromas o \u00edconos de uso directamente en el vidrio para lograr una apariencia ordenada, sin etiquetas y sin etiquetas.<\/li>\n<li><strong>Opciones de combinaci\u00f3n de tapas:<\/strong> Puedes combinar el frasco con tapas de madera, metal o vidrio en diferentes acabados para crear diferentes l\u00edneas de productos a partir del mismo molde de frasco.<\/li>\n<\/ol>","protected":false},"excerpt":{"rendered":"<p>Tarros de vidrio para velas con paredes acanaladas y base elevada. Suministro directo de f\u00e1brica, ideal para marcas que necesitan tarros personalizados y pedidos al por mayor.<\/p>","protected":false},"featured_media":5213,"template":"","meta":{"postBodyCss":"","postBodyMargin":[],"postBodyPadding":[],"postBodyBackground":{"backgroundType":"classic","gradient":""}},"product_brand":[],"product_cat":[15,82,17],"product_tag":[],"class_list":{"0":"post-5160","1":"product","2":"type-product","3":"status-publish","4":"has-post-thumbnail","6":"product_cat-glass-containers","7":"product_cat-candle-jars","8":"product_cat-glass-jars","10":"first","11":"instock","12":"shipping-taxable","13":"product-type-simple"},"jetpack_sharing_enabled":true,"_links":{"self":[{"href":"https:\/\/minghanggroup.com\/es\/wp-json\/wp\/v2\/product\/5160","targetHints":{"allow":["GET"]}}],"collection":[{"href":"https:\/\/minghanggroup.com\/es\/wp-json\/wp\/v2\/product"}],"about":[{"href":"https:\/\/minghanggroup.com\/es\/wp-json\/wp\/v2\/types\/product"}],"wp:featuredmedia":[{"embeddable":true,"href":"https:\/\/minghanggroup.com\/es\/wp-json\/wp\/v2\/media\/5213"}],"wp:attachment":[{"href":"https:\/\/minghanggroup.com\/es\/wp-json\/wp\/v2\/media?parent=5160"}],"wp:term":[{"taxonomy":"product_brand","embeddable":true,"href":"https:\/\/minghanggroup.com\/es\/wp-json\/wp\/v2\/product_brand?post=5160"},{"taxonomy":"product_cat","embeddable":true,"href":"https:\/\/minghanggroup.com\/es\/wp-json\/wp\/v2\/product_cat?post=5160"},{"taxonomy":"product_tag","embeddable":true,"href":"https:\/\/minghanggroup.com\/es\/wp-json\/wp\/v2\/product_tag?post=5160"}],"curies":[{"name":"wp","href":"https:\/\/api.w.org\/{rel}","templated":true}]}}