{"id":5155,"date":"2026-01-23T13:12:52","date_gmt":"2026-01-23T05:12:52","guid":{"rendered":"https:\/\/minghanggroup.com\/?post_type=product&#038;p=5155"},"modified":"2026-01-23T16:51:05","modified_gmt":"2026-01-23T08:51:05","slug":"small-clear-candle-jars-with-thick-base-wholesale","status":"publish","type":"product","link":"https:\/\/minghanggroup.com\/es\/producto\/small-clear-candle-jars-with-thick-base-wholesale\/","title":{"rendered":"Tarros peque\u00f1os transparentes para velas de 35 ml con base gruesa, venta al por mayor"},"content":{"rendered":"<p>Estos peque\u00f1os frascos de vidrio para velas est\u00e1n dise\u00f1ados con una forma cil\u00edndrica simple y de perfil bajo con un fondo fuerte y engrosado para brindar mayor estabilidad.<\/p>\n<h2>Caracter\u00edsticas del producto<\/h2>\n<ul>\n<li><strong>Dise\u00f1o cil\u00edndrico peque\u00f1o y estable:<\/strong> La estructura es robusta con una base fuerte evitando as\u00ed que se vuelquen a pesar de ser peque\u00f1os.<\/li>\n<li><strong>Peque\u00f1a capacidad de 35 ml:<\/strong> El tama\u00f1o de 35 ml es ideal cuando se requiere almacenar velas de t\u00e9, velas arom\u00e1ticas, velas de muestra o peque\u00f1as velas decorativas.<\/li>\n<li><strong>Forma de base fuerte y engrosada:<\/strong> La parte inferior reforzada aporta al candelabro una apariencia y sensaci\u00f3n de alta calidad y peso.<\/li>\n<\/ul>\n<h2 style=\"text-align: left;\">Especificaciones clave<\/h2>\n<table class=\"aligncenter\" style=\"border-collapse: collapse; width: 401.27pt;\" border=\"0\" width=\"535\" cellspacing=\"0\" cellpadding=\"0\">\n<tbody>\n<tr style=\"height: 13.50pt;\">\n<td style=\"height: 13.50pt; width: 120.75pt;\" width=\"161\" height=\"18\">Especificaci\u00f3n<\/td>\n<td style=\"width: 280.50pt;\" width=\"374\">Detalles<\/td>\n<\/tr>\n<tr style=\"height: 13.50pt;\">\n<td style=\"height: 13.50pt;\" height=\"18\">Capacidad<\/td>\n<td>35 ml<\/td>\n<\/tr>\n<tr style=\"height: 13.50pt;\">\n<td style=\"height: 13.50pt;\" height=\"18\">Dimensiones<\/td>\n<td>52\u00d748\u00d734 mm<\/td>\n<\/tr>\n<tr style=\"height: 13.50pt;\">\n<td style=\"height: 13.50pt;\" height=\"18\">Material<\/td>\n<td>Vidrio transparente<\/td>\n<\/tr>\n<tr style=\"height: 13.50pt;\">\n<td style=\"height: 13.50pt;\" height=\"18\">Forma de tarro<\/td>\n<td>Cilindro corto de lados rectos con base gruesa<\/td>\n<\/tr>\n<tr style=\"height: 13.50pt;\">\n<td style=\"height: 13.50pt;\" height=\"18\">Alcance de personalizaci\u00f3n<\/td>\n<td>Color, tama\u00f1o, tapas, acabado<\/td>\n<\/tr>\n<tr style=\"height: 13.50pt;\">\n<td style=\"height: 13.50pt;\" height=\"18\">Prop\u00f3sito del producto<\/td>\n<td>Peque\u00f1os frascos de vidrio para velas, frascos para cera derretida<\/td>\n<\/tr>\n<tr style=\"height: 13.50pt;\">\n<td style=\"height: 13.50pt;\" height=\"18\">Industrias adecuadas<\/td>\n<td>Fabricantes de velas artesanales, proveedores de regalos<\/td>\n<\/tr>\n<\/tbody>\n<\/table>\n<h2>Caso de \u00e9xito: Suministro de habitaciones para hu\u00e9spedes de una cadena hotelera canadiense<\/h2>\n<p>Una cadena hotelera canadiense solicit\u00f3 reemplazar sus velas de t\u00e9 en las habitaciones. Ten\u00edan nuestros peque\u00f1os frascos de vidrio transparente de 35 ml, con acabado esmerilado y un sutil grabado de la marca en la base. La luz de la vela se difund\u00eda perfectamente gracias al vidrio esmerilado, lo que le aportaba un 40 % m\u00e1s de valor. Esto aument\u00f3 el grosor de la base para mayor estabilidad y redujo la tasa de roturas en un 95 %. Gracias a este gran \u00e9xito, el hotel ha dado un paso m\u00e1s y ha pedido 500\u00a0000 frascos para abastecer a todos sus hoteles en los pr\u00f3ximos dos a\u00f1os.<\/p>\n<h2>Personalizaci\u00f3n de peque\u00f1os frascos transparentes para velas<\/h2>\n<ul>\n<li>Colores de gafas: Las hay transparentes, gris suave, \u00e1mbar u otros colores suaves.<\/li>\n<li>Informaci\u00f3n de relieve: agregue dise\u00f1os texturizados o logotipos en el fondo del frasco.<\/li>\n<li>Serigraf\u00eda: Imprima logotipos, dise\u00f1os o etiquetas simples sobre el vidrio.<\/li>\n<li>Grabado l\u00e1ser: Grabe el nombre de la marca, s\u00edmbolos o n\u00famero de lote en la parte inferior del frasco.<\/li>\n<\/ul>","protected":false},"excerpt":{"rendered":"<p>Frascos transparentes sencillos con base gruesa, ideales para velas arom\u00e1ticas y decoraci\u00f3n de mesa. Frascos de vidrio peque\u00f1os de primera calidad con env\u00edo r\u00e1pido a todo el mundo.<\/p>","protected":false},"featured_media":5223,"template":"","meta":{"postBodyCss":"","postBodyMargin":[],"postBodyPadding":[],"postBodyBackground":{"backgroundType":"classic","gradient":""}},"product_brand":[],"product_cat":[15,82,17],"product_tag":[],"class_list":{"0":"post-5155","1":"product","2":"type-product","3":"status-publish","4":"has-post-thumbnail","6":"product_cat-glass-containers","7":"product_cat-candle-jars","8":"product_cat-glass-jars","10":"first","11":"instock","12":"shipping-taxable","13":"product-type-simple"},"jetpack_sharing_enabled":true,"_links":{"self":[{"href":"https:\/\/minghanggroup.com\/es\/wp-json\/wp\/v2\/product\/5155","targetHints":{"allow":["GET"]}}],"collection":[{"href":"https:\/\/minghanggroup.com\/es\/wp-json\/wp\/v2\/product"}],"about":[{"href":"https:\/\/minghanggroup.com\/es\/wp-json\/wp\/v2\/types\/product"}],"wp:featuredmedia":[{"embeddable":true,"href":"https:\/\/minghanggroup.com\/es\/wp-json\/wp\/v2\/media\/5223"}],"wp:attachment":[{"href":"https:\/\/minghanggroup.com\/es\/wp-json\/wp\/v2\/media?parent=5155"}],"wp:term":[{"taxonomy":"product_brand","embeddable":true,"href":"https:\/\/minghanggroup.com\/es\/wp-json\/wp\/v2\/product_brand?post=5155"},{"taxonomy":"product_cat","embeddable":true,"href":"https:\/\/minghanggroup.com\/es\/wp-json\/wp\/v2\/product_cat?post=5155"},{"taxonomy":"product_tag","embeddable":true,"href":"https:\/\/minghanggroup.com\/es\/wp-json\/wp\/v2\/product_tag?post=5155"}],"curies":[{"name":"wp","href":"https:\/\/api.w.org\/{rel}","templated":true}]}}