{"id":5150,"date":"2026-01-23T13:45:56","date_gmt":"2026-01-23T05:45:56","guid":{"rendered":"https:\/\/minghanggroup.com\/?post_type=product&#038;p=5150"},"modified":"2026-03-02T13:47:52","modified_gmt":"2026-03-02T05:47:52","slug":"empty-candle-jars-with-lids-bulk-candle-jar-suppliers","status":"publish","type":"product","link":"https:\/\/minghanggroup.com\/es\/producto\/empty-candle-jars-with-lids-bulk-candle-jar-suppliers\/","title":{"rendered":"210ml 390ml Empty Candle Jars with Lids for Packaging Bulk"},"content":{"rendered":"<p>Tus frascos de velas vac\u00edos con tapa no deber\u00edan quedarse vac\u00edos, sino convertirse en una pieza de decoraci\u00f3n de escritorio cuando termines. Como proveedores de frascos de velas especializados en recipientes de lujo para velas, fabricamos frascos de vidrio que convertir\u00e1n tu l\u00ednea de velas al por mayor en la favorita de tus clientes.<\/p>\n<h2>Caracter\u00edsticas del producto<\/h2>\n<ul>\n<li><strong>Charm de campana dorada:<\/strong> El dise\u00f1o de la c\u00fapula captura inteligentemente la luz de la vela, dando la impresi\u00f3n de un jard\u00edn secreto y mejorando instant\u00e1neamente la sofisticada decoraci\u00f3n de su vela perfumada.<\/li>\n<li><strong>Tapa de vidrio segura:<\/strong> La tapa de vidrio se levanta mediante el anillo superior y tambi\u00e9n es a prueba de polvo y derrames, lo que hace que el recipiente de su vela sea resistente y duradero al tiempo que expone material de alta calidad.<\/li>\n<li><strong>Publicaci\u00f3n, Arte con velas:<\/strong> Puedes reutilizar el recipiente de vela vac\u00edo como un peque\u00f1o porta objetos, lo que no solo fomenta el desperdicio cero sino que tambi\u00e9n aporta un toque de estilo.<\/li>\n<\/ul>\n<h2>Especificaciones clave<\/h2>\n<p>&nbsp;<\/p>\n<table style=\"border-collapse: collapse; width: 80%; margin-left: auto; margin-right: auto;\" border=\"0\" width=\"216\" cellspacing=\"0\" cellpadding=\"0\">\n<tbody>\n<tr style=\"height: 13.50pt;\">\n<td class=\"et2\" style=\"height: 13.5pt; width: 54pt; text-align: center;\" width=\"72\" height=\"18\">Capacidad<\/td>\n<td style=\"width: 54pt; text-align: center;\" width=\"72\">Dimensiones (mm)<\/td>\n<td style=\"width: 54pt; text-align: center;\" width=\"72\">Color<\/td>\n<\/tr>\n<tr style=\"height: 13.50pt;\">\n<td class=\"et3\" style=\"height: 27pt; text-align: center;\" rowspan=\"2\" height=\"36\">210 ml<\/td>\n<td style=\"text-align: center;\">Tall:\u00a0 84 * 89 * 112<\/td>\n<td class=\"et3\" style=\"text-align: center;\" rowspan=\"4\">Claro\/personalizado<\/td>\n<\/tr>\n<tr style=\"height: 13.50pt;\">\n<td style=\"text-align: center;\">Short:\u00a0 72 * 89 * 79<\/td>\n<\/tr>\n<tr style=\"height: 13.50pt;\">\n<td class=\"et3\" style=\"height: 27pt; text-align: center;\" rowspan=\"2\" height=\"36\">390ml<\/td>\n<td style=\"text-align: center;\">Tall: 101 * 107 * 130<\/td>\n<\/tr>\n<tr style=\"height: 13.50pt;\">\n<td style=\"text-align: center;\">Short: 86 * 108 * 88<\/td>\n<\/tr>\n<\/tbody>\n<\/table>\n<h2>Caso de \u00e9xito<\/h2>\n<p>Una empresa de aromas de lujo para el hogar eligi\u00f3 nuestros portavelas de vidrio estilo campana y personaliz\u00f3 la base con un elegante logotipo de la marca en relieve. El lateral de vidrio ten\u00eda un delicado acabado esmerilado y, en la parte inferior, un logotipo serigrafiado.<\/p>\n<p>Tras el lanzamiento del producto, el valor promedio de los pedidos aument\u00f3 un 35% y la tasa de recompra tambi\u00e9n mejor\u00f3 significativamente. La peculiar forma de campana de vidrio no solo atrae a los clientes, sino que tambi\u00e9n protege las velas de la suciedad durante su exhibici\u00f3n y almacenamiento, lo que ha reducido las quejas por manchas superficiales en m\u00e1s de un 30%.<\/p>\n<h2>Sus opciones de personalizaci\u00f3n<\/h2>\n<ol>\n<li><strong>Personalizaci\u00f3n de logotipo en relieve o bajo relieve:<\/strong> Coloque un logotipo en relieve, un eslogan de marca o incluso un dise\u00f1o en el cuerpo de la taza o cerca de la base para aumentar el conocimiento de la marca y a\u00fan as\u00ed mantener la calidad de la taza de vela en forma de campana.<\/li>\n<li><strong>Mejoras en el acabado de la superficie: <\/strong>Podemos admitir tratamientos esmerilados, semi-esmerilados o con chorro de arena en \u00e1reas espec\u00edficas, y si se combina con una cubierta de vidrio transparente, produce un efecto contrastante y hace que el aspecto general sea m\u00e1s atractivo.<\/li>\n<li><strong>Decoraci\u00f3n mediante serigraf\u00eda y estampaci\u00f3n en caliente: <\/strong>Los patrones se pueden serigrafiar, las l\u00edneas se pueden estampar en caliente o plata, o se puede usar texto minimalista en el cuerpo o la tapa de la taza. Es un detalle muy agradable para una colecci\u00f3n de aromaterapia o cajas de regalo de alta gama.<\/li>\n<\/ol>","protected":false},"excerpt":{"rendered":"<p>Elegante dise\u00f1o de vidrio de proveedores de tarros para velas, con tarros vac\u00edos con tapa. Directo de f\u00e1brica, muestras gratuitas y personalizaci\u00f3n flexible al por mayor para marcas.<\/p>","protected":false},"featured_media":5159,"template":"","meta":{"postBodyCss":"","postBodyMargin":[],"postBodyPadding":[],"postBodyBackground":{"backgroundType":"classic","gradient":""}},"product_brand":[],"product_cat":[15,82,17],"product_tag":[94],"class_list":{"0":"post-5150","1":"product","2":"type-product","3":"status-publish","4":"has-post-thumbnail","6":"product_cat-glass-containers","7":"product_cat-candle-jars","8":"product_cat-glass-jars","9":"product_tag-glass-decoration-bottles","11":"first","12":"instock","13":"shipping-taxable","14":"product-type-simple"},"jetpack_sharing_enabled":true,"_links":{"self":[{"href":"https:\/\/minghanggroup.com\/es\/wp-json\/wp\/v2\/product\/5150","targetHints":{"allow":["GET"]}}],"collection":[{"href":"https:\/\/minghanggroup.com\/es\/wp-json\/wp\/v2\/product"}],"about":[{"href":"https:\/\/minghanggroup.com\/es\/wp-json\/wp\/v2\/types\/product"}],"wp:featuredmedia":[{"embeddable":true,"href":"https:\/\/minghanggroup.com\/es\/wp-json\/wp\/v2\/media\/5159"}],"wp:attachment":[{"href":"https:\/\/minghanggroup.com\/es\/wp-json\/wp\/v2\/media?parent=5150"}],"wp:term":[{"taxonomy":"product_brand","embeddable":true,"href":"https:\/\/minghanggroup.com\/es\/wp-json\/wp\/v2\/product_brand?post=5150"},{"taxonomy":"product_cat","embeddable":true,"href":"https:\/\/minghanggroup.com\/es\/wp-json\/wp\/v2\/product_cat?post=5150"},{"taxonomy":"product_tag","embeddable":true,"href":"https:\/\/minghanggroup.com\/es\/wp-json\/wp\/v2\/product_tag?post=5150"}],"curies":[{"name":"wp","href":"https:\/\/api.w.org\/{rel}","templated":true}]}}