{"id":5149,"date":"2026-01-23T11:34:39","date_gmt":"2026-01-23T03:34:39","guid":{"rendered":"https:\/\/minghanggroup.com\/?post_type=product&#038;p=5149"},"modified":"2026-01-23T13:10:52","modified_gmt":"2026-01-23T05:10:52","slug":"clear-large-glass-containers-for-candles-wholesale","status":"publish","type":"product","link":"https:\/\/minghanggroup.com\/es\/producto\/clear-large-glass-containers-for-candles-wholesale\/","title":{"rendered":"Recipientes de vidrio transparente grandes de 275 ml para velas al por mayor"},"content":{"rendered":"<p>Estos recipientes de vidrio para velas est\u00e1n dise\u00f1ados en forma de cilindro corto y robusto con una amplia abertura donde se puede verter la cera f\u00e1cilmente. Cada frasco es un objeto decorativo privado y convenientemente dise\u00f1ado cuya estabilidad est\u00e1 garantizada por la presencia de un fondo grueso y duradero.<\/p>\n<h2>Caracter\u00edsticas del producto<\/h2>\n<ul>\n<li><strong>Base estable, engrosada:<\/strong> Gracias a la base engrosada, el peso del frasco aumenta considerablemente y, por lo tanto, no se volcar\u00e1 incluso cuando se utilicen velas grandes.<\/li>\n<li><strong>Dise\u00f1o cil\u00edndrico simple de paredes rectas:<\/strong> El dise\u00f1o cil\u00edndrico simple es vers\u00e1til, f\u00e1cil de etiquetar y tiene gran capacidad.<\/li>\n<li><strong>Gran capacidad de 275 ml:<\/strong> Vale la pena tener una capacidad de 275 ml, ya que tiene la mayor capacidad para contener velas grandes y de larga duraci\u00f3n.<\/li>\n<\/ul>\n<h2 style=\"text-align: left;\">Especificaciones clave<\/h2>\n<table class=\"aligncenter\" style=\"border-collapse: collapse; width: 378.77pt;\" border=\"0\" width=\"505\" cellspacing=\"0\" cellpadding=\"0\">\n<tbody>\n<tr style=\"height: 13.50pt;\">\n<td style=\"height: 13.50pt; width: 120.75pt;\" width=\"161\" height=\"18\">Especificaci\u00f3n<\/td>\n<td style=\"width: 258.00pt;\" width=\"344\">Detalles<\/td>\n<\/tr>\n<tr style=\"height: 13.50pt;\">\n<td style=\"height: 13.50pt;\" height=\"18\">Capacidad<\/td>\n<td>275 ml<\/td>\n<\/tr>\n<tr style=\"height: 13.50pt;\">\n<td style=\"height: 13.50pt;\" height=\"18\">Dimensiones<\/td>\n<td>85\u00d780 mm<\/td>\n<\/tr>\n<tr style=\"height: 13.50pt;\">\n<td style=\"height: 13.50pt;\" height=\"18\">Material<\/td>\n<td>Vidrio transparente de alta resistencia<\/td>\n<\/tr>\n<tr style=\"height: 13.50pt;\">\n<td style=\"height: 13.50pt;\" height=\"18\">Forma de tarro<\/td>\n<td>Cilindro de lados rectos con base engrosada<\/td>\n<\/tr>\n<tr style=\"height: 13.50pt;\">\n<td style=\"height: 13.50pt;\" height=\"18\">Alcance de personalizaci\u00f3n<\/td>\n<td>Color, tama\u00f1o, relieve, serigraf\u00eda<\/td>\n<\/tr>\n<tr style=\"height: 13.50pt;\">\n<td style=\"height: 13.50pt;\" height=\"18\">Artesan\u00eda<\/td>\n<td>Formaci\u00f3n de vidrio de base pesada y duradera<\/td>\n<\/tr>\n<tr style=\"height: 13.50pt;\">\n<td style=\"height: 13.50pt;\" height=\"18\">Prop\u00f3sito del producto<\/td>\n<td>Tarros grandes para velas, recipientes para velas utilitarios<\/td>\n<\/tr>\n<tr style=\"height: 13.50pt;\">\n<td style=\"height: 13.50pt;\" height=\"18\">Industrias adecuadas<\/td>\n<td>Fabricantes de velas, grandes minoristas<\/td>\n<\/tr>\n<\/tbody>\n<\/table>\n<h2>Historia de \u00e9xito: Uno de los servicios de suscripci\u00f3n de velas m\u00e1s grandes de EE. UU.<\/h2>\n<p>Una de las mayores empresas de velas arom\u00e1ticas de EE. UU. se suscribi\u00f3 mensualmente a nuestros frascos de velas grandes. Modificaron un gris claro y escarchado de un tono suave. La superficie gris veteada encaja a la perfecci\u00f3n con la sencilla imagen de su marca. La sensaci\u00f3n de calidad del frasco, gracias a su peso, es una de las favoritas de los clientes. Este frasco de velas fue su regalo m\u00e1s vendido y propici\u00f3 un aumento interanual del 300 % en las ventas de velas. Con el mismo \u00e9xito, recientemente solicitaron 350\u00a0000 frascos de velas para satisfacer la demanda en todas sus tiendas en un plazo de dos a\u00f1os.<\/p>\n<h2>Personalizaci\u00f3n de tarros de velas grandes<\/h2>\n<ul>\n<li>Grabado l\u00e1ser: grabe de forma secreta n\u00fameros de lote, nombres de marcas o l\u00edneas ornamentales en los frascos de vidrio.<\/li>\n<li>Acabado de u\u00f1as personalizado: seleccione un borde liso pulido al fuego o un borde con cuentas determinado.<\/li>\n<li>Recubrimiento interior: Se aplicar\u00e1 un recubrimiento interior coloreado o perlado para proporcionar un efecto visual distintivo.<\/li>\n<li>Ajuste del grosor de la base: ajuste el grosor de la base para adaptarlo a sus necesidades de peso y sensaci\u00f3n.<\/li>\n<\/ul>","protected":false},"excerpt":{"rendered":"<p>Recipientes de vidrio minimalistas para velas con fondo grueso, ideales para la decoraci\u00f3n del hogar y la fabricaci\u00f3n de velas. Frascos grandes y duraderos para velas, disponibles al por mayor.<\/p>","protected":false},"featured_media":5152,"template":"","meta":{"postBodyCss":"","postBodyMargin":[],"postBodyPadding":[],"postBodyBackground":{"backgroundType":"classic","gradient":""}},"product_brand":[],"product_cat":[15,82,17],"product_tag":[],"class_list":{"0":"post-5149","1":"product","2":"type-product","3":"status-publish","4":"has-post-thumbnail","6":"product_cat-glass-containers","7":"product_cat-candle-jars","8":"product_cat-glass-jars","10":"first","11":"instock","12":"shipping-taxable","13":"product-type-simple"},"jetpack_sharing_enabled":true,"_links":{"self":[{"href":"https:\/\/minghanggroup.com\/es\/wp-json\/wp\/v2\/product\/5149","targetHints":{"allow":["GET"]}}],"collection":[{"href":"https:\/\/minghanggroup.com\/es\/wp-json\/wp\/v2\/product"}],"about":[{"href":"https:\/\/minghanggroup.com\/es\/wp-json\/wp\/v2\/types\/product"}],"wp:featuredmedia":[{"embeddable":true,"href":"https:\/\/minghanggroup.com\/es\/wp-json\/wp\/v2\/media\/5152"}],"wp:attachment":[{"href":"https:\/\/minghanggroup.com\/es\/wp-json\/wp\/v2\/media?parent=5149"}],"wp:term":[{"taxonomy":"product_brand","embeddable":true,"href":"https:\/\/minghanggroup.com\/es\/wp-json\/wp\/v2\/product_brand?post=5149"},{"taxonomy":"product_cat","embeddable":true,"href":"https:\/\/minghanggroup.com\/es\/wp-json\/wp\/v2\/product_cat?post=5149"},{"taxonomy":"product_tag","embeddable":true,"href":"https:\/\/minghanggroup.com\/es\/wp-json\/wp\/v2\/product_tag?post=5149"}],"curies":[{"name":"wp","href":"https:\/\/api.w.org\/{rel}","templated":true}]}}