{"id":5144,"date":"2026-01-23T10:19:06","date_gmt":"2026-01-23T02:19:06","guid":{"rendered":"https:\/\/minghanggroup.com\/?post_type=product&#038;p=5144"},"modified":"2026-04-27T16:14:49","modified_gmt":"2026-04-27T08:14:49","slug":"empty-glass-embossed-jars-for-candles-wholesale","status":"publish","type":"product","link":"https:\/\/minghanggroup.com\/es\/producto\/empty-glass-embossed-jars-for-candles-wholesale\/","title":{"rendered":"Frascos de vidrio vac\u00edos de 190 ml con relieve para velas (venta al por mayor)"},"content":{"rendered":"<p>Estos tarros para velas presentan un dise\u00f1o cil\u00edndrico transparente con un patr\u00f3n tallado en forma de diamante que refleja y refracta la luz de manera eficaz, lo que los hace adecuados para la fabricaci\u00f3n al por mayor de tarros para velas.<\/p>\n<h2>Caracter\u00edsticas del producto<\/h2>\n<ul>\n<li><strong>Facetas con corte de diamante de cobertura total:<\/strong> La textura en relieve con forma de diamante que cubre toda la superficie del material crea un efecto reflectante de la luz que, al mismo tiempo, oculta los peque\u00f1os defectos presentes en la cera.<\/li>\n<li><strong>Dise\u00f1o cil\u00edndrico de paredes rectas:<\/strong> Las paredes laterales rectas del dise\u00f1o aseguran que la cera se queme en toda su altura, evitando la formaci\u00f3n de t\u00faneles y prolongando el tiempo de combusti\u00f3n.<\/li>\n<li><strong>Boca ancha y lisa:<\/strong> La amplia y lisa parte superior del recipiente permite a los usuarios verter f\u00e1cilmente la cera en su interior y colocar las mechas antes de cerrarlo herm\u00e9ticamente despu\u00e9s de usar la vela.<\/li>\n<\/ul>\n<h2 style=\"text-align: left;\">Especificaciones clave<\/h2>\n<table class=\"aligncenter\" style=\"border-collapse: collapse; width: 423.02pt;\" border=\"0\" width=\"564\" cellspacing=\"0\" cellpadding=\"0\">\n<tbody>\n<tr style=\"height: 13.50pt;\">\n<td style=\"height: 13.50pt; width: 120.75pt;\" width=\"161\" height=\"18\">Especificaci\u00f3n<\/td>\n<td style=\"width: 302.25pt;\" width=\"403\">Detalles<\/td>\n<\/tr>\n<tr style=\"height: 13.50pt;\">\n<td style=\"height: 13.50pt;\" height=\"18\">Capacidad<\/td>\n<td>190 ml<\/td>\n<\/tr>\n<tr style=\"height: 13.50pt;\">\n<td style=\"height: 13.50pt;\" height=\"18\">Dimensiones<\/td>\n<td>70\u00d770\u00d775 mm<\/td>\n<\/tr>\n<tr style=\"height: 13.50pt;\">\n<td style=\"height: 13.50pt;\" height=\"18\">Material<\/td>\n<td>Vidrio de primera calidad<\/td>\n<\/tr>\n<tr style=\"height: 13.50pt;\">\n<td style=\"height: 13.50pt;\" height=\"18\">Forma de tarro<\/td>\n<td>Cilindro de lados rectos con corte de diamante completo<\/td>\n<\/tr>\n<tr style=\"height: 13.50pt;\">\n<td style=\"height: 13.50pt;\" height=\"18\">Alcance de personalizaci\u00f3n<\/td>\n<td>Color, patr\u00f3n de corte, forma, tapas<\/td>\n<\/tr>\n<tr style=\"height: 13.50pt;\">\n<td style=\"height: 13.50pt;\" height=\"18\">Artesan\u00eda<\/td>\n<td>Vidrio prensado con molde de corte de diamante de precisi\u00f3n<\/td>\n<\/tr>\n<tr style=\"height: 13.50pt;\">\n<td style=\"height: 13.50pt;\" height=\"18\">Prop\u00f3sito del producto<\/td>\n<td>Frascos para velas al por mayor, art\u00edculos decorativos para el hogar<\/td>\n<\/tr>\n<tr style=\"height: 13.50pt;\">\n<td style=\"height: 13.50pt;\" height=\"18\">Industrias adecuadas<\/td>\n<td>Marcas de velas modernas, minoristas de art\u00edculos premium para el hogar<\/td>\n<\/tr>\n<\/tbody>\n<\/table>\n<h2>Historia de \u00e9xito: Un pedido personalizado de una marca de velas de alta gama del Medio Oeste.<\/h2>\n<p>Una marca de velas de soja premium del Medio Oeste seleccion\u00f3 nuestros frascos para velas, los cuales personalizaron con facetas esmeriladas y tapas de madera tallada a juego. Los frascos personalizados que crearon para sus productos dieron como resultado una mejora completa del producto, lo que se tradujo en un aumento del 300 % en la interacci\u00f3n en Instagram. El dise\u00f1o de paredes rectas garantiz\u00f3 una combusti\u00f3n perfecta y redujo las quejas de los clientes en un 60 %. Debido al \u00e9xito de su pedido anterior, la empresa realiz\u00f3 otro pedido de 500 000 frascos para velas para su colecci\u00f3n de fragancias navide\u00f1as.<\/p>\n<h2>Frascos para velas al por mayor: sugerencias de personalizaci\u00f3n<\/h2>\n<ul>\n<li>Ofrece m\u00faltiples dise\u00f1os en relieve que incluyen patrones de panal de abeja, rayas verticales y cuadr\u00edculas geom\u00e9tricas para producir efectos visuales distintivos.<\/li>\n<li>Crea una forma de frasco de pastillas curvada m\u00e1s cl\u00e1sica o una forma de vidrio sin asa m\u00e1s robusta.<\/li>\n<li>Dise\u00f1amos tapas de vidrio y metal a juego que incluyen anillos de sellado de silicona para mantener la frescura de la vela y protegerla del polvo entre usos.<\/li>\n<\/ul>","protected":false},"excerpt":{"rendered":"<p>Frascos modernos para velas al por mayor en vidrio transparente con textura de corte de diamante, perfectos para velas arom\u00e1ticas y decoraci\u00f3n. Frascos premium para velas, directamente de f\u00e1brica.<\/p>","protected":false},"featured_media":5148,"template":"","meta":{"postBodyCss":"","postBodyMargin":[],"postBodyPadding":[],"postBodyBackground":{"backgroundType":"classic","gradient":""}},"product_brand":[],"product_cat":[82,15,17],"product_tag":[97,96],"class_list":{"0":"post-5144","1":"product","2":"type-product","3":"status-publish","4":"has-post-thumbnail","6":"product_cat-candle-jars","7":"product_cat-glass-containers","8":"product_cat-glass-jars","9":"product_tag-rocks-glass","10":"product_tag-whiskey-tumblers","12":"first","13":"instock","14":"shipping-taxable","15":"product-type-simple"},"jetpack_sharing_enabled":true,"_links":{"self":[{"href":"https:\/\/minghanggroup.com\/es\/wp-json\/wp\/v2\/product\/5144","targetHints":{"allow":["GET"]}}],"collection":[{"href":"https:\/\/minghanggroup.com\/es\/wp-json\/wp\/v2\/product"}],"about":[{"href":"https:\/\/minghanggroup.com\/es\/wp-json\/wp\/v2\/types\/product"}],"wp:featuredmedia":[{"embeddable":true,"href":"https:\/\/minghanggroup.com\/es\/wp-json\/wp\/v2\/media\/5148"}],"wp:attachment":[{"href":"https:\/\/minghanggroup.com\/es\/wp-json\/wp\/v2\/media?parent=5144"}],"wp:term":[{"taxonomy":"product_brand","embeddable":true,"href":"https:\/\/minghanggroup.com\/es\/wp-json\/wp\/v2\/product_brand?post=5144"},{"taxonomy":"product_cat","embeddable":true,"href":"https:\/\/minghanggroup.com\/es\/wp-json\/wp\/v2\/product_cat?post=5144"},{"taxonomy":"product_tag","embeddable":true,"href":"https:\/\/minghanggroup.com\/es\/wp-json\/wp\/v2\/product_tag?post=5144"}],"curies":[{"name":"wp","href":"https:\/\/api.w.org\/{rel}","templated":true}]}}