{"id":5135,"date":"2026-01-23T09:12:36","date_gmt":"2026-01-23T01:12:36","guid":{"rendered":"https:\/\/minghanggroup.com\/?post_type=product&#038;p=5135"},"modified":"2026-01-23T15:53:41","modified_gmt":"2026-01-23T07:53:41","slug":"clear-spherical-luxury-candle-jars-with-textured-bulk","status":"publish","type":"product","link":"https:\/\/minghanggroup.com\/es\/producto\/clear-spherical-luxury-candle-jars-with-textured-bulk\/","title":{"rendered":"Tarros de vela de lujo esf\u00e9ricos transparentes de 125 ml con textura"},"content":{"rendered":"<p>Son frascos de vela de lujo, de forma redonda con un cuerpo liso y redondeado con un llamativo patr\u00f3n de corte en escamas de pez que atrapa y dispersa la luz de las velas d\u00e1ndoles una apariencia espectacular, similar a un prisma.<\/p>\n<h2>Caracter\u00edsticas del producto<\/h2>\n<ul>\n<li><strong>Vidrio transparente:<\/strong> El vidrio es muy claro y transparente y es una lente que magnifica la llama de la vela y el charco de cera fundida a la perfecci\u00f3n.<\/li>\n<li><strong>Cuerpo cortado en escamas de pescado:<\/strong> El dinamismo vibrante de la textura tridimensional en forma de escamas de peces de luz y sombra proporciona ricas capas de im\u00e1genes de la luz de las velas que pasa a trav\u00e9s de la plataforma.<\/li>\n<li><strong>Forma esf\u00e9rica escult\u00f3rica:<\/strong> Esta es la forma completa, redondeada y esf\u00e9rica y es una variante contempor\u00e1nea audaz de las formas cil\u00edndricas y c\u00fabicas convencionales.<\/li>\n<\/ul>\n<h2 style=\"text-align: left;\">Especificaciones clave<\/h2>\n<table class=\"aligncenter\" style=\"border-collapse: collapse; width: 423.02pt;\" border=\"0\" width=\"564\" cellspacing=\"0\" cellpadding=\"0\">\n<tbody>\n<tr style=\"height: 13.50pt;\">\n<td style=\"height: 13.50pt; width: 120.75pt;\" width=\"161\" height=\"18\">Especificaci\u00f3n<\/td>\n<td style=\"width: 302.25pt;\" width=\"403\">Detalles<\/td>\n<\/tr>\n<tr style=\"height: 13.50pt;\">\n<td style=\"height: 13.50pt;\" height=\"18\">Capacidad<\/td>\n<td>125 ml<\/td>\n<\/tr>\n<tr style=\"height: 13.50pt;\">\n<td style=\"height: 13.50pt;\" height=\"18\">Dimensiones<\/td>\n<td>70\u00d778\u00d762 mm<\/td>\n<\/tr>\n<tr style=\"height: 13.50pt;\">\n<td style=\"height: 13.50pt;\" height=\"18\">Material<\/td>\n<td>Vidrio de alta claridad<\/td>\n<\/tr>\n<tr style=\"height: 13.50pt;\">\n<td style=\"height: 13.50pt;\" height=\"18\">Forma de tarro<\/td>\n<td>Esfera con corte de ojo de pez por toda la superficie<\/td>\n<\/tr>\n<tr style=\"height: 13.50pt;\">\n<td style=\"height: 13.50pt;\" height=\"18\">Alcance de personalizaci\u00f3n<\/td>\n<td>Color del vidrio, profundidad del patr\u00f3n de corte, esmerilado<\/td>\n<\/tr>\n<tr style=\"height: 13.50pt;\">\n<td style=\"height: 13.50pt;\" height=\"18\">Artesan\u00eda<\/td>\n<td>Corte de vidrio avanzado para patrones de ojo de pez complejos<\/td>\n<\/tr>\n<tr style=\"height: 13.50pt;\">\n<td style=\"height: 13.50pt;\" height=\"18\">Prop\u00f3sito del producto<\/td>\n<td>Tarros de velas a granel, decoraci\u00f3n del hogar de alta gama<\/td>\n<\/tr>\n<tr style=\"height: 13.50pt;\">\n<td style=\"height: 13.50pt;\" height=\"18\">Industrias adecuadas<\/td>\n<td>Marcas de velas de dise\u00f1o, grandes almacenes de lujo<\/td>\n<\/tr>\n<\/tbody>\n<\/table>\n<h2>Historia de \u00e9xito: Mezclas de fragancias exclusivas para una cadena hotelera de lujo europea<\/h2>\n<p>Una cadena hotelera europea de lujo eligi\u00f3 nuestros frascos de velas de lujo de dise\u00f1o \u00fanico, que tuvieron una gran acogida en su lanzamiento. El tama\u00f1o de 125 ml ofrece 60 horas de duraci\u00f3n, ideal para fines de semana. El extraordinario dise\u00f1o recibi\u00f3 m\u00e1s de un mill\u00f3n de visitas en redes sociales. El hotel qued\u00f3 sumamente satisfecho con los comentarios de los hu\u00e9spedes y el rendimiento del producto, por lo que encarg\u00f3 200.000 frascos adicionales y planea distribuirlos en todos sus hoteles en un plazo de dos a\u00f1os.<\/p>\n<h2>Tarros de velas personalizados a granel<\/h2>\n<ul>\n<li>Variaci\u00f3n del patr\u00f3n de corte: Se puede variar el tama\u00f1o, la profundidad o el \u00e1ngulo del corte en forma de ojo de pez para producir varios efectos de brillo.<\/li>\n<li>Grabado l\u00e1ser: grabe nombres de marcas o dise\u00f1os de constelaciones en superficies peque\u00f1as y limpias de la esfera.<\/li>\n<li>Tap\u00f3n\/tapa personalizado: Dise\u00f1e una tapa de disco de vidrio o metal id\u00e9ntica, para usar cuando la vela no est\u00e9 en uso.<\/li>\n<li>Base personalizada: Dise\u00f1e una base de disco de vidrio o metal igual para sostener y estabilizar la esfera.<\/li>\n<\/ul>","protected":false},"excerpt":{"rendered":"<p>Frascos para velas a granel en vidrio transparente esf\u00e9rico con textura de escamas de pescado, perfectos para velas arom\u00e1ticas y decoraci\u00f3n. Frascos de lujo premium para velas, directamente de f\u00e1brica.<\/p>","protected":false},"featured_media":5136,"template":"","meta":{"postBodyCss":"","postBodyMargin":[],"postBodyPadding":[],"postBodyBackground":{"backgroundType":"classic","gradient":""}},"product_brand":[],"product_cat":[15,82,17],"product_tag":[],"class_list":{"0":"post-5135","1":"product","2":"type-product","3":"status-publish","4":"has-post-thumbnail","6":"product_cat-glass-containers","7":"product_cat-candle-jars","8":"product_cat-glass-jars","10":"first","11":"instock","12":"shipping-taxable","13":"product-type-simple"},"jetpack_sharing_enabled":true,"_links":{"self":[{"href":"https:\/\/minghanggroup.com\/es\/wp-json\/wp\/v2\/product\/5135","targetHints":{"allow":["GET"]}}],"collection":[{"href":"https:\/\/minghanggroup.com\/es\/wp-json\/wp\/v2\/product"}],"about":[{"href":"https:\/\/minghanggroup.com\/es\/wp-json\/wp\/v2\/types\/product"}],"wp:featuredmedia":[{"embeddable":true,"href":"https:\/\/minghanggroup.com\/es\/wp-json\/wp\/v2\/media\/5136"}],"wp:attachment":[{"href":"https:\/\/minghanggroup.com\/es\/wp-json\/wp\/v2\/media?parent=5135"}],"wp:term":[{"taxonomy":"product_brand","embeddable":true,"href":"https:\/\/minghanggroup.com\/es\/wp-json\/wp\/v2\/product_brand?post=5135"},{"taxonomy":"product_cat","embeddable":true,"href":"https:\/\/minghanggroup.com\/es\/wp-json\/wp\/v2\/product_cat?post=5135"},{"taxonomy":"product_tag","embeddable":true,"href":"https:\/\/minghanggroup.com\/es\/wp-json\/wp\/v2\/product_tag?post=5135"}],"curies":[{"name":"wp","href":"https:\/\/api.w.org\/{rel}","templated":true}]}}