{"id":5134,"date":"2026-01-23T10:09:57","date_gmt":"2026-01-23T02:09:57","guid":{"rendered":"https:\/\/minghanggroup.com\/?post_type=product&#038;p=5134"},"modified":"2026-01-23T10:09:59","modified_gmt":"2026-01-23T02:09:59","slug":"glass-unique-candle-jars-with-embossed-design-for-brand-bulk","status":"publish","type":"product","link":"https:\/\/minghanggroup.com\/es\/producto\/glass-unique-candle-jars-with-embossed-design-for-brand-bulk\/","title":{"rendered":"Tarros de cristal \u00fanicos para velas de 460 ml con dise\u00f1o en relieve para marcas al por mayor"},"content":{"rendered":"<p>Tus exclusivos frascos para velas no solo deben contener cera, sino que tambi\u00e9n deben hacer que tu tienda brille como un jard\u00edn secreto. Como especialistas en frascos de vidrio para velas al por mayor, creamos recipientes de lujo que convierten tu l\u00ednea de velas al por mayor en un art\u00edculo imprescindible para tus clientes.<\/p>\n<h2>Caracter\u00edsticas del producto<\/h2>\n<ul>\n<li><strong>Estilo de patr\u00f3n:<\/strong> El patr\u00f3n de panal tiene un toque muy contempor\u00e1neo, el patr\u00f3n de hojas de palma, por otro lado, parece m\u00e1s r\u00fastico y su candelabro expresa una historia que es exclusivamente suya.<\/li>\n<li><strong>Base estable:<\/strong> El dise\u00f1o de la base elevada garantiza que el portavelas se mantenga perfectamente estable incluso sobre una mesa de m\u00e1rmol. Por lo tanto, su portavelas no solo es robusto y duradero, sino tambi\u00e9n de una calidad excepcional.<\/li>\n<li><strong>Claro:<\/strong> El vidrio transparente le permite ver todos los colores del aceite de aromaterapia con mucha claridad, sin efectos borrosos ni filtrados.<\/li>\n<\/ul>\n<h2>Especificaciones clave<\/h2>\n<table style=\"border-collapse: collapse; width: 80%; margin-left: auto; margin-right: auto;\" border=\"0\" width=\"288\" cellspacing=\"0\" cellpadding=\"0\">\n<tbody>\n<tr style=\"height: 13.50pt;\">\n<td style=\"height: 13.5pt; width: 54pt; text-align: center;\" width=\"72\" height=\"18\">Tama\u00f1o<\/td>\n<td style=\"width: 54pt; text-align: center;\" width=\"72\">Dimensiones (mm)<\/td>\n<td style=\"width: 54pt; text-align: center;\" width=\"72\">Patrones disponibles<\/td>\n<td style=\"width: 54pt; text-align: center;\" width=\"72\">Color<\/td>\n<\/tr>\n<tr style=\"height: 13.50pt;\">\n<td style=\"height: 13.5pt; text-align: center;\" height=\"18\">460 ml<\/td>\n<td style=\"text-align: center;\">67 \u00d7 85 \u00d7 130<\/td>\n<td style=\"text-align: center;\">Palma, Mosaico, Panal, Monedas, Puntos, Abanico<\/td>\n<td style=\"text-align: center;\">Claro\/personalizado<\/td>\n<\/tr>\n<\/tbody>\n<\/table>\n<h2>Caso de \u00e9xito<\/h2>\n<p>Una marca norteamericana de aromaterapia de alta gama decidi\u00f3 que nuestros exclusivos frascos para velas ser\u00edan el envase principal de su nueva gama de productos. El cliente modific\u00f3 de forma \u00fanica varios patrones en relieve, eligi\u00f3 un acabado mate arenado con detalles de alto brillo en contraste, coloc\u00f3 el logotipo de su marca en la base y realiz\u00f3 un pedido de diferentes combinaciones de capacidad.<\/p>\n<p>Durante los primeros tres meses tras el lanzamiento del producto, los frascos texturizados de edici\u00f3n limitada se convirtieron en un producto estrella. El cliente repiti\u00f3 su pedido al por mayor tan solo tres meses despu\u00e9s del primero, y la cantidad fue un 45 % superior a la del pedido inicial.<\/p>\n<h2>Sus opciones de personalizaci\u00f3n<\/h2>\n<ol>\n<li><strong>Opciones de acabado de superficies:<\/strong> Admite procesos mixtos como arenado + \u00e1reas pulidas, recubrimiento de color interno + transparencia externa, para la mejora de la est\u00e9tica de la exhibici\u00f3n.<\/li>\n<li><strong>Tapas personalizables:<\/strong> El producto se ofrece con tapas de madera, vidrio o metal y tambi\u00e9n admite personalizaci\u00f3n de color, grabado o logotipos grabados con l\u00e1ser.<\/li>\n<li><strong>Marca inferior:<\/strong> La marca, la capacidad o el origen de la informaci\u00f3n se pueden grabar en el fondo de la taza, dando as\u00ed un aspecto m\u00e1s profesional y cumpliendo tambi\u00e9n con los est\u00e1ndares para la venta minorista.<\/li>\n<\/ol>","protected":false},"excerpt":{"rendered":"<p>Descubra frascos para velas \u00fanicos con texturas ricas, ideales para colecciones de marca. Frascos de vidrio para velas al por mayor, directos de f\u00e1brica, con env\u00edo r\u00e1pido.<\/p>","protected":false},"featured_media":5143,"template":"","meta":{"postBodyCss":"","postBodyMargin":[],"postBodyPadding":[],"postBodyBackground":{"backgroundType":"classic","gradient":""}},"product_brand":[],"product_cat":[15,82,17],"product_tag":[],"class_list":{"0":"post-5134","1":"product","2":"type-product","3":"status-publish","4":"has-post-thumbnail","6":"product_cat-glass-containers","7":"product_cat-candle-jars","8":"product_cat-glass-jars","10":"first","11":"instock","12":"shipping-taxable","13":"product-type-simple"},"jetpack_sharing_enabled":true,"_links":{"self":[{"href":"https:\/\/minghanggroup.com\/es\/wp-json\/wp\/v2\/product\/5134","targetHints":{"allow":["GET"]}}],"collection":[{"href":"https:\/\/minghanggroup.com\/es\/wp-json\/wp\/v2\/product"}],"about":[{"href":"https:\/\/minghanggroup.com\/es\/wp-json\/wp\/v2\/types\/product"}],"wp:featuredmedia":[{"embeddable":true,"href":"https:\/\/minghanggroup.com\/es\/wp-json\/wp\/v2\/media\/5143"}],"wp:attachment":[{"href":"https:\/\/minghanggroup.com\/es\/wp-json\/wp\/v2\/media?parent=5134"}],"wp:term":[{"taxonomy":"product_brand","embeddable":true,"href":"https:\/\/minghanggroup.com\/es\/wp-json\/wp\/v2\/product_brand?post=5134"},{"taxonomy":"product_cat","embeddable":true,"href":"https:\/\/minghanggroup.com\/es\/wp-json\/wp\/v2\/product_cat?post=5134"},{"taxonomy":"product_tag","embeddable":true,"href":"https:\/\/minghanggroup.com\/es\/wp-json\/wp\/v2\/product_tag?post=5134"}],"curies":[{"name":"wp","href":"https:\/\/api.w.org\/{rel}","templated":true}]}}