{"id":5117,"date":"2026-01-22T16:35:09","date_gmt":"2026-01-22T08:35:09","guid":{"rendered":"https:\/\/minghanggroup.com\/?post_type=product&#038;p=5117"},"modified":"2026-01-22T16:52:04","modified_gmt":"2026-01-22T08:52:04","slug":"clear-small-candle-jars-for-packaging-wholesale","status":"publish","type":"product","link":"https:\/\/minghanggroup.com\/es\/producto\/clear-small-candle-jars-for-packaging-wholesale\/","title":{"rendered":"Tarros peque\u00f1os transparentes para velas de 85 ml para embalaje al por mayor"},"content":{"rendered":"<p>Tus peque\u00f1os frascos para velas no solo deben contener cera, sino que tambi\u00e9n deben ser el centro de atenci\u00f3n de tu tienda. Como especialistas en envases para velas a granel, creamos envases de vidrio que convierten tu l\u00ednea de velas al por mayor en la favorita de tus clientes.<\/p>\n<h2>Caracter\u00edsticas del producto<\/h2>\n<ul>\n<li><strong>Encanto compacto:<\/strong> De tama\u00f1o peque\u00f1o, ideal para escritorios o mesitas de noche. Su portavelas es acogedor y resistente.<\/li>\n<li><strong>Claridad cristalina:<\/strong> Todos los colores de los aceites esenciales perfumados son visibles a trav\u00e9s del cristal transparente, sin filtros opacos.<\/li>\n<li><strong>Flexibilidad de la tapa:<\/strong> Las tapas de pl\u00e1stico o madera encajan firmemente, sin fugas de cera ni polvo.<\/li>\n<\/ul>\n<h2>Especificaciones clave<\/h2>\n<table style=\"border-collapse: collapse; width: 80%; margin-left: auto; margin-right: auto;\" border=\"0\" width=\"288\" cellspacing=\"0\" cellpadding=\"0\">\n<tbody>\n<tr style=\"height: 13.50pt;\">\n<td style=\"height: 13.5pt; width: 54pt; text-align: center;\" width=\"72\" height=\"18\">Tama\u00f1o<\/td>\n<td style=\"width: 54pt; text-align: center;\" width=\"72\">Dimensiones (mm)<\/td>\n<td style=\"width: 54pt; text-align: center;\" width=\"72\">Opciones de tapa<\/td>\n<td style=\"width: 54pt; text-align: center;\" width=\"72\">Finalizar<\/td>\n<\/tr>\n<tr style=\"height: 13.50pt;\">\n<td style=\"height: 13.5pt; text-align: center;\" height=\"18\">85 ml<\/td>\n<td style=\"text-align: center;\">65 \u00d7 58 \u00d7 60<\/td>\n<td style=\"text-align: center;\">Pl\u00e1stico o madera<\/td>\n<td style=\"text-align: center;\">Claro\/personalizado<\/td>\n<\/tr>\n<\/tbody>\n<\/table>\n<h2>Caso de \u00e9xito<\/h2>\n<p>Una marca de aromaterapia eligi\u00f3 uno de nuestros peque\u00f1os portavelas para el packaging de su nueva l\u00ednea de productos. Para enfatizar la idea de la colecci\u00f3n, el cliente dise\u00f1\u00f3 un vidrio amarillo distintivo y emple\u00f3 un m\u00e9todo de serigraf\u00eda de precisi\u00f3n para estampar el logotipo de la marca con un acabado esmerilado en la botella transparente, preservando as\u00ed la frescura y ligereza del producto, junto con su atractivo visual.<\/p>\n<p>Tras el cambio de empaque, las ventas de esta l\u00ednea de productos aumentaron un 150 % en el primer trimestre. Actualmente, este cliente nos ha confiado la gesti\u00f3n de todos sus pedidos.<\/p>\n<h2>Sus opciones de personalizaci\u00f3n<\/h2>\n<ol>\n<li><strong>Borde de la copa y acabado detallado:<\/strong> Mediante tecnolog\u00eda de corte en fr\u00edo por l\u00e1ser y pulido a mano, el borde grueso de la taza adquiere un acabado suave y redondeado como un espejo que b\u00e1sicamente refleja la apariencia de un art\u00edculo de lujo en comparaci\u00f3n con el acabado de borde tratado t\u00e9rmicamente normal.<\/li>\n<li><strong>Im\u00e1genes en color personalizadas:<\/strong> Utilizando el m\u00e9todo de pintura en aerosol con gradiente en la pared interior o base, por ejemplo, colores \u00e1mbar o gris ahumado que se extienden desde la parte inferior, el espesor del vidrio provoca una refracci\u00f3n que le da al color una profundidad 3D sorprendente y un efecto realmente profundo.<\/li>\n<li><strong>Combinaciones de materiales a juego:<\/strong> Se utilizan tapas personalizadas de m\u00e1rmol, metal cepillado o madera de nogal natural, junto con las tazas de paredes gruesas. Las texturas rugosas de piedra o madera, en contraste con el fino cristal, le dan a la idea de regalo un toque realmente impactante.<\/li>\n<\/ol>","protected":false},"excerpt":{"rendered":"<p>Frascos peque\u00f1os para velas de alta calidad con dise\u00f1o de vidrio transparente, ideales para velas arom\u00e1ticas. Suministro confiable de contenedores para velas a granel con entrega r\u00e1pida.<\/p>","protected":false},"featured_media":5121,"template":"","meta":{"postBodyCss":"","postBodyMargin":[],"postBodyPadding":[],"postBodyBackground":{"backgroundType":"classic","gradient":""}},"product_brand":[],"product_cat":[15,82,17],"product_tag":[],"class_list":{"0":"post-5117","1":"product","2":"type-product","3":"status-publish","4":"has-post-thumbnail","6":"product_cat-glass-containers","7":"product_cat-candle-jars","8":"product_cat-glass-jars","10":"first","11":"instock","12":"shipping-taxable","13":"product-type-simple"},"jetpack_sharing_enabled":true,"_links":{"self":[{"href":"https:\/\/minghanggroup.com\/es\/wp-json\/wp\/v2\/product\/5117","targetHints":{"allow":["GET"]}}],"collection":[{"href":"https:\/\/minghanggroup.com\/es\/wp-json\/wp\/v2\/product"}],"about":[{"href":"https:\/\/minghanggroup.com\/es\/wp-json\/wp\/v2\/types\/product"}],"wp:featuredmedia":[{"embeddable":true,"href":"https:\/\/minghanggroup.com\/es\/wp-json\/wp\/v2\/media\/5121"}],"wp:attachment":[{"href":"https:\/\/minghanggroup.com\/es\/wp-json\/wp\/v2\/media?parent=5117"}],"wp:term":[{"taxonomy":"product_brand","embeddable":true,"href":"https:\/\/minghanggroup.com\/es\/wp-json\/wp\/v2\/product_brand?post=5117"},{"taxonomy":"product_cat","embeddable":true,"href":"https:\/\/minghanggroup.com\/es\/wp-json\/wp\/v2\/product_cat?post=5117"},{"taxonomy":"product_tag","embeddable":true,"href":"https:\/\/minghanggroup.com\/es\/wp-json\/wp\/v2\/product_tag?post=5117"}],"curies":[{"name":"wp","href":"https:\/\/api.w.org\/{rel}","templated":true}]}}