{"id":5106,"date":"2026-01-22T15:23:17","date_gmt":"2026-01-22T07:23:17","guid":{"rendered":"https:\/\/minghanggroup.com\/?post_type=product&#038;p=5106"},"modified":"2026-01-22T16:08:34","modified_gmt":"2026-01-22T08:08:34","slug":"glass-jars-for-candles-with-geometric-texture-bulk","status":"publish","type":"product","link":"https:\/\/minghanggroup.com\/es\/producto\/glass-jars-for-candles-with-geometric-texture-bulk\/","title":{"rendered":"Frascos de vidrio de 110 ml para velas con textura geom\u00e9trica a granel"},"content":{"rendered":"<p>Estos elegantes frascos de vidrio para velas presentan una forma cil\u00edndrica, sencilla y discreta. Su dise\u00f1o redondeado es bajo y duradero, y cuenta con dos acabados llamativos: un brillante acolchado de rombos y un suave dise\u00f1o acanalado vertical.<\/p>\n<h2>Caracter\u00edsticas del producto<\/h2>\n<ul>\n<li><strong>Elegante silueta de tulip\u00e1n:<\/strong> Las curvas suaves y refinadas son muy reconocibles dando el toque de sofisticaci\u00f3n elegante y natural.<\/li>\n<li><strong>Rayas verticales decorativas:<\/strong> Las rayas verticales tienen el efecto de decorar y mejorar el agarre, pero tambi\u00e9n producen un juego de luces y sombras estimulante y fascinante.<\/li>\n<li><strong>Vidrio transparente:<\/strong> El vidrio transparente le permite tener una visi\u00f3n clara de la cera, la llama y todas las decoraciones en el interior de la vela.<\/li>\n<\/ul>\n<h2 style=\"text-align: left;\">Especificaciones clave<\/h2>\n<table class=\"aligncenter\" style=\"border-collapse: collapse; width: 428.27pt;\" border=\"0\" width=\"571\" cellspacing=\"0\" cellpadding=\"0\">\n<tbody>\n<tr style=\"height: 13.50pt;\">\n<td style=\"height: 13.50pt; width: 121.50pt;\" width=\"162\" height=\"18\">Especificaci\u00f3n<\/td>\n<td style=\"width: 306.75pt;\" width=\"409\">Detalles<\/td>\n<\/tr>\n<tr style=\"height: 13.50pt;\">\n<td style=\"height: 13.50pt;\" height=\"18\">Capacidad<\/td>\n<td>110 ml<\/td>\n<\/tr>\n<tr style=\"height: 13.50pt;\">\n<td style=\"height: 13.50pt;\" height=\"18\">Dimensiones<\/td>\n<td>80\u00d760\u00d760 mm<\/td>\n<\/tr>\n<tr style=\"height: 13.50pt;\">\n<td style=\"height: 13.50pt;\" height=\"18\">Material<\/td>\n<td>Vidrio transparente<\/td>\n<\/tr>\n<tr style=\"height: 13.50pt;\">\n<td style=\"height: 13.50pt;\" height=\"18\">Forma de tarro<\/td>\n<td>Cilindro corto y ancho con superficie texturizada<\/td>\n<\/tr>\n<tr style=\"height: 13.50pt;\">\n<td style=\"height: 13.50pt;\" height=\"18\">Alcance de personalizaci\u00f3n<\/td>\n<td>Color, textura, patr\u00f3n, glaseado, relieve<\/td>\n<\/tr>\n<tr style=\"height: 13.50pt;\">\n<td style=\"height: 13.50pt;\" height=\"18\">Artesan\u00eda<\/td>\n<td>Prensado de vidrio texturizado para patrones de diamantes o nervaduras<\/td>\n<\/tr>\n<tr style=\"height: 13.50pt;\">\n<td style=\"height: 13.50pt;\" height=\"18\">Prop\u00f3sito del producto<\/td>\n<td>Tarros para velas al por mayor, portavelas decorativos<\/td>\n<\/tr>\n<tr style=\"height: 13.50pt;\">\n<td style=\"height: 13.50pt;\" height=\"18\">Industrias adecuadas<\/td>\n<td>Marcas de velas contempor\u00e1neas, minoristas de decoraci\u00f3n del hogar<\/td>\n<\/tr>\n<\/tbody>\n<\/table>\n<h2>Historia de \u00e9xito: La serie de velas en colaboraci\u00f3n con floristas fue un gran \u00e9xito<\/h2>\n<p>Una florister\u00eda online compr\u00f3 nuestros frascos de vidrio con forma de tulip\u00e1n como recipientes \u00fanicos. Por eso, el dise\u00f1o \u00fanico encaj\u00f3 a la perfecci\u00f3n con su imagen de marca y gener\u00f3 un crecimiento del 150 % en las ventas directas online. El vidrio transparente demostr\u00f3 a la perfecci\u00f3n c\u00f3mo se ve\u00eda el color natural de la cera, lo que aument\u00f3 las publicaciones en redes sociales en un 80 %. El rendimiento del producto y los comentarios de los clientes hicieron que la marca estuviera tan satisfecha con su producto que encarg\u00f3 otro lote de 250\u00a0000 frascos de vidrio para complementar las colecciones principales y de temporada.<\/p>\n<h2>Opciones de personalizaci\u00f3n de contenedores para velas<\/h2>\n<ul>\n<li>Colores del vidrio: Proponga tonos suaves como el rosa ruborizado, el verde salvia o el azul cielo para darle un impulso al tema floral.<\/li>\n<li>Variaciones de ranuras: modifique el ancho, la profundidad o el espacio entre las ranuras verticales para obtener apariencias variadas.<\/li>\n<li>Acabados Met\u00e1licos: Abanicos que han sido dorados o decorados con oro, plata o cobre en los bordes.<\/li>\n<li>Base en relieve: Adorne la parte inferior de la lata agregando peque\u00f1os motivos florales en relieve o el logotipo de su empresa.<\/li>\n<\/ul>","protected":false},"excerpt":{"rendered":"<p>Elegantes frascos de vidrio para velas con texturas acanaladas y romboidales, ideales para velas de t\u00e9 y aromaterapia. Fabricados por OEM para personalizar la marca y los dise\u00f1os.<\/p>","protected":false},"featured_media":5109,"template":"","meta":{"postBodyCss":"","postBodyMargin":[],"postBodyPadding":[],"postBodyBackground":{"backgroundType":"classic","gradient":""}},"product_brand":[],"product_cat":[15,82,17],"product_tag":[],"class_list":{"0":"post-5106","1":"product","2":"type-product","3":"status-publish","4":"has-post-thumbnail","6":"product_cat-glass-containers","7":"product_cat-candle-jars","8":"product_cat-glass-jars","10":"first","11":"instock","12":"shipping-taxable","13":"product-type-simple"},"jetpack_sharing_enabled":true,"_links":{"self":[{"href":"https:\/\/minghanggroup.com\/es\/wp-json\/wp\/v2\/product\/5106","targetHints":{"allow":["GET"]}}],"collection":[{"href":"https:\/\/minghanggroup.com\/es\/wp-json\/wp\/v2\/product"}],"about":[{"href":"https:\/\/minghanggroup.com\/es\/wp-json\/wp\/v2\/types\/product"}],"wp:featuredmedia":[{"embeddable":true,"href":"https:\/\/minghanggroup.com\/es\/wp-json\/wp\/v2\/media\/5109"}],"wp:attachment":[{"href":"https:\/\/minghanggroup.com\/es\/wp-json\/wp\/v2\/media?parent=5106"}],"wp:term":[{"taxonomy":"product_brand","embeddable":true,"href":"https:\/\/minghanggroup.com\/es\/wp-json\/wp\/v2\/product_brand?post=5106"},{"taxonomy":"product_cat","embeddable":true,"href":"https:\/\/minghanggroup.com\/es\/wp-json\/wp\/v2\/product_cat?post=5106"},{"taxonomy":"product_tag","embeddable":true,"href":"https:\/\/minghanggroup.com\/es\/wp-json\/wp\/v2\/product_tag?post=5106"}],"curies":[{"name":"wp","href":"https:\/\/api.w.org\/{rel}","templated":true}]}}