{"id":5105,"date":"2026-01-22T15:58:16","date_gmt":"2026-01-22T07:58:16","guid":{"rendered":"https:\/\/minghanggroup.com\/?post_type=product&#038;p=5105"},"modified":"2026-01-22T16:51:00","modified_gmt":"2026-01-22T08:51:00","slug":"frosted-glass-candle-containers-with-lids-wholesale","status":"publish","type":"product","link":"https:\/\/minghanggroup.com\/es\/producto\/frosted-glass-candle-containers-with-lids-wholesale\/","title":{"rendered":"Recipientes para velas de vidrio esmerilado de 80 ml y 95 ml con tapa, venta al por mayor"},"content":{"rendered":"<p>Tus recipientes para velas con tapa no solo deben contener cera, sino que tambi\u00e9n deben ser el centro de atenci\u00f3n de tu tienda. Como especialistas en frascos esmerilados para velas, creamos envases de vidrio que convierten tu l\u00ednea de velas al por mayor en la favorita de tus clientes.<\/p>\n<h2>Caracter\u00edsticas del producto<\/h2>\n<ul>\n<li><strong>Acabado suave y esmerilado:<\/strong> Una textura escarchada difunde la luz de las velas de manera muy suave y delicada como la luz de la luna; de esta manera, la sensaci\u00f3n acogedora de la fragancia de su hogar se mejora instant\u00e1neamente.<\/li>\n<li><strong>Tapa segura:<\/strong> Una tapa de madera que encaja perfectamente, evitando derrames de cera y la acumulaci\u00f3n de polvo. El recipiente para velas es resistente, duradero y de primera calidad.<\/li>\n<li><strong>Dise\u00f1o cil\u00edndrico simple:<\/strong> La forma cil\u00edndrica atemporal es ideal para el estilo minimalista escandinavo y se puede adornar con etiquetas o impresiones para expresar una apariencia sofisticada.<\/li>\n<\/ul>\n<h2>Especificaciones clave<\/h2>\n<table style=\"border-collapse: collapse; width: 80%; margin-left: auto; margin-right: auto;\" border=\"0\" width=\"288\" cellspacing=\"0\" cellpadding=\"0\">\n<tbody>\n<tr style=\"height: 13.50pt;\">\n<td style=\"height: 13.5pt; width: 54pt; text-align: center;\" width=\"72\" height=\"18\">Tama\u00f1o (ml)<\/td>\n<td style=\"width: 54pt; text-align: center;\" width=\"72\">Dimensiones (mm)<\/td>\n<td style=\"width: 54pt; text-align: center;\" width=\"72\">Tipo de tapa<\/td>\n<td style=\"width: 54pt; text-align: center;\" width=\"72\">Color<\/td>\n<\/tr>\n<tr style=\"height: 13.50pt;\">\n<td style=\"height: 13.5pt; text-align: center;\" align=\"right\" height=\"18\">80<\/td>\n<td style=\"text-align: center;\">52 \u00d7 45 \u00d7 62<\/td>\n<td class=\"et2\" style=\"text-align: center;\" rowspan=\"2\">Pl\u00e1stico o madera<\/td>\n<td class=\"et2\" style=\"text-align: center;\" rowspan=\"2\">Esmerilado o personalizado<\/td>\n<\/tr>\n<tr style=\"height: 13.50pt;\">\n<td style=\"height: 13.5pt; text-align: center;\" align=\"right\" height=\"18\">95<\/td>\n<td style=\"text-align: center;\">56 \u00d7 47 \u00d7 66<\/td>\n<\/tr>\n<\/tbody>\n<\/table>\n<h2>Caso de \u00e9xito<\/h2>\n<p>Una marca norteamericana de aromaterapia ha seleccionado nuestro portavelas de vidrio esmerilado como envase principal para su nueva l\u00ednea de productos. El portavelas luce un logotipo serigrafiado en seda blanca, y la tapa, elaborada en madera natural, lleva grabada la historia de la marca, lo que garantiza su reconocimiento tanto con la vela encendida como apagada.<\/p>\n<p>Tras el lanzamiento, las ventas de esta serie aumentaron alrededor de un 42% en tres meses, lo que result\u00f3 en m\u00e1s pedidos de versiones personalizadas en varios tama\u00f1os para ampliar sus l\u00edneas de productos de vacaciones y suscripci\u00f3n.<\/p>\n<h2>Sus opciones de personalizaci\u00f3n<\/h2>\n<ol>\n<li><strong>Material y estructura de tapa mejorados: <\/strong>Nuestras tapas est\u00e1n dise\u00f1adas estructuralmente para soportar una variedad de opciones de madera como bamb\u00fa, haya y roble, y tambi\u00e9n podr\u00edan mejorarse con un anillo de sellado de silicona para hacerlas m\u00e1s herm\u00e9ticas y, por lo tanto, retener m\u00e1s aroma.<\/li>\n<li><strong>Marca de cuerpo de copa personalizable: <\/strong>El cuerpo de la taza se puede decorar mediante serigraf\u00eda, estampado en caliente (dorado o plateado) o pulverizaci\u00f3n parcial. La ubicaci\u00f3n y el tama\u00f1o del logotipo se pueden ajustar con gran flexibilidad seg\u00fan las necesidades de la presentaci\u00f3n.<\/li>\n<li><strong>Opciones de embalaje y combinaci\u00f3n a juego: <\/strong>Es posible combinar una caja de color personalizada con una bandeja interior ecol\u00f3gica o una caja de regalo. Esto resulta muy pr\u00e1ctico para la venta minorista de marca o para promociones navide\u00f1as.<\/li>\n<\/ol>","protected":false},"excerpt":{"rendered":"<p>Frascos esmerilados para velas, dise\u00f1ados para el envasado premium de velas. Estos recipientes con tapa permiten el suministro directo de f\u00e1brica y la personalizaci\u00f3n selectiva al por mayor.<\/p>","protected":false},"featured_media":5116,"template":"","meta":{"postBodyCss":"","postBodyMargin":[],"postBodyPadding":[],"postBodyBackground":{"backgroundType":"classic","gradient":""}},"product_brand":[],"product_cat":[15,82,17],"product_tag":[],"class_list":{"0":"post-5105","1":"product","2":"type-product","3":"status-publish","4":"has-post-thumbnail","6":"product_cat-glass-containers","7":"product_cat-candle-jars","8":"product_cat-glass-jars","10":"first","11":"instock","12":"shipping-taxable","13":"product-type-simple"},"jetpack_sharing_enabled":true,"_links":{"self":[{"href":"https:\/\/minghanggroup.com\/es\/wp-json\/wp\/v2\/product\/5105","targetHints":{"allow":["GET"]}}],"collection":[{"href":"https:\/\/minghanggroup.com\/es\/wp-json\/wp\/v2\/product"}],"about":[{"href":"https:\/\/minghanggroup.com\/es\/wp-json\/wp\/v2\/types\/product"}],"wp:featuredmedia":[{"embeddable":true,"href":"https:\/\/minghanggroup.com\/es\/wp-json\/wp\/v2\/media\/5116"}],"wp:attachment":[{"href":"https:\/\/minghanggroup.com\/es\/wp-json\/wp\/v2\/media?parent=5105"}],"wp:term":[{"taxonomy":"product_brand","embeddable":true,"href":"https:\/\/minghanggroup.com\/es\/wp-json\/wp\/v2\/product_brand?post=5105"},{"taxonomy":"product_cat","embeddable":true,"href":"https:\/\/minghanggroup.com\/es\/wp-json\/wp\/v2\/product_cat?post=5105"},{"taxonomy":"product_tag","embeddable":true,"href":"https:\/\/minghanggroup.com\/es\/wp-json\/wp\/v2\/product_tag?post=5105"}],"curies":[{"name":"wp","href":"https:\/\/api.w.org\/{rel}","templated":true}]}}