{"id":5099,"date":"2026-01-22T14:44:43","date_gmt":"2026-01-22T06:44:43","guid":{"rendered":"https:\/\/minghanggroup.com\/?post_type=product&#038;p=5099"},"modified":"2026-01-22T15:07:01","modified_gmt":"2026-01-22T07:07:01","slug":"tulip-style-glass-candle-containers-wholesale","status":"publish","type":"product","link":"https:\/\/minghanggroup.com\/es\/producto\/tulip-style-glass-candle-containers-wholesale\/","title":{"rendered":"Recipientes para velas de vidrio estilo tulip\u00e1n de 110 ml al por mayor"},"content":{"rendered":"<p>Estos portavelas con forma de tulip\u00e1n presentan un cuerpo curvado hacia adentro y bordes ligeramente curvados. Las rayas verticales lisas del cuerpo facilitan su agarre y crean un hermoso efecto de luces y sombras.<\/p>\n<h2>Caracter\u00edsticas del producto<\/h2>\n<ul>\n<li><strong>Elegante silueta de tulip\u00e1n:<\/strong> Las curvas suaves y refinadas son muy reconocibles dando el toque de sofisticaci\u00f3n elegante y natural.<\/li>\n<li><strong>Rayas verticales decorativas:<\/strong> Las rayas verticales tienen el efecto de decorar y mejorar el agarre, pero tambi\u00e9n producen un juego de luces y sombras estimulante y fascinante.<\/li>\n<li><strong>Vidrio transparente:<\/strong> El vidrio transparente le permite tener una visi\u00f3n clara de la cera, la llama y todas las decoraciones en el interior de la vela.<\/li>\n<\/ul>\n<h2 style=\"text-align: left;\">Especificaciones clave<\/h2>\n<table class=\"aligncenter\" style=\"border-collapse: collapse; width: 451.52pt;\" border=\"0\" width=\"602\" cellspacing=\"0\" cellpadding=\"0\">\n<tbody>\n<tr style=\"height: 13.50pt;\">\n<td style=\"height: 13.50pt; width: 121.50pt;\" width=\"162\" height=\"18\">Especificaci\u00f3n<\/td>\n<td style=\"width: 330.00pt;\" width=\"440\">Detalles<\/td>\n<\/tr>\n<tr style=\"height: 13.50pt;\">\n<td style=\"height: 13.50pt;\" height=\"18\">Capacidad<\/td>\n<td>110 ml<\/td>\n<\/tr>\n<tr style=\"height: 13.50pt;\">\n<td style=\"height: 13.50pt;\" height=\"18\">Dimensiones<\/td>\n<td>67\u00d755\u00d772 mm<\/td>\n<\/tr>\n<tr style=\"height: 13.50pt;\">\n<td style=\"height: 13.50pt;\" height=\"18\">Material<\/td>\n<td>Vidrio transparente<\/td>\n<\/tr>\n<tr style=\"height: 13.50pt;\">\n<td style=\"height: 13.50pt;\" height=\"18\">Forma de tarro<\/td>\n<td>Forma de tulip\u00e1n con estr\u00edas verticales y borde festoneado<\/td>\n<\/tr>\n<tr style=\"height: 13.50pt;\">\n<td style=\"height: 13.50pt;\" height=\"18\">Alcance de personalizaci\u00f3n<\/td>\n<td>Color, patr\u00f3n de flauta, tama\u00f1o, dorado, forma<\/td>\n<\/tr>\n<tr style=\"height: 13.50pt;\">\n<td style=\"height: 13.50pt;\" height=\"18\">Artesan\u00eda<\/td>\n<td>Moldeo de vidrio prensado para tulipanes complejos y estr\u00edas<\/td>\n<\/tr>\n<tr style=\"height: 13.50pt;\">\n<td style=\"height: 13.50pt;\" height=\"18\">Prop\u00f3sito del producto<\/td>\n<td>Contenedor para velas decorativas, tarros para velas<\/td>\n<\/tr>\n<tr style=\"height: 13.50pt;\">\n<td style=\"height: 13.50pt;\" height=\"18\">Industrias adecuadas<\/td>\n<td>Marcas de velas de lujo, minoristas de regalos y decoraci\u00f3n del hogar<\/td>\n<\/tr>\n<\/tbody>\n<\/table>\n<h2>Historia de \u00e9xito: La serie de velas en colaboraci\u00f3n con floristas fue un gran \u00e9xito<\/h2>\n<p>Una florister\u00eda online compr\u00f3 nuestros frascos de vidrio con forma de tulip\u00e1n como recipientes \u00fanicos. Por eso, el dise\u00f1o \u00fanico encaj\u00f3 a la perfecci\u00f3n con su imagen de marca y gener\u00f3 un crecimiento del 150 % en las ventas directas online. El vidrio transparente demostr\u00f3 a la perfecci\u00f3n c\u00f3mo se ve\u00eda el color natural de la cera, lo que aument\u00f3 las publicaciones en redes sociales en un 80 %. El rendimiento del producto y los comentarios de los clientes hicieron que la marca estuviera tan satisfecha con su producto que encarg\u00f3 otro lote de 250\u00a0000 frascos de vidrio para complementar las colecciones principales y de temporada.<\/p>\n<h2>Opciones de personalizaci\u00f3n de contenedores para velas<\/h2>\n<ul>\n<li>Colores del vidrio: Proponga tonos suaves como el rosa ruborizado, el verde salvia o el azul cielo para darle un impulso al tema floral.<\/li>\n<li>Variaciones de ranuras: modifique el ancho, la profundidad o el espacio entre las ranuras verticales para obtener apariencias variadas.<\/li>\n<li>Acabados Met\u00e1licos: Abanicos que han sido dorados o decorados con oro, plata o cobre en los bordes.<\/li>\n<li>Base en relieve: Adorne la parte inferior de la lata agregando peque\u00f1os motivos florales en relieve o el logotipo de su empresa.<\/li>\n<\/ul>","protected":false},"excerpt":{"rendered":"<p>Frascos de vidrio estilo tulip\u00e1n para velas con textura acanalada vertical y borde floral, perfectos para velas arom\u00e1ticas y decoraci\u00f3n. Recipientes de primera calidad para velas, directamente de f\u00e1brica.<\/p>","protected":false},"featured_media":5101,"template":"","meta":{"postBodyCss":"","postBodyMargin":[],"postBodyPadding":[],"postBodyBackground":{"backgroundType":"classic","gradient":""}},"product_brand":[],"product_cat":[15,82,17],"product_tag":[],"class_list":{"0":"post-5099","1":"product","2":"type-product","3":"status-publish","4":"has-post-thumbnail","6":"product_cat-glass-containers","7":"product_cat-candle-jars","8":"product_cat-glass-jars","10":"first","11":"instock","12":"shipping-taxable","13":"product-type-simple"},"jetpack_sharing_enabled":true,"_links":{"self":[{"href":"https:\/\/minghanggroup.com\/es\/wp-json\/wp\/v2\/product\/5099","targetHints":{"allow":["GET"]}}],"collection":[{"href":"https:\/\/minghanggroup.com\/es\/wp-json\/wp\/v2\/product"}],"about":[{"href":"https:\/\/minghanggroup.com\/es\/wp-json\/wp\/v2\/types\/product"}],"wp:featuredmedia":[{"embeddable":true,"href":"https:\/\/minghanggroup.com\/es\/wp-json\/wp\/v2\/media\/5101"}],"wp:attachment":[{"href":"https:\/\/minghanggroup.com\/es\/wp-json\/wp\/v2\/media?parent=5099"}],"wp:term":[{"taxonomy":"product_brand","embeddable":true,"href":"https:\/\/minghanggroup.com\/es\/wp-json\/wp\/v2\/product_brand?post=5099"},{"taxonomy":"product_cat","embeddable":true,"href":"https:\/\/minghanggroup.com\/es\/wp-json\/wp\/v2\/product_cat?post=5099"},{"taxonomy":"product_tag","embeddable":true,"href":"https:\/\/minghanggroup.com\/es\/wp-json\/wp\/v2\/product_tag?post=5099"}],"curies":[{"name":"wp","href":"https:\/\/api.w.org\/{rel}","templated":true}]}}