{"id":5082,"date":"2026-01-22T14:34:21","date_gmt":"2026-01-22T06:34:21","guid":{"rendered":"https:\/\/minghanggroup.com\/?post_type=product&#038;p=5082"},"modified":"2026-03-02T15:04:55","modified_gmt":"2026-03-02T07:04:55","slug":"textured-clear-glass-empty-candle-jars-bulk","status":"publish","type":"product","link":"https:\/\/minghanggroup.com\/es\/producto\/textured-clear-glass-empty-candle-jars-bulk\/","title":{"rendered":"Tarros de vela vac\u00edos de vidrio transparente texturizado de 360 \u200b\u200bml a granel"},"content":{"rendered":"<p>Tus frascos de velas vac\u00edos no deber\u00edan quedarse en tu estanter\u00eda, sino convertirse en la estrella de tu decoraci\u00f3n navide\u00f1a. Como especialistas en frascos de velas al por mayor, creamos envases de vidrio que convierten tu l\u00ednea de velas al por mayor en la favorita de tus clientes.<\/p>\n<h2>Caracter\u00edsticas del producto<\/h2>\n<ul>\n<li><strong>Juego de luces con patrones: <\/strong>Los puntos de arroz texturizados dispersan la luz de las velas como polvo de estrellas: una fragancia instant\u00e1nea de lujo para el hogar.<\/li>\n<li><strong>Base de vidrio resistente: <\/strong>Base gruesa que evita que se tambalee sobre mesas de m\u00e1rmol. El recipiente para velas se siente resistente y elegante.<\/li>\n<li><strong>Arte de lienzo en blanco:<\/strong> Tus frascos de velas vac\u00edos se convierten en esculturas de escritorio: sin desperdicio y con m\u00e1ximo estilo.<\/li>\n<\/ul>\n<h2>Especificaciones clave<\/h2>\n<table style=\"border-collapse: collapse; width: 80%; margin-right: auto; margin-left: auto;\" border=\"0\" width=\"288\" cellspacing=\"0\" cellpadding=\"0\">\n<tbody>\n<tr style=\"height: 13.50pt;\">\n<td style=\"height: 13.5pt; width: 54pt; text-align: center;\" width=\"72\" height=\"18\">Tama\u00f1o<\/td>\n<td style=\"width: 54pt; text-align: center;\" width=\"72\">Dimensiones (mm)<\/td>\n<td style=\"width: 54pt; text-align: center;\" width=\"72\">Patrones disponibles<\/td>\n<td style=\"width: 54pt; text-align: center;\" width=\"72\">Color<\/td>\n<\/tr>\n<tr style=\"height: 13.50pt;\">\n<td style=\"height: 13.5pt; text-align: center;\" height=\"18\">360 ml<\/td>\n<td style=\"text-align: center;\">95\u00d795\u00d787<\/td>\n<td style=\"text-align: center;\">Punto de arroz, diamante, vertical, gota de agua<\/td>\n<td style=\"text-align: center;\">Transparente o personalizado<\/td>\n<\/tr>\n<\/tbody>\n<\/table>\n<h2>Caso de \u00e9xito<\/h2>\n<p>Una marca boutique de fragancias para el hogar, especializada en velas artesanales de cera de soja, ha optado por nuestros frascos de vidrio texturizado y los ha modificado a\u00f1adiendo un elegante logotipo en relieve en la base. Los frascos tienen un elegante vidrio de color rosa ahumado y un dise\u00f1o serigrafiado sencillo que armoniza a la perfecci\u00f3n con la historia de su fragancia.<\/p>\n<p>Tras el lanzamiento de la l\u00ednea de productos, la marca experiment\u00f3 un crecimiento del 45 % en las compras recurrentes y una mejora dr\u00e1stica en el atractivo de sus tiendas conceptuales. Por lo tanto, decidieron seguir realizando pedidos al por mayor durante los pr\u00f3ximos trimestres.<\/p>\n<h2>Sus opciones de personalizaci\u00f3n<\/h2>\n<ol>\n<li><strong>Dise\u00f1o de logotipo en relieve\/bajo relieve:<\/strong> Proponemos un toque original de la marca de destilado, un ligero logotipo en relieve en la parte frontal o inferior de la botella que servir\u00e1 como identificaci\u00f3n permanente de la marca.<\/li>\n<li><strong>Opciones de color de vidrio personalizado:<\/strong> Adem\u00e1s del cl\u00e1sico vidrio transparente, tenemos la opci\u00f3n de colores personalizados como gris ahumado, \u00e1mbar, marr\u00f3n claro o cualquier otro tono.<\/li>\n<li><strong>Serigraf\u00eda de patrones y textos:<\/strong> Somos capaces de proporcionar serigraf\u00eda de un solo color o de varios colores para la impresi\u00f3n de nombres de fragancias, esl\u00f3ganes de marca, etc., con el fin de aumentar la visibilidad en los estantes.<\/li>\n<\/ol>","protected":false},"excerpt":{"rendered":"<p>Elegantes tarros para velas a granel con vidrio texturizado. Suministro directo de f\u00e1brica de tarros vac\u00edos para velas, con acabados personalizados, muestras gratuitas y producci\u00f3n al por mayor estable.<\/p>","protected":false},"featured_media":5098,"template":"","meta":{"postBodyCss":"","postBodyMargin":[],"postBodyPadding":[],"postBodyBackground":{"backgroundType":"classic","gradient":""}},"product_brand":[],"product_cat":[15,82,17],"product_tag":[97,96],"class_list":{"0":"post-5082","1":"product","2":"type-product","3":"status-publish","4":"has-post-thumbnail","6":"product_cat-glass-containers","7":"product_cat-candle-jars","8":"product_cat-glass-jars","9":"product_tag-rocks-glass","10":"product_tag-whiskey-tumblers","12":"first","13":"instock","14":"shipping-taxable","15":"product-type-simple"},"jetpack_sharing_enabled":true,"_links":{"self":[{"href":"https:\/\/minghanggroup.com\/es\/wp-json\/wp\/v2\/product\/5082","targetHints":{"allow":["GET"]}}],"collection":[{"href":"https:\/\/minghanggroup.com\/es\/wp-json\/wp\/v2\/product"}],"about":[{"href":"https:\/\/minghanggroup.com\/es\/wp-json\/wp\/v2\/types\/product"}],"wp:featuredmedia":[{"embeddable":true,"href":"https:\/\/minghanggroup.com\/es\/wp-json\/wp\/v2\/media\/5098"}],"wp:attachment":[{"href":"https:\/\/minghanggroup.com\/es\/wp-json\/wp\/v2\/media?parent=5082"}],"wp:term":[{"taxonomy":"product_brand","embeddable":true,"href":"https:\/\/minghanggroup.com\/es\/wp-json\/wp\/v2\/product_brand?post=5082"},{"taxonomy":"product_cat","embeddable":true,"href":"https:\/\/minghanggroup.com\/es\/wp-json\/wp\/v2\/product_cat?post=5082"},{"taxonomy":"product_tag","embeddable":true,"href":"https:\/\/minghanggroup.com\/es\/wp-json\/wp\/v2\/product_tag?post=5082"}],"curies":[{"name":"wp","href":"https:\/\/api.w.org\/{rel}","templated":true}]}}