{"id":5044,"date":"2026-01-21T16:48:11","date_gmt":"2026-01-21T08:48:11","guid":{"rendered":"https:\/\/minghanggroup.com\/?post_type=product&#038;p=5044"},"modified":"2026-01-21T16:59:05","modified_gmt":"2026-01-21T08:59:05","slug":"vertical-stripes-diffuser-bottle-with-sticks-wholesale","status":"publish","type":"product","link":"https:\/\/minghanggroup.com\/es\/producto\/vertical-stripes-diffuser-bottle-with-sticks-wholesale\/","title":{"rendered":"Botella difusora de rayas verticales de 130 ml con varillas (venta al por mayor)"},"content":{"rendered":"<p>Tu difusor con varillas no solo debe contener aroma, sino que tambi\u00e9n debe hacer que la luz se deslice por tu escritorio como seda l\u00edquida. Como especialistas en difusores redondos de vidrio, creamos difusores de varillas de vidrio que convierten tu difusor de aceites esenciales en un tema de conversaci\u00f3n silencioso en cualquier habitaci\u00f3n.<\/p>\n<h2>Caracter\u00edsticas del producto<\/h2>\n<ul>\n<li><strong>Ranuras ligeras y dispersas:<\/strong> Una serie de l\u00edneas verticales reflejan la luz como si fueran diamantes l\u00edquidos: decorar tu espacio vital con fragancia nunca luci\u00f3 tan bien.<\/li>\n<li><strong>Seguridad de cuello redondo:<\/strong> Atornille las ca\u00f1as de rat\u00e1n natural, estable y a prueba de derrames.<\/li>\n<li><strong>Arte de botella vac\u00eda:<\/strong> Convierte tu vaso vac\u00edo en un elemento decorativo de escritorio, consiguiendo cero residuos y un gran estilo al mismo tiempo.<\/li>\n<\/ul>\n<h2>Especificaciones clave<\/h2>\n<table style=\"border-collapse: collapse; width: 80%; margin-left: auto; margin-right: auto;\" border=\"0\" width=\"288\" cellspacing=\"0\" cellpadding=\"0\">\n<tbody>\n<tr style=\"height: 13.50pt;\">\n<td style=\"height: 13.5pt; width: 54pt; text-align: center;\" width=\"72\" height=\"18\">Tama\u00f1o<\/td>\n<td style=\"width: 54pt; text-align: center;\" width=\"72\">Dimensiones (mm)<\/td>\n<td style=\"width: 54pt; text-align: center;\" width=\"72\">Tipo de cuello<\/td>\n<td style=\"width: 54pt; text-align: center;\" width=\"72\">Caracter\u00edstica<\/td>\n<\/tr>\n<tr style=\"height: 13.50pt;\">\n<td style=\"height: 13.5pt; text-align: center;\" height=\"18\">130 ml<\/td>\n<td style=\"text-align: center;\">50 \u00d7 127<\/td>\n<td style=\"text-align: center;\">Tapa de rosca<\/td>\n<td style=\"text-align: center;\">ranuras verticales<\/td>\n<\/tr>\n<\/tbody>\n<\/table>\n<h2>Caso de \u00e9xito<\/h2>\n<p>Una marca de fragancias para el hogar necesitaba un difusor que no solo realzara su l\u00ednea minimalista de fragancias, sino que tambi\u00e9n transmitiera una imagen premium en el punto de venta. En consonancia con el lanzamiento de su nuevo producto, se decidieron por nuestro difusor de vidrio transparente y lo personalizaron con un acabado esmerilado, un elegante logotipo de la marca grabado en el hombro y finos patrones de l\u00edneas serigrafiadas, totalmente acordes con el estilo de la marca.<\/p>\n<p>El dise\u00f1o mejorado de la botella contribuy\u00f3 decisivamente al crecimiento de las ventas de la marca, que se increment\u00f3 un 35 % en tan solo dos meses. La marca, motivada por la favorable respuesta del mercado, mantuvo sus pedidos durante varios trimestres consecutivos.<\/p>\n<h2>Sus opciones de personalizaci\u00f3n<\/h2>\n<ol>\n<li><strong>Dise\u00f1o de logotipo en relieve\/bajo relieve:<\/strong> Coloque un logotipo en relieve apenas perceptible en la parte frontal o inferior de la botella. Esto garantiza la identificaci\u00f3n permanente de la marca sin necesidad de impresi\u00f3n adicional, y es especialmente adecuado para productos est\u00e1ndar de larga duraci\u00f3n.<\/li>\n<li><strong>Opciones de color de vidrio personalizado:<\/strong> Adem\u00e1s del color transparente est\u00e1ndar, las opciones personalizadas incluyen gris ahumado, \u00e1mbar, marr\u00f3n claro o colores suaves Morandi, que se pueden usar para separar diferentes fragancias o l\u00edneas de productos.<\/li>\n<li><strong>Serigraf\u00eda, Impresi\u00f3n de Patrones y Textos:<\/strong> Se admite la serigraf\u00eda en seda de un solo color o de varios colores, por lo que se pueden imprimir nombres de fragancias, esl\u00f3ganes de marca o patrones geom\u00e9tricos, aumentando as\u00ed la visibilidad en el estante sin que se vea afectada la textura de la botella.<\/li>\n<\/ol>","protected":false},"excerpt":{"rendered":"<p>Botella difusora con varillas, forma redonda y rayas verticales. Suministro directo de f\u00e1brica de botellas difusoras de vidrio y personalizaci\u00f3n a granel.<\/p>","protected":false},"featured_media":5048,"template":"","meta":{"postBodyCss":"","postBodyMargin":[],"postBodyPadding":[],"postBodyBackground":{"backgroundType":"classic","gradient":""}},"product_brand":[],"product_cat":[15,16,63],"product_tag":[],"class_list":{"0":"post-5044","1":"product","2":"type-product","3":"status-publish","4":"has-post-thumbnail","6":"product_cat-glass-containers","7":"product_cat-glass-bottles","8":"product_cat-reed-diffuser-bottles","10":"first","11":"instock","12":"shipping-taxable","13":"product-type-simple"},"jetpack_sharing_enabled":true,"_links":{"self":[{"href":"https:\/\/minghanggroup.com\/es\/wp-json\/wp\/v2\/product\/5044","targetHints":{"allow":["GET"]}}],"collection":[{"href":"https:\/\/minghanggroup.com\/es\/wp-json\/wp\/v2\/product"}],"about":[{"href":"https:\/\/minghanggroup.com\/es\/wp-json\/wp\/v2\/types\/product"}],"wp:featuredmedia":[{"embeddable":true,"href":"https:\/\/minghanggroup.com\/es\/wp-json\/wp\/v2\/media\/5048"}],"wp:attachment":[{"href":"https:\/\/minghanggroup.com\/es\/wp-json\/wp\/v2\/media?parent=5044"}],"wp:term":[{"taxonomy":"product_brand","embeddable":true,"href":"https:\/\/minghanggroup.com\/es\/wp-json\/wp\/v2\/product_brand?post=5044"},{"taxonomy":"product_cat","embeddable":true,"href":"https:\/\/minghanggroup.com\/es\/wp-json\/wp\/v2\/product_cat?post=5044"},{"taxonomy":"product_tag","embeddable":true,"href":"https:\/\/minghanggroup.com\/es\/wp-json\/wp\/v2\/product_tag?post=5044"}],"curies":[{"name":"wp","href":"https:\/\/api.w.org\/{rel}","templated":true}]}}