{"id":5020,"date":"2026-01-21T15:53:59","date_gmt":"2026-01-21T07:53:59","guid":{"rendered":"https:\/\/minghanggroup.com\/?post_type=product&#038;p=5020"},"modified":"2026-01-21T15:54:01","modified_gmt":"2026-01-21T07:54:01","slug":"octagonal-ribbed-reed-diffuser-empty-bottles-bulk","status":"publish","type":"product","link":"https:\/\/minghanggroup.com\/es\/producto\/octagonal-ribbed-reed-diffuser-empty-bottles-bulk\/","title":{"rendered":"Difusor de varillas octogonal acanalado de 50 ml, 90 ml y 100 ml, botellas vac\u00edas a granel"},"content":{"rendered":"<p>Las botellas vac\u00edas de tu difusor de varillas no deber\u00edan quedarse vac\u00edas, sino convertirse en un objeto decorativo al terminar. Como especialistas en botellas de aceite para difusores de varillas, fabricamos botellas de vidrio que convierten tu difusor de aceites esenciales en un tema de conversaci\u00f3n silencioso.<\/p>\n<h2>Caracter\u00edsticas del producto<\/h2>\n<ul>\n<li><strong>Juego de luces octogonal: <\/strong>Los bordes afilados dispersan la luz como un vitral: arte instant\u00e1neo para la fragancia de su hogar.<\/li>\n<li><strong>Tornillo, M\u00e1xima Seguridad: <\/strong>Fije las ca\u00f1as de rat\u00e1n natural gir\u00e1ndolas para que no se suelten ni se derramen.<\/li>\n<li><strong>Claridad cristalina:<\/strong> Es posible ver cada gota de aceites esenciales perfumados a trav\u00e9s de un vidrio transparente: no hay filtros turbios.<\/li>\n<\/ul>\n<h2>Especificaciones clave<\/h2>\n<table style=\"border-collapse: collapse; width: 80%; margin-left: auto; margin-right: auto;\" border=\"0\" width=\"288\" cellspacing=\"0\" cellpadding=\"0\">\n<tbody>\n<tr style=\"height: 13.50pt;\">\n<td style=\"height: 13.5pt; width: 54pt; text-align: center;\" width=\"72\" height=\"18\">Tama\u00f1o (ml)<\/td>\n<td style=\"width: 54pt; text-align: center;\" width=\"72\">Dimensiones (mm)<\/td>\n<td style=\"width: 54pt; text-align: center;\" width=\"72\">Tipo de cuello<\/td>\n<td style=\"width: 54pt; text-align: center;\" width=\"72\">Caracter\u00edstica<\/td>\n<\/tr>\n<tr style=\"height: 13.50pt;\">\n<td style=\"height: 13.5pt; text-align: center;\" align=\"right\" height=\"18\">50<\/td>\n<td style=\"text-align: center;\">54 \u00d7 66<\/td>\n<td class=\"et2\" style=\"text-align: center;\" rowspan=\"3\">Tapa de rosca<\/td>\n<td class=\"et2\" style=\"text-align: center;\" rowspan=\"3\">l\u00edneas octogonales<\/td>\n<\/tr>\n<tr style=\"height: 13.50pt;\">\n<td style=\"height: 13.5pt; text-align: center;\" align=\"right\" height=\"18\">90<\/td>\n<td style=\"text-align: center;\">64 \u00d7 77<\/td>\n<\/tr>\n<tr style=\"height: 13.50pt;\">\n<td style=\"height: 13.5pt; text-align: center;\" align=\"right\" height=\"18\">100<\/td>\n<td style=\"text-align: center;\">72 \u00d7 90<\/td>\n<\/tr>\n<\/tbody>\n<\/table>\n<h2>Caso de \u00e9xito<\/h2>\n<p>Una marca de fragancias de lujo para el hogar eligi\u00f3 los frascos difusores de vidrio octogonales, verticales y rayados de nuestra colecci\u00f3n y se apropi\u00f3 de su suave acabado esmerilado con el logotipo de la marca grabado en relieve en la parte frontal. Para realzar a\u00fan m\u00e1s la imagen de la marca, se a\u00f1adieron elegantes estampados serigrafiados a los frascos.<\/p>\n<p>Al usar esta botella difusora personalizada, el atractivo del producto en el estante aument\u00f3 un 35% y los pedidos repetidos de los distribuidores aumentaron un 28%. Continuaron realizando pedidos al por mayor durante los dos trimestres siguientes.<\/p>\n<h2>Sus opciones de personalizaci\u00f3n<\/h2>\n<ol>\n<li><strong>Personalizaci\u00f3n de logotipo en relieve o bajo relieve:<\/strong> Coloque un logotipo de marca en relieve o en bajorrelieve en la superficie plana del cuerpo octogonal de la botella para lograr una apariencia t\u00e1ctil y, visualmente, esto generar\u00eda una sensaci\u00f3n premium y reconocimiento de marca.<\/li>\n<li><strong>Opciones de tratamiento de la superficie de la botella:<\/strong> Opte por un aspecto totalmente esmerilado, parcialmente esmerilado o esmerilado degradado que brindar\u00e1 un juego de luces y sombras con la estructura acanalada vertical; en sentido figurado, esto ser\u00eda ideal para la serie de fragancias naturales, de alta gama o de gama alta.<\/li>\n<li><strong>Personalizaci\u00f3n del color del vidrio:<\/strong> Adem\u00e1s del color transparente claro, las opciones pueden ser gris (ahumado), \u00e1mbar, marr\u00f3n claro o un color espec\u00edfico de marca personalizado que se adapte bien a la marca y al mismo tiempo considere el aspecto funcional de la botella para proteger el aceite de fragancia de la luz.<\/li>\n<\/ol>","protected":false},"excerpt":{"rendered":"<p>Botellas vac\u00edas para difusores de varillas, fabricadas directamente de f\u00e1brica, con nervaduras octogonales y acabado de vidrio transparente. Personalizaci\u00f3n al por mayor disponible para botellas de aceite para difusores de varillas.<\/p>","protected":false},"featured_media":5041,"template":"","meta":{"postBodyCss":"","postBodyMargin":[],"postBodyPadding":[],"postBodyBackground":{"backgroundType":"classic","gradient":""}},"product_brand":[],"product_cat":[15,16,63],"product_tag":[],"class_list":{"0":"post-5020","1":"product","2":"type-product","3":"status-publish","4":"has-post-thumbnail","6":"product_cat-glass-containers","7":"product_cat-glass-bottles","8":"product_cat-reed-diffuser-bottles","10":"first","11":"instock","12":"shipping-taxable","13":"product-type-simple"},"jetpack_sharing_enabled":true,"_links":{"self":[{"href":"https:\/\/minghanggroup.com\/es\/wp-json\/wp\/v2\/product\/5020","targetHints":{"allow":["GET"]}}],"collection":[{"href":"https:\/\/minghanggroup.com\/es\/wp-json\/wp\/v2\/product"}],"about":[{"href":"https:\/\/minghanggroup.com\/es\/wp-json\/wp\/v2\/types\/product"}],"wp:featuredmedia":[{"embeddable":true,"href":"https:\/\/minghanggroup.com\/es\/wp-json\/wp\/v2\/media\/5041"}],"wp:attachment":[{"href":"https:\/\/minghanggroup.com\/es\/wp-json\/wp\/v2\/media?parent=5020"}],"wp:term":[{"taxonomy":"product_brand","embeddable":true,"href":"https:\/\/minghanggroup.com\/es\/wp-json\/wp\/v2\/product_brand?post=5020"},{"taxonomy":"product_cat","embeddable":true,"href":"https:\/\/minghanggroup.com\/es\/wp-json\/wp\/v2\/product_cat?post=5020"},{"taxonomy":"product_tag","embeddable":true,"href":"https:\/\/minghanggroup.com\/es\/wp-json\/wp\/v2\/product_tag?post=5020"}],"curies":[{"name":"wp","href":"https:\/\/api.w.org\/{rel}","templated":true}]}}