{"id":5010,"date":"2026-01-21T14:51:15","date_gmt":"2026-01-21T06:51:15","guid":{"rendered":"https:\/\/minghanggroup.com\/?post_type=product&#038;p=5010"},"modified":"2026-01-21T15:28:37","modified_gmt":"2026-01-21T07:28:37","slug":"clear-diffuser-empty-glass-bottles-wholesale","status":"publish","type":"product","link":"https:\/\/minghanggroup.com\/es\/producto\/clear-diffuser-empty-glass-bottles-wholesale\/","title":{"rendered":"Botellas de vidrio vac\u00edas con difusor transparente de 120 ml al por mayor"},"content":{"rendered":"<p>Esta botella de vidrio vac\u00eda para difusor presenta una silueta muy elegante: la figura de un mel\u00f3n de ocho p\u00e9talos. El cuerpo de la botella est\u00e1 formado por ocho suaves curvas que se extienden desde la base hasta el hombro, lo que le confiere una superficie muy bien esculpida.<\/p>\n<h2>Caracter\u00edsticas del producto<\/h2>\n<ul>\n<li><strong>Forma de mel\u00f3n de ocho p\u00e9talos:<\/strong> Las curvas fluyen en ocho p\u00e9talos que aportan m\u00e1s profundidad a la vista de la botella y la luz se refracta dando una sensaci\u00f3n y apariencia c\u00e1lida y sofisticada.<\/li>\n<li><strong>Dise\u00f1o de boca ancha:<\/strong> El dise\u00f1o de boca ancha facilita el proceso de llenado, adem\u00e1s de aumentar la apertura y el atractivo de la botella.<\/li>\n<li><strong>Capacidad de 120 ml:<\/strong> La capacidad moderada de 120 ml es adecuada para los requisitos de di\u00e1lisis de la mayor\u00eda de salas de estar y dormitorios y ofrece una fragancia duradera.<\/li>\n<\/ul>\n<h2 style=\"text-align: left;\">Especificaciones clave<\/h2>\n<table class=\"aligncenter\" style=\"border-collapse: collapse; width: 435.77pt;\" border=\"0\" width=\"581\" cellspacing=\"0\" cellpadding=\"0\">\n<tbody>\n<tr style=\"height: 13.50pt;\">\n<td style=\"height: 13.50pt; width: 116.25pt;\" width=\"155\" height=\"18\">Especificaci\u00f3n<\/td>\n<td style=\"width: 319.50pt;\" width=\"426\">Detalles<\/td>\n<\/tr>\n<tr style=\"height: 13.50pt;\">\n<td style=\"height: 13.50pt;\" height=\"18\">Capacidad<\/td>\n<td>120 ml<\/td>\n<\/tr>\n<tr style=\"height: 13.50pt;\">\n<td style=\"height: 13.50pt;\" height=\"18\">Dimensiones<\/td>\n<td>67\u00d7101 mm<\/td>\n<\/tr>\n<tr style=\"height: 13.50pt;\">\n<td style=\"height: 13.50pt;\" height=\"18\">Di\u00e1metro interior\/exterior del cuello<\/td>\n<td>18 mm \/ 38 mm<\/td>\n<\/tr>\n<tr style=\"height: 13.50pt;\">\n<td style=\"height: 13.50pt;\" height=\"18\">Material<\/td>\n<td>Vidrio s\u00f3dico-c\u00e1lcico<\/td>\n<\/tr>\n<tr style=\"height: 13.50pt;\">\n<td style=\"height: 13.50pt;\" height=\"18\">Forma de la botella<\/td>\n<td>Costilla de mel\u00f3n de ocho l\u00f3bulos<\/td>\n<\/tr>\n<tr style=\"height: 13.50pt;\">\n<td style=\"height: 13.50pt;\" height=\"18\">Alcance de personalizaci\u00f3n<\/td>\n<td>Color, tama\u00f1o, forma, textura de la superficie<\/td>\n<\/tr>\n<tr style=\"height: 13.50pt;\">\n<td style=\"height: 13.50pt;\" height=\"18\">Artesan\u00eda<\/td>\n<td>Moldeo de vidrio multilobular, conformaci\u00f3n de boca acampanada<\/td>\n<\/tr>\n<tr style=\"height: 13.50pt;\">\n<td style=\"height: 13.50pt;\" height=\"18\">Prop\u00f3sito del producto<\/td>\n<td>Botellas difusoras de vidrio al por mayor, recipientes para aceites arom\u00e1ticos<\/td>\n<\/tr>\n<tr style=\"height: 13.50pt;\">\n<td style=\"height: 13.50pt;\" height=\"18\">Industrias adecuadas<\/td>\n<td>Marcas minimalistas para el hogar, tiendas boutique<\/td>\n<\/tr>\n<\/tbody>\n<\/table>\n<h2>Historia de \u00e9xito: Serie superventas de decoraci\u00f3n n\u00f3rdica para el hogar<\/h2>\n<p>Nuestro difusor de vidrio de 120 ml se convirti\u00f3 en el envase estrella de una marca n\u00f3rdica de decoraci\u00f3n para el hogar. Su filosof\u00eda de est\u00e9tica org\u00e1nica, presente en el 80 % de las rese\u00f1as positivas, se refleja a la perfecci\u00f3n en su forma de mel\u00f3n org\u00e1nico. Su sofisticado dise\u00f1o provoc\u00f3 un aumento del 200 % en las publicaciones en redes sociales. La marca qued\u00f3 muy satisfecha y volvi\u00f3 a encargar las 500\u00a0000 botellas para su colecci\u00f3n permanente y sus nuevas l\u00edneas de productos de temporada.<\/p>\n<h2>Botellas difusoras de vidrio personalizadas al por mayor<\/h2>\n<ul>\n<li>Color y tono del vidrio: Vendr\u00e1 en cuatro colores, que incluyen transparente, gris suave, verde claro y blanco esmerilado.<\/li>\n<li>Variaciones de p\u00e9talos: Puede haber un cambio en el n\u00famero de p\u00e9talos (por ejemplo, seis o diez) o en su profundidad y curvatura.<\/li>\n<li>Decoraciones de vidrio en relieve: Se utiliza un proceso de dos colores en el que el interior de la botella se graba en relieve con vidrio de color.<\/li>\n<li>Base\/fondo en relieve: Coloque un peque\u00f1o logotipo en relieve o un patr\u00f3n de hojas en la parte inferior de la botella.<\/li>\n<\/ul>","protected":false},"excerpt":{"rendered":"<p>Botella vac\u00eda de vidrio transparente con difusor y elegantes nervaduras curvas, ideal para aromaterapia. Suministro al por mayor de botellas de vidrio duraderas con difusor. Directo de f\u00e1brica.<\/p>","protected":false},"featured_media":5019,"template":"","meta":{"postBodyCss":"","postBodyMargin":[],"postBodyPadding":[],"postBodyBackground":{"backgroundType":"classic","gradient":""}},"product_brand":[],"product_cat":[15,16,63],"product_tag":[],"class_list":{"0":"post-5010","1":"product","2":"type-product","3":"status-publish","4":"has-post-thumbnail","6":"product_cat-glass-containers","7":"product_cat-glass-bottles","8":"product_cat-reed-diffuser-bottles","10":"first","11":"instock","12":"shipping-taxable","13":"product-type-simple"},"jetpack_sharing_enabled":true,"_links":{"self":[{"href":"https:\/\/minghanggroup.com\/es\/wp-json\/wp\/v2\/product\/5010","targetHints":{"allow":["GET"]}}],"collection":[{"href":"https:\/\/minghanggroup.com\/es\/wp-json\/wp\/v2\/product"}],"about":[{"href":"https:\/\/minghanggroup.com\/es\/wp-json\/wp\/v2\/types\/product"}],"wp:featuredmedia":[{"embeddable":true,"href":"https:\/\/minghanggroup.com\/es\/wp-json\/wp\/v2\/media\/5019"}],"wp:attachment":[{"href":"https:\/\/minghanggroup.com\/es\/wp-json\/wp\/v2\/media?parent=5010"}],"wp:term":[{"taxonomy":"product_brand","embeddable":true,"href":"https:\/\/minghanggroup.com\/es\/wp-json\/wp\/v2\/product_brand?post=5010"},{"taxonomy":"product_cat","embeddable":true,"href":"https:\/\/minghanggroup.com\/es\/wp-json\/wp\/v2\/product_cat?post=5010"},{"taxonomy":"product_tag","embeddable":true,"href":"https:\/\/minghanggroup.com\/es\/wp-json\/wp\/v2\/product_tag?post=5010"}],"curies":[{"name":"wp","href":"https:\/\/api.w.org\/{rel}","templated":true}]}}