{"id":4980,"date":"2026-01-21T12:00:07","date_gmt":"2026-01-21T04:00:07","guid":{"rendered":"https:\/\/minghanggroup.com\/?post_type=product&#038;p=4980"},"modified":"2026-01-21T13:54:11","modified_gmt":"2026-01-21T05:54:11","slug":"100ml-reed-diffuser-jars-with-faceted-bulk","status":"publish","type":"product","link":"https:\/\/minghanggroup.com\/es\/producto\/100ml-reed-diffuser-jars-with-faceted-bulk\/","title":{"rendered":"Frascos difusores de varillas de 50 ml y 100 ml con facetas a granel"},"content":{"rendered":"<p>Este difusor de varillas tiene forma cil\u00edndrica y un dise\u00f1o de corte de diamante incre\u00edblemente suave. Su cuello roscado est\u00e1ndar garantiza un sellado perfecto.<\/p>\n<h2>Caracter\u00edsticas del producto<\/h2>\n<ul>\n<li><strong>Patr\u00f3n de corte de diamante de cobertura total:<\/strong> El patr\u00f3n peque\u00f1o y suave de corte de diamante brinda un aspecto brillante y tiene la sensaci\u00f3n de un millonario.<\/li>\n<li><strong>Sello roscado preciso:<\/strong> El dise\u00f1o de cuello roscado normal asegura un ajuste muy apretado en el cuello y ayuda a evitar fugas y, al mismo tiempo, puede estar seguro de mostrar su perfume.<\/li>\n<li><strong>Dos tama\u00f1os de pr\u00e1ctica:<\/strong> 50 ml que se puede exhibir en el escritorio y usar como regalo; 100 ml que se pueden usar en casa.<\/li>\n<\/ul>\n<h2 style=\"text-align: left;\">Especificaciones clave<\/h2>\n<table class=\"aligncenter\" style=\"border-collapse: collapse; width: 447.02pt;\" border=\"0\" width=\"596\" cellspacing=\"0\" cellpadding=\"0\">\n<tbody>\n<tr style=\"height: 13.50pt;\">\n<td style=\"height: 13.50pt; width: 116.25pt;\" width=\"155\" height=\"18\">Especificaci\u00f3n<\/td>\n<td style=\"width: 330.75pt;\" width=\"441\">Detalles<\/td>\n<\/tr>\n<tr style=\"height: 13.50pt;\">\n<td style=\"height: 13.50pt;\" height=\"18\">Capacidad<\/td>\n<td>50 ml \/ 100 ml<\/td>\n<\/tr>\n<tr style=\"height: 13.50pt;\">\n<td style=\"height: 13.50pt;\" height=\"18\">Dimensiones<\/td>\n<td>62\u00d749\u00d772 mm \/ 77\u00d761\u00d785 mm<\/td>\n<\/tr>\n<tr style=\"height: 13.50pt;\">\n<td style=\"height: 13.50pt;\" height=\"18\">Di\u00e1metro interior\/exterior del cuello<\/td>\n<td>17 mm \/ 27 mm (ambos)<\/td>\n<\/tr>\n<tr style=\"height: 13.50pt;\">\n<td style=\"height: 13.50pt;\" height=\"18\">Material<\/td>\n<td>Vidrio s\u00f3dico-c\u00e1lcico<\/td>\n<\/tr>\n<tr style=\"height: 13.50pt;\">\n<td style=\"height: 13.50pt;\" height=\"18\">Forma de la botella<\/td>\n<td>Cilindro facetado<\/td>\n<\/tr>\n<tr style=\"height: 13.50pt;\">\n<td style=\"height: 13.50pt;\" height=\"18\">Alcance de personalizaci\u00f3n<\/td>\n<td>Color, tama\u00f1o, glaseado, dorado<\/td>\n<\/tr>\n<tr style=\"height: 13.50pt;\">\n<td style=\"height: 13.50pt;\" height=\"18\">Artesan\u00eda<\/td>\n<td>Prensado de vidrio de precisi\u00f3n, corte de roscas<\/td>\n<\/tr>\n<tr style=\"height: 13.50pt;\">\n<td style=\"height: 13.50pt;\" height=\"18\">Prop\u00f3sito del producto<\/td>\n<td>Frascos difusores de varillas modernos, botellas de aceites arom\u00e1ticos premium<\/td>\n<\/tr>\n<tr style=\"height: 13.50pt;\">\n<td style=\"height: 13.50pt;\" height=\"18\">Industrias adecuadas<\/td>\n<td>Fragancias modernas para el hogar, hospitalidad de lujo<\/td>\n<\/tr>\n<\/tbody>\n<\/table>\n<h2>Estudio de caso<\/h2>\n<p>Un grupo hotelero de lujo de Norteam\u00e9rica contrat\u00f3 nuestras botellas difusoras de varillas de 100 ml para su nueva fragancia personalizada. El dise\u00f1o con corte de diamante fue muy popular entre los hu\u00e9spedes, aunque el 40 % de las ventas de productos para habitaciones correspondieron a personas que deseaban conservarlo en casa. La forma robusta y discreta de la botella elimina por completo el riesgo de vuelcos accidentales. El cuello interior es de 17 mm est\u00e1ndar, por lo que se puede instalar f\u00e1cilmente una boquilla universal. El hotel qued\u00f3 muy satisfecho y, por lo tanto, realiz\u00f3 otro pedido de 450\u00a0000 botellas para todas las suites en los pr\u00f3ximos tres a\u00f1os.<\/p>\n<h2>La personalizaci\u00f3n de los frascos difusores de varillas<\/h2>\n<ul>\n<li>Color y transparencia del vidrio: Viene en transparente, gris suave, negro o \u00e1mbar para darle una apariencia glamorosa.<\/li>\n<li>Variaci\u00f3n del patr\u00f3n de corte: Se puede alterar la profundidad, la geometr\u00eda o el tama\u00f1o del patr\u00f3n de corte del diamante.<\/li>\n<li>Acabado esmerilado: aten\u00faa el brillo con un acabado mate o ligeramente esmerilado para tener una apariencia mate lujosa.<\/li>\n<li>Grabado l\u00e1ser: grabe en superficies cortadas seleccionadas una peque\u00f1a marca o dise\u00f1o.<\/li>\n<\/ul>","protected":false},"excerpt":{"rendered":"<p>Frasco difusor de varillas con textura de vidrio con corte de diamante y cuello de rosca, ideal para aromaterapia de mesa. Botellas difusoras de varillas de 100 ml para una decoraci\u00f3n de lujo. Compra r\u00e1pida.<\/p>","protected":false},"featured_media":5004,"template":"","meta":{"postBodyCss":"","postBodyMargin":[],"postBodyPadding":[],"postBodyBackground":{"backgroundType":"classic","gradient":""}},"product_brand":[],"product_cat":[15,16,63],"product_tag":[],"class_list":{"0":"post-4980","1":"product","2":"type-product","3":"status-publish","4":"has-post-thumbnail","6":"product_cat-glass-containers","7":"product_cat-glass-bottles","8":"product_cat-reed-diffuser-bottles","10":"first","11":"instock","12":"shipping-taxable","13":"product-type-simple"},"jetpack_sharing_enabled":true,"_links":{"self":[{"href":"https:\/\/minghanggroup.com\/es\/wp-json\/wp\/v2\/product\/4980","targetHints":{"allow":["GET"]}}],"collection":[{"href":"https:\/\/minghanggroup.com\/es\/wp-json\/wp\/v2\/product"}],"about":[{"href":"https:\/\/minghanggroup.com\/es\/wp-json\/wp\/v2\/types\/product"}],"wp:featuredmedia":[{"embeddable":true,"href":"https:\/\/minghanggroup.com\/es\/wp-json\/wp\/v2\/media\/5004"}],"wp:attachment":[{"href":"https:\/\/minghanggroup.com\/es\/wp-json\/wp\/v2\/media?parent=4980"}],"wp:term":[{"taxonomy":"product_brand","embeddable":true,"href":"https:\/\/minghanggroup.com\/es\/wp-json\/wp\/v2\/product_brand?post=4980"},{"taxonomy":"product_cat","embeddable":true,"href":"https:\/\/minghanggroup.com\/es\/wp-json\/wp\/v2\/product_cat?post=4980"},{"taxonomy":"product_tag","embeddable":true,"href":"https:\/\/minghanggroup.com\/es\/wp-json\/wp\/v2\/product_tag?post=4980"}],"curies":[{"name":"wp","href":"https:\/\/api.w.org\/{rel}","templated":true}]}}